{"id":3,"date":"2023-03-27T06:14:43","date_gmt":"2023-03-27T06:14:43","guid":{"rendered":"https:\/\/www.perfilstar.com\/?page_id=3"},"modified":"2023-04-13T19:58:43","modified_gmt":"2023-04-13T19:58:43","slug":"politica-privacidad","status":"publish","type":"page","link":"https:\/\/www.perfilstar.com\/fr\/politica-privacidad\/","title":{"rendered":"Politique de confidentialit\u00e9"},"content":{"rendered":"<style>.kb-row-layout-id_d5e202-11 > .kt-row-column-wrap{align-content:center;}:where(.kb-row-layout-id_d5e202-11 > .kt-row-column-wrap) > .wp-block-kadence-column{justify-content:center;}.kb-row-layout-id_d5e202-11 > .kt-row-column-wrap{column-gap:var(--global-kb-gap-md, 2rem);row-gap:var(--global-kb-gap-md, 2rem);max-width:var( --global-content-width, 1290px );padding-left:var(--global-content-edge-padding);padding-right:var(--global-content-edge-padding);padding-top:var(--global-kb-spacing-5xl, 10rem);padding-bottom:var(--global-kb-spacing-xl, 4rem);min-height:200px;grid-template-columns:minmax(0, 1fr);}.kb-row-layout-id_d5e202-11 > .kt-row-layout-overlay{opacity:0.30;background-color:var(--global-palette3, #1A202C);background-image:url('http:\/\/orienthaispa.localhost\/wp-content\/uploads\/2023\/03\/masaje-descontracturante-energizing-esencial-1200.jpg');background-size:cover;background-position:center center;background-attachment:fixed;background-repeat:no-repeat;}@media all and (max-width: 1024px){.kb-row-layout-id_d5e202-11 > .kt-row-column-wrap{grid-template-columns:minmax(0, 1fr);}}@media all and (max-width: 767px){.kb-row-layout-id_d5e202-11 > .kt-row-column-wrap{min-height:400px;grid-template-columns:minmax(0, 1fr);}}<\/style><div class=\"kb-row-layout-wrap kb-row-layout-id_d5e202-11 alignnone has-theme-palette3-background-color kt-row-has-bg wp-block-kadence-rowlayout\"><div class=\"kt-blocks-carousel kb-blocks-bg-slider kt-carousel-container-dotstyle-dark\"><div class=\"kt-blocks-carousel-init kb-blocks-bg-slider-init kt-carousel-arrowstyle-none kt-carousel-dotstyle-dark\" data-slider-anim-speed=\"400\" data-slider-type=\"slider\" data-slider-scroll=\"1\" data-slider-arrows=\"false\" data-slider-fade=\"true\" data-slider-dots=\"true\" data-slider-hover-pause=\"false\" data-slider-auto=\"true\" data-slider-speed=\"7000\"><div class=\"kb-bg-slide-contain\"><div class=\"kb-bg-slide kb-bg-slide-0\" style=\"background-image:url(https:\/\/www.perfilstar.com\/wp-content\/uploads\/2023\/04\/IMG_0225-scaled.jpg); background-size:cover; background-position:center center; background-repeat:no-repeat;\"><\/div><\/div><\/div><\/div><div class=\"kt-row-layout-overlay kt-row-overlay-normal\"><\/div><div class=\"kt-row-column-wrap kt-has-1-columns kt-row-layout-equal kt-tab-layout-inherit kt-mobile-layout-row kt-row-valign-middle kb-theme-content-width\">\n<style>.kadence-column_407840-84 > .kt-inside-inner-col,.kadence-column_407840-84 > .kt-inside-inner-col:before{border-top-left-radius:0px;border-top-right-radius:0px;border-bottom-right-radius:0px;border-bottom-left-radius:0px;}.kadence-column_407840-84 > .kt-inside-inner-col:before{opacity:0.3;}.kadence-column_407840-84{position:relative;}<\/style>\n<div class=\"wp-block-kadence-column kadence-column_407840-84\"><div class=\"kt-inside-inner-col\"><style>.wp-block-kadence-advancedheading.kt-adv-heading_96f30d-87, .wp-block-kadence-advancedheading.kt-adv-heading_96f30d-87[data-kb-block=\"kb-adv-heading_96f30d-87\"]{text-align:center;font-size:var(--global-kb-font-size-xl, 3rem);line-height:1.2;font-style:normal;}.wp-block-kadence-advancedheading.kt-adv-heading_96f30d-87 mark, .wp-block-kadence-advancedheading.kt-adv-heading_96f30d-87[data-kb-block=\"kb-adv-heading_96f30d-87\"] mark{font-style:normal;color:#f76a0c;padding-top:0px;padding-right:0px;padding-bottom:0px;padding-left:0px;}@media all and (max-width: 767px){.wp-block-kadence-advancedheading.kt-adv-heading_96f30d-87, .wp-block-kadence-advancedheading.kt-adv-heading_96f30d-87[data-kb-block=\"kb-adv-heading_96f30d-87\"]{font-size:var(--global-kb-font-size-lg, 2rem);}}<\/style>\n<h1 class=\"kt-adv-heading_96f30d-87 wp-block-kadence-advancedheading has-theme-palette-9-color has-text-color\" data-kb-block=\"kb-adv-heading_96f30d-87\">Politique de confidentialit\u00e9<\/h1>\n<\/div><\/div>\n\n<\/div><\/div>\n\n<style>.kb-row-layout-id_ec4070-42 > .kt-row-column-wrap{align-content:start;}:where(.kb-row-layout-id_ec4070-42 > .kt-row-column-wrap) > .wp-block-kadence-column{justify-content:start;}.kb-row-layout-id_ec4070-42 > .kt-row-column-wrap{column-gap:var(--global-kb-gap-md, 2rem);row-gap:var(--global-kb-gap-md, 2rem);max-width:800px;margin-left:auto;margin-right:auto;padding-top:var(--global-kb-spacing-sm, 1.5rem);padding-bottom:var(--global-kb-spacing-xl, 4rem);grid-template-columns:minmax(0, 1fr);}.kb-row-layout-id_ec4070-42 > .kt-row-layout-overlay{opacity:0.30;}@media all and (max-width: 1024px){.kb-row-layout-id_ec4070-42 > .kt-row-column-wrap{grid-template-columns:minmax(0, 1fr);}}@media all and (max-width: 767px){.kb-row-layout-id_ec4070-42 > .kt-row-column-wrap{grid-template-columns:minmax(0, 1fr);}}<\/style><div class=\"kb-row-layout-wrap kb-row-layout-id_ec4070-42 alignnone wp-block-kadence-rowlayout\"><div class=\"kt-row-column-wrap kt-has-1-columns kt-row-layout-equal kt-tab-layout-inherit kt-mobile-layout-row kt-row-valign-top\">\n<style>.kadence-column_924f28-1d > .kt-inside-inner-col,.kadence-column_924f28-1d > .kt-inside-inner-col:before{border-top-left-radius:0px;border-top-right-radius:0px;border-bottom-right-radius:0px;border-bottom-left-radius:0px;}.kadence-column_924f28-1d > .kt-inside-inner-col:before{opacity:0.3;}.kadence-column_924f28-1d{position:relative;}<\/style>\n<div class=\"wp-block-kadence-column kadence-column_924f28-1d\"><div class=\"kt-inside-inner-col\">\n<p>LE PROPRI\u00c9TAIRE s&#039;engage \u00e0 prot\u00e9ger la vie priv\u00e9e des utilisateurs qui acc\u00e8dent \u00e0 ce site web et\/ou de ses services. L&#039;utilisation du site et\/ou les services offerts par LE PROPRI\u00c9TAIRE implique l&#039;acceptation par l&#039;utilisateur des dispositions contenues dans la pr\u00e9sente Politique de Confidentialit\u00e9 et que vos donn\u00e9es personnelles sont trait\u00e9es comme stipul\u00e9es. S&#039;il vous pla\u00eet, gardez \u00e0 l&#039;esprit que, malgr\u00e9 le fait qu&#039;il peut y avoir des liens \u00e0 partir de notre site vers d&#039;autres sites internet et les r\u00e9seaux sociaux, cette Politique de Confidentialit\u00e9 ne s&#039;applique pas aux sites web d&#039;autres entreprises ou organismes pour lesquels le site est redirig\u00e9. LE PROPRI\u00c9TAIRE ne contr\u00f4le pas le contenu des sites tiers, ni n&#039;accepte aucune responsabilit\u00e9 pour le contenu ou les politiques de confidentialit\u00e9 de ces sites web.<\/p>\n\n\n\n<p><strong>Des informations de base sur le traitement des donn\u00e9es (R\u00e8glement (UE) 2016\/679 et CE 3\/2018)<\/strong><\/p>\n\n\n\n<figure class=\"wp-block-table\"><table><tbody><tr><td>Responsable pour le traitement<\/td><td>LE TITULAIRE.<br>Nos donn\u00e9es sont contenues dans la&nbsp;<a href=\"https:\/\/www.giroverd.com\/aviso-legal\/\">avis juridique<\/a>&nbsp;de ce site web.<\/td><\/tr><tr><td>Le but du traitement<\/td><td>Proposer et g\u00e9rer nos produits et\/ou services.<\/td><\/tr><tr><td>L\u00e9gitimation<\/td><td>Obtenu le consentement de la partie int\u00e9ress\u00e9e. L&#039;ex\u00e9cution du contrat de service.<\/td><\/tr><tr><td>Destinataires<\/td><td>Les donn\u00e9es ne seront pas communiqu\u00e9es \u00e0 des tiers, sauf si requis par la Loi ou est n\u00e9cessaire pour atteindre la finalit\u00e9 du traitement.<\/td><\/tr><tr><td>Droits des personnes<\/td><td>Les parties int\u00e9ress\u00e9es ont le droit d&#039;exercer les droits d&#039;acc\u00e8s, de rectification, de limitation de traitement, de suppression, de portabilit\u00e9 et d&#039;opposition en envoyant votre demande \u00e0 notre adresse.<\/td><\/tr><tr><td>Dur\u00e9e de conservation des donn\u00e9es<\/td><td>Aussi longtemps que la relation commerciale ou pendant les ann\u00e9es n\u00e9cessaires pour se conformer \u00e0 des obligations l\u00e9gales.<\/td><\/tr><tr><td>Demande<\/td><td>Les parties int\u00e9ress\u00e9es peuvent contacter l&#039;AEPD pr\u00e9senter la r\u00e9clamation qui vous semble appropri\u00e9e.<\/td><\/tr><tr><td>Des informations suppl\u00e9mentaires<\/td><td>Vous pouvez consulter suppl\u00e9mentaires et des informations d\u00e9taill\u00e9es ci-dessous dans la partie \u201cQuestions sur la vie priv\u00e9e\u201d.<\/td><\/tr><\/tbody><\/table><\/figure>\n\n\n\n<p><strong>Questions sur la vie priv\u00e9e<\/strong><\/p>\n\n\n\n<p>En conformit\u00e9 avec le R\u00e8glement (UE) 2016\/679 du Parlement Europ\u00e9en et du Conseil, du 27 avril 2016, (RGPD), et la Loi Organique 3\/2018, du 5 d\u00e9cembre, sur la Protection des Donn\u00e9es Personnelles et de garantie des droits num\u00e9riques (LOPDGDD nous vous proposons les informations suivantes concernant le traitement de vos donn\u00e9es personnelles:<\/p>\n\n\n\n<p><strong>Qui est le responsable du traitement de vos donn\u00e9es?<\/strong><\/p>\n\n\n\n<p>LE TITULAIRE.<br>Nos donn\u00e9es sont contenues dans la&nbsp;<a href=\"https:\/\/www.giroverd.com\/aviso-legal\/\">avis juridique<\/a>&nbsp;de ce site web.<\/p>\n\n\n\n<p>Ce but nous traitons vos donn\u00e9es personnelles?<\/p>\n\n\n\n<ul class=\"wp-block-list\">\n<li>Nous traitons les informations que vous nous fournissez afin de fournir et de facturer nos services et nos produits.<\/li>\n<\/ul>\n\n\n\n<ul class=\"wp-block-list\">\n<li>Si vous nous donnez votre consentement, nous pouvons \u00e9galement traiter vos donn\u00e9es pour vous envoyer des informations sur nos activit\u00e9s, de services et de produits.<\/li>\n<\/ul>\n\n\n\n<ul class=\"wp-block-list\">\n<li>Si vous participez \u00e0 un de nos concours et\/ou \u00e0 un concours, nous allons publier votre nom et votre pr\u00e9nom, et votre image, dans les diff\u00e9rents espaces et les moyens de communication et de diffusion que nous utilisons, y compris les r\u00e9seaux sociaux, dans le but de promouvoir nos activit\u00e9s, de services et de produits.<\/li>\n<\/ul>\n\n\n\n<p><strong>Combien de temps conservons-nous vos donn\u00e9es?<\/strong><\/p>\n\n\n\n<p>Les donn\u00e9es personnelles fournies seront conserv\u00e9es pendant que vous \u00eates un utilisateur de nos services ou souhaitez recevoir des informations, et si vous participez \u00e0 une promotion alors que vous \u00eates actif, et puis, pendant les p\u00e9riodes \u00e9tablies pour respecter nos obligations l\u00e9gales.<\/p>\n\n\n\n<p><strong>Qu&#039;est-ce que la l\u00e9gitimation de l&#039;intervention pour le traitement de vos donn\u00e9es?<\/strong><\/p>\n\n\n\n<p>La base juridique pour le traitement de vos donn\u00e9es sont les consentements que vous nous donnez.<\/p>\n\n\n\n<p>\u00c0 l&#039;\u00e9gard des informations qui sont envoy\u00e9es par les enfants sous l&#039;\u00e2ge de 16 ans, on aura compris que ce qui a \u00e9t\u00e9, avec le consentement de leurs repr\u00e9sentants l\u00e9gaux. Si pas, le repr\u00e9sentant l\u00e9gal d&#039;un mineur doit nous en avertir d\u00e8s qu&#039;elle en a connaissance.<\/p>\n\n\n\n<p><strong>Ce que les b\u00e9n\u00e9ficiaires de communiquer vos donn\u00e9es?<\/strong><\/p>\n\n\n\n<p>Les donn\u00e9es ne seront pas communiqu\u00e9es \u00e0 des tiers, sauf si requis par la Loi ou est n\u00e9cessaire pour atteindre la finalit\u00e9 du traitement.<\/p>\n\n\n\n<p><strong>Quels sont vos droits lorsque vous nous fournissez vos donn\u00e9es?<\/strong><\/p>\n\n\n\n<ul class=\"wp-block-list\">\n<li>Toute personne a le droit d&#039;obtenir la confirmation au sujet de savoir si nous essayons de ou pas leurs donn\u00e9es personnelles.<\/li>\n<\/ul>\n\n\n\n<ul class=\"wp-block-list\">\n<li>Les parties int\u00e9ress\u00e9es ont le droit d&#039;acc\u00e9der \u00e0 leurs donn\u00e9es personnelles, ainsi que de demander la rectification des donn\u00e9es inexactes ou, le cas \u00e9ch\u00e9ant, demander leur suppression, lorsque, parmi d&#039;autres raisons, les donn\u00e9es ne sont plus n\u00e9cessaires aux fins pour lesquelles elles ont \u00e9t\u00e9 collect\u00e9es.<\/li>\n<\/ul>\n\n\n\n<ul class=\"wp-block-list\">\n<li>Dans certaines circonstances, les parties int\u00e9ress\u00e9es peuvent demander la limitation du traitement de leurs donn\u00e9es, dans ce cas seulement de la conserver pour l&#039;exercice ou la d\u00e9fense des revendications.<\/li>\n<\/ul>\n\n\n\n<ul class=\"wp-block-list\">\n<li>Aussi, dans certaines circonstances et pour des raisons li\u00e9es \u00e0 votre situation particuli\u00e8re, les parties int\u00e9ress\u00e9es peuvent s&#039;opposer au traitement de leurs donn\u00e9es.<\/li>\n<\/ul>\n\n\n\n<ul class=\"wp-block-list\">\n<li>Les parties int\u00e9ress\u00e9es ont \u00e9galement le droit \u00e0 la portabilit\u00e9 de vos donn\u00e9es.<\/li>\n<\/ul>\n\n\n\n<ul class=\"wp-block-list\">\n<li>Enfin, les parties int\u00e9ress\u00e9es ont le droit de d\u00e9poser une plainte aupr\u00e8s de l&#039;Autorit\u00e9 de surveillance comp\u00e9tente.<\/li>\n<\/ul>\n\n\n\n<p><strong>Comment pouvez-vous exercer vos droits?<\/strong><\/p>\n\n\n\n<p>En \u00e9crivant et en joignant une copie d&#039;un document qui vous identifie, \u00e0 notre adresse physique ou \u00e9lectronique.<\/p>\n\n\n\n<p><strong>Comment avons-nous obtenu vos donn\u00e9es?<\/strong><\/p>\n\n\n\n<p>Les donn\u00e9es personnelles que nous proviennent de la partie int\u00e9ress\u00e9e. L&#039;int\u00e9ress\u00e9 garantit que les donn\u00e9es personnelles fournies sont vraies et est responsable de la communication de toute modification de ceux-ci. Les donn\u00e9es sont marqu\u00e9s d&#039;un ast\u00e9risque sont obligatoires pour \u00eatre en mesure de donner le service demand\u00e9.<\/p>\n\n\n\n<p><strong>Quelles sont les donn\u00e9es que nous traitons?<\/strong><\/p>\n\n\n\n<p>Les cat\u00e9gories de donn\u00e9es que nous traitons dans la prestation de nos services sont les suivants:<\/p>\n\n\n\n<ul class=\"wp-block-list\">\n<li>Les donn\u00e9es de caract\u00e8res d&#039;identification<\/li>\n<\/ul>\n\n\n\n<ul class=\"wp-block-list\">\n<li>Adresses postale et \u00e9lectronique<\/li>\n<\/ul>\n\n\n\n<ul class=\"wp-block-list\">\n<li>D&#039;autres donn\u00e9es demand\u00e9es dans l&#039;un de nos formulaires<\/li>\n<\/ul>\n\n\n\n<p>Les donn\u00e9es sont limit\u00e9es, \u00e9tant donn\u00e9 que seulement de traiter les donn\u00e9es n\u00e9cessaires \u00e0 la prestation de nos services et la gestion de notre activit\u00e9.<\/p>\n\n\n\n<p><strong>Utilisons-nous des cookies?<\/strong><\/p>\n\n\n\n<p>Nous utilisons des cookies lors de la navigation dans notre site web, avec le consentement \u00e9clair\u00e9 de l&#039;utilisateur. L&#039;utilisateur peut configurer son navigateur pour \u00eatre averti de l&#039;utilisation de cookies et pour emp\u00eacher leur utilisation. Pour plus d&#039;informations, visitez notre&nbsp;<a href=\"https:\/\/www.giroverd.com\/politica-de-cookies\/\">politique en mati\u00e8re de cookies<\/a>.<\/p>\n\n\n\n<p><strong>Des mesures de s\u00e9curit\u00e9 que pouvons-nous appliquer?<\/strong><\/p>\n\n\n\n<p>Nous appliquons des mesures de s\u00e9curit\u00e9 \u00e9tablies dans l&#039;article 32 de la RGPD, par cons\u00e9quent, nous avons adopt\u00e9 les mesures de s\u00e9curit\u00e9 n\u00e9cessaires pour assurer un niveau de s\u00e9curit\u00e9 adapt\u00e9 au risque du traitement des donn\u00e9es, nous effectuons, avec des m\u00e9canismes qui nous permettent d&#039;assurer la confidentialit\u00e9, l&#039;int\u00e9grit\u00e9, la disponibilit\u00e9 et la r\u00e9silience des syst\u00e8mes permanents et des services de traitement.<\/p>\n\n\n\n<p>Certaines de ces mesures sont les suivantes:<\/p>\n\n\n\n<ul class=\"wp-block-list\">\n<li>Politique d&#039;Information traitement de donn\u00e9es du personnel.<\/li>\n<\/ul>\n\n\n\n<ul class=\"wp-block-list\">\n<li>Les sauvegardes r\u00e9guli\u00e8res.<\/li>\n<\/ul>\n\n\n\n<ul class=\"wp-block-list\">\n<li>Contr\u00f4ler l&#039;acc\u00e8s aux donn\u00e9es.<\/li>\n<\/ul>\n\n\n\n<ul class=\"wp-block-list\">\n<li>Les processus de v\u00e9rification, de l&#039;\u00e9valuation et de l&#039;\u00e9valuation sur une base r\u00e9guli\u00e8re.<\/li>\n<\/ul>\n<\/div><\/div>\n\n<\/div><\/div>","protected":false},"excerpt":{"rendered":"<p>Pol\u00edtica de privacidad EL TITULAR se compromete a proteger la privacidad de los usuarios que accedan a esta web y\/o cualquiera de sus servicios. La utilizaci\u00f3n de la web y\/o de cualquiera de los servicios ofrecidos por EL TITULAR implica la aceptaci\u00f3n por el usuario de las disposiciones contenidas en la presente Pol\u00edtica de Privacidad&#8230;<\/p>","protected":false},"author":1,"featured_media":0,"parent":0,"menu_order":13,"comment_status":"closed","ping_status":"closed","template":"","meta":{"_kad_blocks_custom_css":"","_kad_blocks_head_custom_js":"","_kad_blocks_body_custom_js":"","_kad_blocks_footer_custom_js":"","_kad_post_transparent":"","_kad_post_title":"","_kad_post_layout":"","_kad_post_sidebar_id":"","_kad_post_content_style":"","_kad_post_vertical_padding":"","_kad_post_feature":"","_kad_post_feature_position":"","_kad_post_header":false,"_kad_post_footer":false,"footnotes":""},"class_list":["post-3","page","type-page","status-publish","hentry"],"yoast_head":"<!-- This site is optimized with the Yoast SEO plugin v21.2 - https:\/\/yoast.com\/wordpress\/plugins\/seo\/ -->\n<title>Pol\u00edtica de privacidad - Perfilstar<\/title>\n<meta name=\"robots\" content=\"index, follow, max-snippet:-1, max-image-preview:large, max-video-preview:-1\" \/>\n<link rel=\"canonical\" href=\"https:\/\/www.perfilstar.com\/fr\/politica-privacidad\/\" \/>\n<meta property=\"og:locale\" content=\"fr_FR\" \/>\n<meta property=\"og:type\" content=\"article\" \/>\n<meta property=\"og:title\" content=\"Pol\u00edtica de privacidad - Perfilstar\" \/>\n<meta property=\"og:description\" content=\"Pol\u00edtica de privacidad EL TITULAR se compromete a proteger la privacidad de los usuarios que accedan a esta web y\/o cualquiera de sus servicios. La utilizaci\u00f3n de la web y\/o de cualquiera de los servicios ofrecidos por EL TITULAR implica la aceptaci\u00f3n por el usuario de las disposiciones contenidas en la presente Pol\u00edtica de Privacidad...\" \/>\n<meta property=\"og:url\" content=\"https:\/\/www.perfilstar.com\/fr\/politica-privacidad\/\" \/>\n<meta property=\"og:site_name\" content=\"Perfilstar\" \/>\n<meta property=\"article:modified_time\" content=\"2023-04-13T19:58:43+00:00\" \/>\n<meta name=\"twitter:card\" content=\"summary_large_image\" \/>\n<meta name=\"twitter:label1\" content=\"Dur\u00e9e de lecture estim\u00e9e\" \/>\n\t<meta name=\"twitter:data1\" content=\"5 minutes\" \/>\n<script type=\"application\/ld+json\" class=\"yoast-schema-graph\">{\"@context\":\"https:\/\/schema.org\",\"@graph\":[{\"@type\":\"WebPage\",\"@id\":\"https:\/\/www.perfilstar.com\/politica-privacidad\/\",\"url\":\"https:\/\/www.perfilstar.com\/politica-privacidad\/\",\"name\":\"Pol\u00edtica de privacidad - Perfilstar\",\"isPartOf\":{\"@id\":\"https:\/\/www.perfilstar.com\/#website\"},\"datePublished\":\"2023-03-27T06:14:43+00:00\",\"dateModified\":\"2023-04-13T19:58:43+00:00\",\"breadcrumb\":{\"@id\":\"https:\/\/www.perfilstar.com\/politica-privacidad\/#breadcrumb\"},\"inLanguage\":\"fr-FR\",\"potentialAction\":[{\"@type\":\"ReadAction\",\"target\":[\"https:\/\/www.perfilstar.com\/politica-privacidad\/\"]}]},{\"@type\":\"BreadcrumbList\",\"@id\":\"https:\/\/www.perfilstar.com\/politica-privacidad\/#breadcrumb\",\"itemListElement\":[{\"@type\":\"ListItem\",\"position\":1,\"name\":\"Portada\",\"item\":\"https:\/\/www.perfilstar.com\/\"},{\"@type\":\"ListItem\",\"position\":2,\"name\":\"Pol\u00edtica de privacidad\"}]},{\"@type\":\"WebSite\",\"@id\":\"https:\/\/www.perfilstar.com\/#website\",\"url\":\"https:\/\/www.perfilstar.com\/\",\"name\":\"Perfilstar\",\"description\":\"Fabricante de rodapi\u00e9s y juntas de mdf para tarimas de madera, laminadas y vin\u00edlicas de lvt. Rodapi\u00e9 y perfiles de uni\u00f3n para parquet.\",\"publisher\":{\"@id\":\"https:\/\/www.perfilstar.com\/#organization\"},\"potentialAction\":[{\"@type\":\"SearchAction\",\"target\":{\"@type\":\"EntryPoint\",\"urlTemplate\":\"https:\/\/www.perfilstar.com\/?s={search_term_string}\"},\"query-input\":\"required name=search_term_string\"}],\"inLanguage\":\"fr-FR\"},{\"@type\":\"Organization\",\"@id\":\"https:\/\/www.perfilstar.com\/#organization\",\"name\":\"Perfilstar\",\"url\":\"https:\/\/www.perfilstar.com\/\",\"logo\":{\"@type\":\"ImageObject\",\"inLanguage\":\"fr-FR\",\"@id\":\"https:\/\/www.perfilstar.com\/#\/schema\/logo\/image\/\",\"url\":\"https:\/\/www.perfilstar.com\/wp-content\/uploads\/2023\/04\/logo.png\",\"contentUrl\":\"https:\/\/www.perfilstar.com\/wp-content\/uploads\/2023\/04\/logo.png\",\"width\":223,\"height\":28,\"caption\":\"Perfilstar\"},\"image\":{\"@id\":\"https:\/\/www.perfilstar.com\/#\/schema\/logo\/image\/\"}}]}<\/script>\n<!-- \/ Yoast SEO plugin. -->","yoast_head_json":{"title":"Pol\u00edtica de privacidad - Perfilstar","robots":{"index":"index","follow":"follow","max-snippet":"max-snippet:-1","max-image-preview":"max-image-preview:large","max-video-preview":"max-video-preview:-1"},"canonical":"https:\/\/www.perfilstar.com\/fr\/politica-privacidad\/","og_locale":"fr_FR","og_type":"article","og_title":"Pol\u00edtica de privacidad - Perfilstar","og_description":"Pol\u00edtica de privacidad EL TITULAR se compromete a proteger la privacidad de los usuarios que accedan a esta web y\/o cualquiera de sus servicios. La utilizaci\u00f3n de la web y\/o de cualquiera de los servicios ofrecidos por EL TITULAR implica la aceptaci\u00f3n por el usuario de las disposiciones contenidas en la presente Pol\u00edtica de Privacidad...","og_url":"https:\/\/www.perfilstar.com\/fr\/politica-privacidad\/","og_site_name":"Perfilstar","article_modified_time":"2023-04-13T19:58:43+00:00","twitter_card":"summary_large_image","twitter_misc":{"Dur\u00e9e de lecture estim\u00e9e":"5 minutes"},"schema":{"@context":"https:\/\/schema.org","@graph":[{"@type":"WebPage","@id":"https:\/\/www.perfilstar.com\/politica-privacidad\/","url":"https:\/\/www.perfilstar.com\/politica-privacidad\/","name":"Pol\u00edtica de privacidad - Perfilstar","isPartOf":{"@id":"https:\/\/www.perfilstar.com\/#website"},"datePublished":"2023-03-27T06:14:43+00:00","dateModified":"2023-04-13T19:58:43+00:00","breadcrumb":{"@id":"https:\/\/www.perfilstar.com\/politica-privacidad\/#breadcrumb"},"inLanguage":"fr-FR","potentialAction":[{"@type":"ReadAction","target":["https:\/\/www.perfilstar.com\/politica-privacidad\/"]}]},{"@type":"BreadcrumbList","@id":"https:\/\/www.perfilstar.com\/politica-privacidad\/#breadcrumb","itemListElement":[{"@type":"ListItem","position":1,"name":"Portada","item":"https:\/\/www.perfilstar.com\/"},{"@type":"ListItem","position":2,"name":"Pol\u00edtica de privacidad"}]},{"@type":"WebSite","@id":"https:\/\/www.perfilstar.com\/#website","url":"https:\/\/www.perfilstar.com\/","name":"Perfilstar","description":"Fabricante de rodapi\u00e9s y juntas de mdf para tarimas de madera, laminadas y vin\u00edlicas de lvt. Rodapi\u00e9 y perfiles de uni\u00f3n para parquet.","publisher":{"@id":"https:\/\/www.perfilstar.com\/#organization"},"potentialAction":[{"@type":"SearchAction","target":{"@type":"EntryPoint","urlTemplate":"https:\/\/www.perfilstar.com\/?s={search_term_string}"},"query-input":"required name=search_term_string"}],"inLanguage":"fr-FR"},{"@type":"Organization","@id":"https:\/\/www.perfilstar.com\/#organization","name":"Perfilstar","url":"https:\/\/www.perfilstar.com\/","logo":{"@type":"ImageObject","inLanguage":"fr-FR","@id":"https:\/\/www.perfilstar.com\/#\/schema\/logo\/image\/","url":"https:\/\/www.perfilstar.com\/wp-content\/uploads\/2023\/04\/logo.png","contentUrl":"https:\/\/www.perfilstar.com\/wp-content\/uploads\/2023\/04\/logo.png","width":223,"height":28,"caption":"Perfilstar"},"image":{"@id":"https:\/\/www.perfilstar.com\/#\/schema\/logo\/image\/"}}]}},"featured_image_src_large":false,"author_info":{"display_name":"eloi","author_link":"https:\/\/www.perfilstar.com\/fr\/author\/eloi\/"},"comment_info":0,"taxonomy_info":[],"_links":{"self":[{"href":"https:\/\/www.perfilstar.com\/fr\/wp-json\/wp\/v2\/pages\/3","targetHints":{"allow":["GET"]}}],"collection":[{"href":"https:\/\/www.perfilstar.com\/fr\/wp-json\/wp\/v2\/pages"}],"about":[{"href":"https:\/\/www.perfilstar.com\/fr\/wp-json\/wp\/v2\/types\/page"}],"author":[{"embeddable":true,"href":"https:\/\/www.perfilstar.com\/fr\/wp-json\/wp\/v2\/users\/1"}],"replies":[{"embeddable":true,"href":"https:\/\/www.perfilstar.com\/fr\/wp-json\/wp\/v2\/comments?post=3"}],"version-history":[{"count":0,"href":"https:\/\/www.perfilstar.com\/fr\/wp-json\/wp\/v2\/pages\/3\/revisions"}],"wp:attachment":[{"href":"https:\/\/www.perfilstar.com\/fr\/wp-json\/wp\/v2\/media?parent=3"}],"curies":[{"name":"wp","href":"https:\/\/api.w.org\/{rel}","templated":true}]}}