{"id":1188,"date":"2023-08-29T07:32:20","date_gmt":"2023-08-29T07:32:20","guid":{"rendered":"https:\/\/www.perfilstar.com\/?page_id=1188"},"modified":"2023-12-28T10:32:54","modified_gmt":"2023-12-28T10:32:54","slug":"fabrica-de-rodapies-barcelona","status":"publish","type":"page","link":"https:\/\/www.perfilstar.com\/fr\/fabrica-de-rodapies-barcelona\/","title":{"rendered":"F\u00e1brica de rodapi\u00e9s Barcelona"},"content":{"rendered":"<style>.kb-row-layout-id1188_d336a2-72 > .kt-row-column-wrap{align-content:start;}:where(.kb-row-layout-id1188_d336a2-72 > .kt-row-column-wrap) > .wp-block-kadence-column{justify-content:start;}.kb-row-layout-id1188_d336a2-72 > .kt-row-column-wrap{column-gap:var(--global-kb-gap-md, 2rem);row-gap:var(--global-kb-gap-md, 2rem);padding-top:var(--global-kb-spacing-md, 2rem);padding-right:var(--global-kb-spacing-4xl, 8rem);padding-bottom:var(--global-kb-spacing-md, 2rem);padding-left:var(--global-kb-spacing-5xl, 10rem);grid-template-columns:minmax(0, 1fr);}.kb-row-layout-id1188_d336a2-72 > .kt-row-layout-overlay{opacity:0.30;}@media all and (max-width: 1024px){.kb-row-layout-id1188_d336a2-72 > .kt-row-column-wrap{grid-template-columns:minmax(0, 1fr);}}@media all and (max-width: 767px){.kb-row-layout-id1188_d336a2-72 > .kt-row-column-wrap{grid-template-columns:minmax(0, 1fr);}}<\/style><div class=\"kb-row-layout-wrap kb-row-layout-id1188_d336a2-72 alignnone wp-block-kadence-rowlayout\"><div class=\"kt-row-column-wrap kt-has-1-columns kt-row-layout-equal kt-tab-layout-inherit kt-mobile-layout-row kt-row-valign-top\">\n<style>.kadence-column1188_961a4c-57 > .kt-inside-inner-col,.kadence-column1188_961a4c-57 > .kt-inside-inner-col:before{border-top-left-radius:0px;border-top-right-radius:0px;border-bottom-right-radius:0px;border-bottom-left-radius:0px;}.kadence-column1188_961a4c-57 > .kt-inside-inner-col:before{opacity:0.3;}.kadence-column1188_961a4c-57{position:relative;}<\/style>\n<div class=\"wp-block-kadence-column kadence-column1188_961a4c-57\"><div class=\"kt-inside-inner-col\"><style>.wp-block-kadence-advancedheading.kt-adv-heading1188_8bd402-f2, .wp-block-kadence-advancedheading.kt-adv-heading1188_8bd402-f2[data-kb-block=\"kb-adv-heading1188_8bd402-f2\"]{font-style:normal;}.wp-block-kadence-advancedheading.kt-adv-heading1188_8bd402-f2 mark, .wp-block-kadence-advancedheading.kt-adv-heading1188_8bd402-f2[data-kb-block=\"kb-adv-heading1188_8bd402-f2\"] mark{font-style:normal;color:#f76a0c;padding-top:0px;padding-right:0px;padding-bottom:0px;padding-left:0px;}<\/style>\n<h1 class=\"kt-adv-heading1188_8bd402-f2 wp-block-kadence-advancedheading\" data-kb-block=\"kb-adv-heading1188_8bd402-f2\">F\u00e1brica de rodapi\u00e9s Barcelona<\/h1>\n<\/div><\/div>\n\n<\/div><\/div>\n\n<style>.kb-row-layout-id1188_fb3a81-89 > .kt-row-column-wrap{align-content:start;}:where(.kb-row-layout-id1188_fb3a81-89 > .kt-row-column-wrap) > .wp-block-kadence-column{justify-content:start;}.kb-row-layout-id1188_fb3a81-89 > .kt-row-column-wrap{column-gap:var(--global-kb-gap-md, 2rem);row-gap:var(--global-kb-gap-md, 2rem);padding-top:var(--global-kb-spacing-sm, 1.5rem);padding-right:var(--global-kb-spacing-5xl, 10rem);padding-bottom:var(--global-kb-spacing-md, 2rem);padding-left:var(--global-kb-spacing-5xl, 10rem);grid-template-columns:repeat(2, minmax(0, 1fr));}.kb-row-layout-id1188_fb3a81-89 > .kt-row-layout-overlay{opacity:0.30;}@media all and (max-width: 1024px){.kb-row-layout-id1188_fb3a81-89 > .kt-row-column-wrap{grid-template-columns:repeat(2, minmax(0, 1fr));}}@media all and (max-width: 767px){.kb-row-layout-id1188_fb3a81-89 > .kt-row-column-wrap{grid-template-columns:minmax(0, 1fr);}}<\/style><div class=\"kb-row-layout-wrap kb-row-layout-id1188_fb3a81-89 alignnone wp-block-kadence-rowlayout\"><div class=\"kt-row-column-wrap kt-has-2-columns kt-row-layout-equal kt-tab-layout-inherit kt-mobile-layout-row kt-row-valign-top\">\n<style>.kadence-column1188_30f0e7-b2 > .kt-inside-inner-col,.kadence-column1188_30f0e7-b2 > .kt-inside-inner-col:before{border-top-left-radius:0px;border-top-right-radius:0px;border-bottom-right-radius:0px;border-bottom-left-radius:0px;}.kadence-column1188_30f0e7-b2 > .kt-inside-inner-col:before{opacity:0.3;}.kadence-column1188_30f0e7-b2{position:relative;}<\/style>\n<div class=\"wp-block-kadence-column kadence-column1188_30f0e7-b2\"><div class=\"kt-inside-inner-col\">\n<p>En el mundo de la decoraci\u00f3n de interiores, un elemento rectangular se erige como un componente esencial tanto en t\u00e9rminos de funcionalidad como de est\u00e9tica: el rodapi\u00e9. Nuestra <strong>f\u00e1brica de rodapi\u00e9s en Barcelona<\/strong> se enorgullece de crear este elemento en m\u00faltiples materiales, como madera, cer\u00e1mica, lin\u00f3leo, aluminio y PVC, ofreciendo una gama diversa de estilos que se adaptan a todas las tendencias de decoraci\u00f3n.<\/p>\n\n\n\n<p>El rodapi\u00e9, un compa\u00f1ero confiable en el dise\u00f1o de interiores, cumple una doble funci\u00f3n. Adem\u00e1s de a\u00f1adir un toque est\u00e9tico a tus espacios, este componente inteligente cubre la junta entre el suelo y la pared, camuflando imperfecciones y brindando protecci\u00f3n contra golpes y da\u00f1os. La versatilidad de materiales permite que encuentres el rodapi\u00e9 perfecto para tus necesidades, y su dise\u00f1o rectangular se adapta a cualquier estilo decorativo que elijas para tu espacio.<\/p>\n\n\n<style>.wp-block-kadence-advancedbtn.kb-btns1188_cab077-b7{gap:var(--global-kb-gap-xs, 0.5rem );justify-content:center;align-items:center;}.kt-btns1188_cab077-b7 .kt-button{font-weight:normal;font-style:normal;}.kt-btns1188_cab077-b7 .kt-btn-wrap-0{margin-right:5px;}.wp-block-kadence-advancedbtn.kt-btns1188_cab077-b7 .kt-btn-wrap-0 .kt-button{color:#555555;border-color:#555555;}.wp-block-kadence-advancedbtn.kt-btns1188_cab077-b7 .kt-btn-wrap-0 .kt-button:hover, .wp-block-kadence-advancedbtn.kt-btns1188_cab077-b7 .kt-btn-wrap-0 .kt-button:focus{color:#ffffff;border-color:#444444;}.wp-block-kadence-advancedbtn.kt-btns1188_cab077-b7 .kt-btn-wrap-0 .kt-button::before{display:none;}.wp-block-kadence-advancedbtn.kt-btns1188_cab077-b7 .kt-btn-wrap-0 .kt-button:hover, .wp-block-kadence-advancedbtn.kt-btns1188_cab077-b7 .kt-btn-wrap-0 .kt-button:focus{background:#444444;}<\/style>\n<div class=\"wp-block-kadence-advancedbtn kb-buttons-wrap kb-btns1188_cab077-b7\"><style>ul.menu .wp-block-kadence-advancedbtn .kb-btn1188_bcd9c8-ae.kb-button{width:initial;}.wp-block-kadence-advancedbtn .kb-btn1188_bcd9c8-ae.kb-button{font-weight:bold;font-size:var(--global-kb-font-size-sm, 0.9rem);text-transform:uppercase;border-top-left-radius:0px;border-top-right-radius:0px;border-bottom-right-radius:0px;border-bottom-left-radius:0px;padding-right:var(--global-kb-spacing-sm, 1.5rem);padding-left:var(--global-kb-spacing-sm, 1.5rem);}<\/style><a class=\"kb-button kt-button button kb-btn1188_bcd9c8-ae kt-btn-size-standard kt-btn-width-type-auto kb-btn-global-fill kt-btn-has-text-true kt-btn-has-svg-false wp-block-kadence-singlebtn\" href=\"https:\/\/www.perfilstar.com\/fr\/contacto\/\"><span class=\"kt-btn-inner-text\">CONTACTA CON NOSOTROS<\/span><\/a><\/div>\n\n\n\n<p>La instalaci\u00f3n de un rodapi\u00e9, aunque puede variar ligeramente seg\u00fan el material, sigue pasos generales. Para un rodapi\u00e9 de madera, la fijaci\u00f3n se logra mediante clavos o adhesivos. En el caso de uno de cer\u00e1mica, el cemento es el aliado. Antes de la instalaci\u00f3n, es crucial que tanto las paredes como el suelo est\u00e9n acabados. El proceso comienza con el c\u00e1lculo del per\u00edmetro del espacio para determinar la cantidad necesaria de material. Luego, se cortan los ingletes de las esquinas para asegurar un ajuste preciso y est\u00e9tico. Una vez que se verifica el montaje, se procede a la fijaci\u00f3n utilizando adhesivos, cemento o clavos, dependiendo del material seleccionado.<\/p>\n<\/div><\/div>\n\n\n<style>.kadence-column1188_0660bd-81 > .kt-inside-inner-col,.kadence-column1188_0660bd-81 > .kt-inside-inner-col:before{border-top-left-radius:0px;border-top-right-radius:0px;border-bottom-right-radius:0px;border-bottom-left-radius:0px;}.kadence-column1188_0660bd-81 > .kt-inside-inner-col:before{opacity:0.3;}.kadence-column1188_0660bd-81{position:relative;}<\/style>\n<div class=\"wp-block-kadence-column kadence-column1188_0660bd-81\"><div class=\"kt-inside-inner-col\">\n<div class=\"wp-block-kadence-form kadence-form-1188_bf7ba9-2c kb-form-wrap\"><form class=\"kb-form\" action=\"\" method=\"post\" data-trp-original-action=\"\"><div class=\"kadence-blocks-form-field kb-field-desk-width-100 kb-input-size-standard\"><label for=\"kb_field_1188_bf7ba9-2c_0\">Name<\/label><input name=\"kb_field_0\" id=\"kb_field_1188_bf7ba9-2c_0\" data-label=\"Name\" type=\"text\" placeholder=\"\" value=\"\" data-type=\"text\" class=\"kb-field kb-text-style-field kb-text-field kb-field-0\"\/><\/div><div class=\"kadence-blocks-form-field kb-form-field-1 kb-field-desk-width-100 kb-input-size-standard\"><label for=\"kb_field_1188_bf7ba9-2c_1\">E-mail<span class=\"required\">*<\/span><\/label><input name=\"kb_field_1\" id=\"kb_field_1188_bf7ba9-2c_1\" data-label=\"Email\" type=\"email\" placeholder=\"\" value=\"\" data-type=\"email\" class=\"kb-field kb-text-style-field kb-email-field kb-field-1\" data-required=\"yes\"\/><\/div><div class=\"kadence-blocks-form-field kb-form-field-2 kb-field-desk-width-100 kb-input-size-standard\"><label for=\"kb_field_1188_bf7ba9-2c_2\">Message<span class=\"required\">*<\/span><\/label><textarea name=\"kb_field_2\" id=\"kb_field_1188_bf7ba9-2c_2\" data-label=\"Message\" type=\"textarea\" placeholder=\"\" data-type=\"textarea\" class=\"kb-field kb-text-style-field kb-textarea-field kb-field-2\" rows=\"4\" data-required=\"yes\"><\/textarea><\/div><input type=\"hidden\" name=\"_kb_form_id\" value=\"1188_bf7ba9-2c\"\/><input type=\"hidden\" name=\"_kb_form_post_id\" value=\"1188\"\/><input type=\"hidden\" name=\"action\" value=\"kb_process_ajax_submit\"\/><input class=\"kadence-blocks-field verify\" type=\"text\" name=\"_kb_verify_email\" autocomplete=\"new-password\" aria-hidden=\"true\" placeholder=\"E-mail\" tabindex=\"-1\" data-1p-ignore=\"true\" data-lpignore=\"true\" \/><div class=\"kadence-blocks-form-field kb-submit-field kb-field-desk-width-100\"><button class=\"kb-forms-submit button kb-button-size-standard kb-button-width-auto\">Submit<\/button><\/div><input type=\"hidden\" name=\"trp-form-language\" value=\"fr\"\/><\/form><\/div>\n<noscript><div class=\"kadence-blocks-form-message kadence-blocks-form-warning\">Please enable JavaScript in your browser to submit the form<\/div><style>.kadence-form-1188_bf7ba9-2c .kadence-blocks-form-field.kb-submit-field { display: none; }<\/style><\/noscript><\/div><\/div>\n\n<\/div><\/div>\n\n<style>.kb-row-layout-id1188_166db0-9a > .kt-row-column-wrap{align-content:start;}:where(.kb-row-layout-id1188_166db0-9a > .kt-row-column-wrap) > .wp-block-kadence-column{justify-content:start;}.kb-row-layout-id1188_166db0-9a > .kt-row-column-wrap{column-gap:var(--global-kb-gap-md, 2rem);row-gap:var(--global-kb-gap-md, 2rem);padding-top:var(--global-kb-spacing-sm, 1.5rem);padding-right:var(--global-kb-spacing-5xl, 10rem);padding-bottom:var(--global-kb-spacing-lg, 3rem);padding-left:var(--global-kb-spacing-5xl, 10rem);grid-template-columns:repeat(2, minmax(0, 1fr));}.kb-row-layout-id1188_166db0-9a > .kt-row-layout-overlay{opacity:0.30;}@media all and (max-width: 1024px){.kb-row-layout-id1188_166db0-9a > .kt-row-column-wrap{grid-template-columns:repeat(2, minmax(0, 1fr));}}@media all and (max-width: 767px){.kb-row-layout-id1188_166db0-9a > .kt-row-column-wrap{grid-template-columns:minmax(0, 1fr);}}<\/style><div class=\"kb-row-layout-wrap kb-row-layout-id1188_166db0-9a alignnone wp-block-kadence-rowlayout\"><div class=\"kt-row-column-wrap kt-has-2-columns kt-row-layout-equal kt-tab-layout-inherit kt-mobile-layout-row kt-row-valign-top\">\n<style>.kadence-column1188_c48ea3-c6 > .kt-inside-inner-col,.kadence-column1188_c48ea3-c6 > .kt-inside-inner-col:before{border-top-left-radius:0px;border-top-right-radius:0px;border-bottom-right-radius:0px;border-bottom-left-radius:0px;}.kadence-column1188_c48ea3-c6 > .kt-inside-inner-col:before{opacity:0.3;}.kadence-column1188_c48ea3-c6{position:relative;}<\/style>\n<div class=\"wp-block-kadence-column kadence-column1188_c48ea3-c6\"><div class=\"kt-inside-inner-col\"><style>.kb-image1188_48729f-62 .kb-image-has-overlay:after{opacity:0.3;}<\/style>\n<figure class=\"wp-block-kadence-image kb-image1188_48729f-62 size-large\"><img decoding=\"async\" src=\"https:\/\/www.perfilstar.com\/wp-content\/uploads\/2023\/06\/123-2023-06-02T125556.092-1024x724.png\" alt=\"\" class=\"kb-img wp-image-1054\"\/><\/figure>\n<\/div><\/div>\n\n\n<style>.kadence-column1188_7840b2-50 > .kt-inside-inner-col,.kadence-column1188_7840b2-50 > .kt-inside-inner-col:before{border-top-left-radius:0px;border-top-right-radius:0px;border-bottom-right-radius:0px;border-bottom-left-radius:0px;}.kadence-column1188_7840b2-50 > .kt-inside-inner-col:before{opacity:0.3;}.kadence-column1188_7840b2-50{position:relative;}<\/style>\n<div class=\"wp-block-kadence-column kadence-column1188_7840b2-50\"><div class=\"kt-inside-inner-col\">\n<p>En nuestra <strong>f\u00e1brica de rodapi\u00e9s en Barcelona<\/strong>, entendemos la importancia de combinar funcionalidad y dise\u00f1o en un solo componente. Cada rodapi\u00e9 que creamos es una expresi\u00f3n de nuestra dedicaci\u00f3n a la calidad y la innovaci\u00f3n. Ya sea que busques la calidez de la madera, la elegancia de la cer\u00e1mica o la durabilidad del aluminio o PVC, nuestra variedad de opciones tiene como objetivo cumplir tus expectativas.<\/p>\n\n\n\n<p>En PerfilStar, la confianza es nuestro pilar fundamental. Durante a\u00f1os, hemos demostrado nuestro compromiso con la excelencia en cada producto que sale de nuestra f\u00e1brica. Nuestra atenci\u00f3n meticulosa a los detalles y nuestra b\u00fasqueda constante de la calidad nos han ganado la confianza de nuestros clientes. Con cada <strong>fabricaci\u00f3n de rodapi\u00e9s en Barcelona<\/strong>, reafirmamos nuestra promesa de brindar soluciones duraderas y estil\u00edsticas para tus espacios interiores. Conf\u00eda en nosotros para transformar tus ambientes en algo extraordinario.<\/p>\n\n\n\n<p>En resumen, en nuestra <strong>f\u00e1brica de rodapi\u00e9s en Barcelona<\/strong>, creamos elementos rectangulares que van m\u00e1s all\u00e1 de su funci\u00f3n b\u00e1sica. Construimos estilo, protecci\u00f3n y dise\u00f1o en cada pieza que sale de nuestras instalaciones. Explora nuestra amplia gama de rodapi\u00e9s y encuentra el complemento perfecto para tus espacios. Conf\u00eda en nosotros para elevar la est\u00e9tica y la funcionalidad de tus interiores con nuestros rodapi\u00e9s excepcionales.<\/p>\n<\/div><\/div>\n\n<\/div><\/div>","protected":false},"excerpt":{"rendered":"<p>F\u00e1brica de rodapi\u00e9s Barcelona En el mundo de la decoraci\u00f3n de interiores, un elemento rectangular se erige como un componente esencial tanto en t\u00e9rminos de funcionalidad como de est\u00e9tica: el rodapi\u00e9. Nuestra f\u00e1brica de rodapi\u00e9s en Barcelona se enorgullece de crear este elemento en m\u00faltiples materiales, como madera, cer\u00e1mica, lin\u00f3leo, aluminio y PVC, ofreciendo una&#8230;<\/p>","protected":false},"author":2,"featured_media":0,"parent":0,"menu_order":0,"comment_status":"closed","ping_status":"closed","template":"","meta":{"_kad_blocks_custom_css":"","_kad_blocks_head_custom_js":"","_kad_blocks_body_custom_js":"","_kad_blocks_footer_custom_js":"","_kad_post_transparent":"","_kad_post_title":"","_kad_post_layout":"","_kad_post_sidebar_id":"","_kad_post_content_style":"","_kad_post_vertical_padding":"","_kad_post_feature":"","_kad_post_feature_position":"","_kad_post_header":false,"_kad_post_footer":false,"footnotes":""},"class_list":["post-1188","page","type-page","status-publish","hentry"],"yoast_head":"<!-- This site is optimized with the Yoast SEO plugin v21.2 - https:\/\/yoast.com\/wordpress\/plugins\/seo\/ -->\n<title>F\u00e1brica de rodapi\u00e9s Barcelona - Perfilstar<\/title>\n<meta name=\"robots\" content=\"index, follow, max-snippet:-1, max-image-preview:large, max-video-preview:-1\" \/>\n<link rel=\"canonical\" href=\"https:\/\/www.perfilstar.com\/fr\/fabrica-de-rodapies-barcelona\/\" \/>\n<meta property=\"og:locale\" content=\"fr_FR\" \/>\n<meta property=\"og:type\" content=\"article\" \/>\n<meta property=\"og:title\" content=\"F\u00e1brica de rodapi\u00e9s Barcelona - Perfilstar\" \/>\n<meta property=\"og:description\" content=\"F\u00e1brica de rodapi\u00e9s Barcelona En el mundo de la decoraci\u00f3n de interiores, un elemento rectangular se erige como un componente esencial tanto en t\u00e9rminos de funcionalidad como de est\u00e9tica: el rodapi\u00e9. Nuestra f\u00e1brica de rodapi\u00e9s en Barcelona se enorgullece de crear este elemento en m\u00faltiples materiales, como madera, cer\u00e1mica, lin\u00f3leo, aluminio y PVC, ofreciendo una...\" \/>\n<meta property=\"og:url\" content=\"https:\/\/www.perfilstar.com\/fr\/fabrica-de-rodapies-barcelona\/\" \/>\n<meta property=\"og:site_name\" content=\"Perfilstar\" \/>\n<meta property=\"article:modified_time\" content=\"2023-12-28T10:32:54+00:00\" \/>\n<meta property=\"og:image\" content=\"https:\/\/www.perfilstar.com\/wp-content\/uploads\/2023\/06\/123-2023-06-02T125556.092-1024x724.png\" \/>\n<meta name=\"twitter:card\" content=\"summary_large_image\" \/>\n<meta name=\"twitter:label1\" content=\"Dur\u00e9e de lecture estim\u00e9e\" \/>\n\t<meta name=\"twitter:data1\" content=\"3 minutes\" \/>\n<script type=\"application\/ld+json\" class=\"yoast-schema-graph\">{\"@context\":\"https:\/\/schema.org\",\"@graph\":[{\"@type\":\"WebPage\",\"@id\":\"https:\/\/www.perfilstar.com\/fabrica-de-rodapies-barcelona\/\",\"url\":\"https:\/\/www.perfilstar.com\/fabrica-de-rodapies-barcelona\/\",\"name\":\"F\u00e1brica de rodapi\u00e9s Barcelona - Perfilstar\",\"isPartOf\":{\"@id\":\"https:\/\/www.perfilstar.com\/#website\"},\"datePublished\":\"2023-08-29T07:32:20+00:00\",\"dateModified\":\"2023-12-28T10:32:54+00:00\",\"breadcrumb\":{\"@id\":\"https:\/\/www.perfilstar.com\/fabrica-de-rodapies-barcelona\/#breadcrumb\"},\"inLanguage\":\"fr-FR\",\"potentialAction\":[{\"@type\":\"ReadAction\",\"target\":[\"https:\/\/www.perfilstar.com\/fabrica-de-rodapies-barcelona\/\"]}]},{\"@type\":\"BreadcrumbList\",\"@id\":\"https:\/\/www.perfilstar.com\/fabrica-de-rodapies-barcelona\/#breadcrumb\",\"itemListElement\":[{\"@type\":\"ListItem\",\"position\":1,\"name\":\"Portada\",\"item\":\"https:\/\/www.perfilstar.com\/\"},{\"@type\":\"ListItem\",\"position\":2,\"name\":\"F\u00e1brica de rodapi\u00e9s Barcelona\"}]},{\"@type\":\"WebSite\",\"@id\":\"https:\/\/www.perfilstar.com\/#website\",\"url\":\"https:\/\/www.perfilstar.com\/\",\"name\":\"Perfilstar\",\"description\":\"Fabricante de rodapi\u00e9s y juntas de mdf para tarimas de madera, laminadas y vin\u00edlicas de lvt. Rodapi\u00e9 y perfiles de uni\u00f3n para parquet.\",\"publisher\":{\"@id\":\"https:\/\/www.perfilstar.com\/#organization\"},\"potentialAction\":[{\"@type\":\"SearchAction\",\"target\":{\"@type\":\"EntryPoint\",\"urlTemplate\":\"https:\/\/www.perfilstar.com\/?s={search_term_string}\"},\"query-input\":\"required name=search_term_string\"}],\"inLanguage\":\"fr-FR\"},{\"@type\":\"Organization\",\"@id\":\"https:\/\/www.perfilstar.com\/#organization\",\"name\":\"Perfilstar\",\"url\":\"https:\/\/www.perfilstar.com\/\",\"logo\":{\"@type\":\"ImageObject\",\"inLanguage\":\"fr-FR\",\"@id\":\"https:\/\/www.perfilstar.com\/#\/schema\/logo\/image\/\",\"url\":\"https:\/\/www.perfilstar.com\/wp-content\/uploads\/2023\/04\/logo.png\",\"contentUrl\":\"https:\/\/www.perfilstar.com\/wp-content\/uploads\/2023\/04\/logo.png\",\"width\":223,\"height\":28,\"caption\":\"Perfilstar\"},\"image\":{\"@id\":\"https:\/\/www.perfilstar.com\/#\/schema\/logo\/image\/\"}}]}<\/script>\n<!-- \/ Yoast SEO plugin. -->","yoast_head_json":{"title":"F\u00e1brica de rodapi\u00e9s Barcelona - Perfilstar","robots":{"index":"index","follow":"follow","max-snippet":"max-snippet:-1","max-image-preview":"max-image-preview:large","max-video-preview":"max-video-preview:-1"},"canonical":"https:\/\/www.perfilstar.com\/fr\/fabrica-de-rodapies-barcelona\/","og_locale":"fr_FR","og_type":"article","og_title":"F\u00e1brica de rodapi\u00e9s Barcelona - Perfilstar","og_description":"F\u00e1brica de rodapi\u00e9s Barcelona En el mundo de la decoraci\u00f3n de interiores, un elemento rectangular se erige como un componente esencial tanto en t\u00e9rminos de funcionalidad como de est\u00e9tica: el rodapi\u00e9. Nuestra f\u00e1brica de rodapi\u00e9s en Barcelona se enorgullece de crear este elemento en m\u00faltiples materiales, como madera, cer\u00e1mica, lin\u00f3leo, aluminio y PVC, ofreciendo una...","og_url":"https:\/\/www.perfilstar.com\/fr\/fabrica-de-rodapies-barcelona\/","og_site_name":"Perfilstar","article_modified_time":"2023-12-28T10:32:54+00:00","og_image":[{"url":"https:\/\/www.perfilstar.com\/wp-content\/uploads\/2023\/06\/123-2023-06-02T125556.092-1024x724.png"}],"twitter_card":"summary_large_image","twitter_misc":{"Dur\u00e9e de lecture estim\u00e9e":"3 minutes"},"schema":{"@context":"https:\/\/schema.org","@graph":[{"@type":"WebPage","@id":"https:\/\/www.perfilstar.com\/fabrica-de-rodapies-barcelona\/","url":"https:\/\/www.perfilstar.com\/fabrica-de-rodapies-barcelona\/","name":"F\u00e1brica de rodapi\u00e9s Barcelona - Perfilstar","isPartOf":{"@id":"https:\/\/www.perfilstar.com\/#website"},"datePublished":"2023-08-29T07:32:20+00:00","dateModified":"2023-12-28T10:32:54+00:00","breadcrumb":{"@id":"https:\/\/www.perfilstar.com\/fabrica-de-rodapies-barcelona\/#breadcrumb"},"inLanguage":"fr-FR","potentialAction":[{"@type":"ReadAction","target":["https:\/\/www.perfilstar.com\/fabrica-de-rodapies-barcelona\/"]}]},{"@type":"BreadcrumbList","@id":"https:\/\/www.perfilstar.com\/fabrica-de-rodapies-barcelona\/#breadcrumb","itemListElement":[{"@type":"ListItem","position":1,"name":"Portada","item":"https:\/\/www.perfilstar.com\/"},{"@type":"ListItem","position":2,"name":"F\u00e1brica de rodapi\u00e9s Barcelona"}]},{"@type":"WebSite","@id":"https:\/\/www.perfilstar.com\/#website","url":"https:\/\/www.perfilstar.com\/","name":"Perfilstar","description":"Fabricante de rodapi\u00e9s y juntas de mdf para tarimas de madera, laminadas y vin\u00edlicas de lvt. Rodapi\u00e9 y perfiles de uni\u00f3n para parquet.","publisher":{"@id":"https:\/\/www.perfilstar.com\/#organization"},"potentialAction":[{"@type":"SearchAction","target":{"@type":"EntryPoint","urlTemplate":"https:\/\/www.perfilstar.com\/?s={search_term_string}"},"query-input":"required name=search_term_string"}],"inLanguage":"fr-FR"},{"@type":"Organization","@id":"https:\/\/www.perfilstar.com\/#organization","name":"Perfilstar","url":"https:\/\/www.perfilstar.com\/","logo":{"@type":"ImageObject","inLanguage":"fr-FR","@id":"https:\/\/www.perfilstar.com\/#\/schema\/logo\/image\/","url":"https:\/\/www.perfilstar.com\/wp-content\/uploads\/2023\/04\/logo.png","contentUrl":"https:\/\/www.perfilstar.com\/wp-content\/uploads\/2023\/04\/logo.png","width":223,"height":28,"caption":"Perfilstar"},"image":{"@id":"https:\/\/www.perfilstar.com\/#\/schema\/logo\/image\/"}}]}},"featured_image_src_large":false,"author_info":{"display_name":"PERFILSTAR","author_link":"https:\/\/www.perfilstar.com\/fr\/author\/soporte\/"},"comment_info":0,"taxonomy_info":[],"_links":{"self":[{"href":"https:\/\/www.perfilstar.com\/fr\/wp-json\/wp\/v2\/pages\/1188","targetHints":{"allow":["GET"]}}],"collection":[{"href":"https:\/\/www.perfilstar.com\/fr\/wp-json\/wp\/v2\/pages"}],"about":[{"href":"https:\/\/www.perfilstar.com\/fr\/wp-json\/wp\/v2\/types\/page"}],"author":[{"embeddable":true,"href":"https:\/\/www.perfilstar.com\/fr\/wp-json\/wp\/v2\/users\/2"}],"replies":[{"embeddable":true,"href":"https:\/\/www.perfilstar.com\/fr\/wp-json\/wp\/v2\/comments?post=1188"}],"version-history":[{"count":2,"href":"https:\/\/www.perfilstar.com\/fr\/wp-json\/wp\/v2\/pages\/1188\/revisions"}],"predecessor-version":[{"id":1555,"href":"https:\/\/www.perfilstar.com\/fr\/wp-json\/wp\/v2\/pages\/1188\/revisions\/1555"}],"wp:attachment":[{"href":"https:\/\/www.perfilstar.com\/fr\/wp-json\/wp\/v2\/media?parent=1188"}],"curies":[{"name":"wp","href":"https:\/\/api.w.org\/{rel}","templated":true}]}}