{"id":26,"date":"2023-03-27T06:20:45","date_gmt":"2023-03-27T06:20:45","guid":{"rendered":"https:\/\/www.perfilstar.com\/?page_id=26"},"modified":"2023-05-31T07:10:02","modified_gmt":"2023-05-31T07:10:02","slug":"declaracion-de-accesibilidad","status":"publish","type":"page","link":"https:\/\/www.perfilstar.com\/en\/declaracion-de-accesibilidad\/","title":{"rendered":"Accessibility statement"},"content":{"rendered":"<style>.kb-row-layout-id_d5e202-11 > .kt-row-column-wrap{align-content:center;}:where(.kb-row-layout-id_d5e202-11 > .kt-row-column-wrap) > .wp-block-kadence-column{justify-content:center;}.kb-row-layout-id_d5e202-11 > .kt-row-column-wrap{column-gap:var(--global-kb-gap-md, 2rem);row-gap:var(--global-kb-gap-md, 2rem);max-width:var( --global-content-width, 1290px );padding-left:var(--global-content-edge-padding);padding-right:var(--global-content-edge-padding);padding-top:var(--global-kb-spacing-5xl, 10rem);padding-bottom:var(--global-kb-spacing-xl, 4rem);min-height:200px;grid-template-columns:minmax(0, 1fr);}.kb-row-layout-id_d5e202-11 > .kt-row-layout-overlay{opacity:0.30;background-color:var(--global-palette3, #1A202C);background-image:url('http:\/\/orienthaispa.localhost\/wp-content\/uploads\/2023\/03\/masaje-descontracturante-energizing-esencial-1200.jpg');background-size:cover;background-position:center center;background-attachment:fixed;background-repeat:no-repeat;}@media all and (max-width: 1024px){.kb-row-layout-id_d5e202-11 > .kt-row-column-wrap{grid-template-columns:minmax(0, 1fr);}}@media all and (max-width: 767px){.kb-row-layout-id_d5e202-11 > .kt-row-column-wrap{min-height:400px;grid-template-columns:minmax(0, 1fr);}}<\/style><div class=\"kb-row-layout-wrap kb-row-layout-id_d5e202-11 alignnone has-theme-palette3-background-color kt-row-has-bg wp-block-kadence-rowlayout\"><div class=\"kt-blocks-carousel kb-blocks-bg-slider kt-carousel-container-dotstyle-dark\"><div class=\"kt-blocks-carousel-init kb-blocks-bg-slider-init kt-carousel-arrowstyle-none kt-carousel-dotstyle-dark\" data-slider-anim-speed=\"400\" data-slider-type=\"slider\" data-slider-scroll=\"1\" data-slider-arrows=\"false\" data-slider-fade=\"true\" data-slider-dots=\"true\" data-slider-hover-pause=\"false\" data-slider-auto=\"true\" data-slider-speed=\"7000\"><div class=\"kb-bg-slide-contain\"><div class=\"kb-bg-slide kb-bg-slide-0\" style=\"background-image:url(https:\/\/www.perfilstar.com\/wp-content\/uploads\/2023\/04\/IMG_0225-scaled.jpg); background-size:cover; background-position:center center; background-repeat:no-repeat;\"><\/div><\/div><\/div><\/div><div class=\"kt-row-layout-overlay kt-row-overlay-normal\"><\/div><div class=\"kt-row-column-wrap kt-has-1-columns kt-row-layout-equal kt-tab-layout-inherit kt-mobile-layout-row kt-row-valign-middle kb-theme-content-width\">\n<style>.kadence-column_407840-84 > .kt-inside-inner-col,.kadence-column_407840-84 > .kt-inside-inner-col:before{border-top-left-radius:0px;border-top-right-radius:0px;border-bottom-right-radius:0px;border-bottom-left-radius:0px;}.kadence-column_407840-84 > .kt-inside-inner-col:before{opacity:0.3;}.kadence-column_407840-84{position:relative;}<\/style>\n<div class=\"wp-block-kadence-column kadence-column_407840-84\"><div class=\"kt-inside-inner-col\"><style>.wp-block-kadence-advancedheading.kt-adv-heading_96f30d-87, .wp-block-kadence-advancedheading.kt-adv-heading_96f30d-87[data-kb-block=\"kb-adv-heading_96f30d-87\"]{text-align:center;font-size:var(--global-kb-font-size-xl, 3rem);line-height:1.2;font-style:normal;}.wp-block-kadence-advancedheading.kt-adv-heading_96f30d-87 mark, .wp-block-kadence-advancedheading.kt-adv-heading_96f30d-87[data-kb-block=\"kb-adv-heading_96f30d-87\"] mark{font-style:normal;color:#f76a0c;padding-top:0px;padding-right:0px;padding-bottom:0px;padding-left:0px;}@media all and (max-width: 767px){.wp-block-kadence-advancedheading.kt-adv-heading_96f30d-87, .wp-block-kadence-advancedheading.kt-adv-heading_96f30d-87[data-kb-block=\"kb-adv-heading_96f30d-87\"]{font-size:var(--global-kb-font-size-lg, 2rem);}}<\/style>\n<h1 class=\"kt-adv-heading_96f30d-87 wp-block-kadence-advancedheading has-theme-palette-9-color has-text-color\" data-kb-block=\"kb-adv-heading_96f30d-87\">Accessibility<\/h1>\n<\/div><\/div>\n\n<\/div><\/div>\n\n<style>.kb-row-layout-id_ec4070-42 > .kt-row-column-wrap{align-content:start;}:where(.kb-row-layout-id_ec4070-42 > .kt-row-column-wrap) > .wp-block-kadence-column{justify-content:start;}.kb-row-layout-id_ec4070-42 > .kt-row-column-wrap{column-gap:var(--global-kb-gap-md, 2rem);row-gap:var(--global-kb-gap-md, 2rem);max-width:800px;margin-left:auto;margin-right:auto;padding-top:var(--global-kb-spacing-sm, 1.5rem);padding-bottom:var(--global-kb-spacing-xl, 4rem);grid-template-columns:minmax(0, 1fr);}.kb-row-layout-id_ec4070-42 > .kt-row-layout-overlay{opacity:0.30;}@media all and (max-width: 1024px){.kb-row-layout-id_ec4070-42 > .kt-row-column-wrap{grid-template-columns:minmax(0, 1fr);}}@media all and (max-width: 767px){.kb-row-layout-id_ec4070-42 > .kt-row-column-wrap{grid-template-columns:minmax(0, 1fr);}}<\/style><div class=\"kb-row-layout-wrap kb-row-layout-id_ec4070-42 alignnone wp-block-kadence-rowlayout\"><div class=\"kt-row-column-wrap kt-has-1-columns kt-row-layout-equal kt-tab-layout-inherit kt-mobile-layout-row kt-row-valign-top\">\n<style>.kadence-column_924f28-1d > .kt-inside-inner-col,.kadence-column_924f28-1d > .kt-inside-inner-col:before{border-top-left-radius:0px;border-top-right-radius:0px;border-bottom-right-radius:0px;border-bottom-left-radius:0px;}.kadence-column_924f28-1d > .kt-inside-inner-col:before{opacity:0.3;}.kadence-column_924f28-1d{position:relative;}<\/style>\n<div class=\"wp-block-kadence-column kadence-column_924f28-1d\"><div class=\"kt-inside-inner-col\">\n<p>PERFILSTAR, SA is committed to making accessible web site, in accordance with the Royal Decree 1112\/2018 of 7 September on accessibility of websites and mobile applications of public sector.<\/p>\n\n\n\n<p>This accessibility statement applies to the web site&nbsp;<a href=\"https:\/\/www.perfilstar.com\/en\/\">https:\/\/www.perfilstar.com\/<\/a><\/p>\n\n\n\n<p><strong>Status of compliance<\/strong><\/p>\n\n\n\n<p>This website is developed in accordance with the RD 1112\/2018<\/p>\n\n\n\n<p><strong>Preparation for the following accessibility statement<\/strong><\/p>\n\n\n\n<p>This statement was prepared on January 2, 2023.<\/p>\n\n\n\n<p>The method used to prepare the statement has been a self-assessment.<\/p>\n\n\n\n<p><strong>Observations and contact information<\/strong><\/p>\n\n\n\n<p>You can perform communications relating to accessibility requirements (article 10.2.to the RD 1112\/2018) as, for example:<\/p>\n\n\n\n<ul class=\"wp-block-list\">\n<li>Report any possible failure on the part of this web site<\/li>\n\n\n\n<li>To convey other difficulties of access to the content<\/li>\n\n\n\n<li>Have any other questions or suggestions for improvement regarding the accessibility of the website<\/li>\n<\/ul>\n\n\n\n<p>through the\u00a0<a href=\"https:\/\/www.perfilstar.com\/en\/contacto\/\">contact form<\/a>\u00a0of this web site or through the phone number <a href=\"tel: 34 93 729 11 39\">+34 93 729 11 39<\/a><\/p>\n\n\n\n<p>You can submit:<\/p>\n\n\n\n<ul class=\"wp-block-list\">\n<li>Complaint concerning the compliance with the requirements of the RD 1112\/2018 or<\/li>\n\n\n\n<li>Application of accessible Information related to:\n<ul class=\"wp-block-list\">\n<li>Contents that are excluded from the scope of application of the RD 1112\/2018 as established by article 3, paragraph 4<\/li>\n\n\n\n<li>Contents that are exempt from compliance with the requirements of accessibility to impose a disproportionate burden<\/li>\n<\/ul>\n<\/li>\n<\/ul>\n\n\n\n<p>In the Application of information accessible, you must realize, with all clarity, the facts, reasons and request that you allow to see that this request is reasonable and legitimate.<\/p>\n\n\n\n<p>The complaints and claims on accessible information shall be made through the electronic office (<a href=\"https:\/\/sede.red.gob.es\/procedimientos\/quejas-y-sugerencias\">https:\/\/sede.red.gob.es\/procedimientos\/quejas-y-sugerencias)<\/a>, and shall be received and treated by the area of Systems the Information Network.is.<\/p>\n\n\n\n<p><strong>Optional content<\/strong><\/p>\n\n\n\n<p>If you want to change the font size of the text in the main graphical web browsers use the following menus:<\/p>\n\n\n\n<ul class=\"wp-block-list\">\n<li>Internet Explorer, Mozilla and Firefox: View &gt; text Size<\/li>\n\n\n\n<li>Opera: View &gt; Zoom<\/li>\n\n\n\n<li>Safari: View &gt; Make text bigger<\/li>\n\n\n\n<li>Chrome: Controls the current page &gt; text Size<\/li>\n\n\n\n<li>To change the size of everything on the page:\n<ul class=\"wp-block-list\">\n<li>Ctrl + + to increase<\/li>\n\n\n\n<li>Ctrl + \u2013 to decrease<\/li>\n\n\n\n<li>Ctrl + 0 to restore the original size of the text<\/li>\n\n\n\n<li>If what you want is to override the style sheet or modify the text color, you can refer to the page How to Change Text Size or Colors of the WAI, which you can read translated to Spanish in How to change text size or colors?<\/li>\n<\/ul>\n<\/li>\n<\/ul>\n<\/div><\/div>\n\n<\/div><\/div>","protected":false},"excerpt":{"rendered":"<p>Accesibilidad PERFILSTAR, S.A. se ha comprometido a hacer accesible su sitio web, de conformidad con el Real Decreto 1112\/2018, de 7 de septiembre, sobre accesibilidad de los sitios web y aplicaciones para dispositivos m\u00f3viles del sector p\u00fablico. La presente declaraci\u00f3n de accesibilidad se aplica al sitio web&nbsp;https:\/\/www.perfilstar.com\/ Situaci\u00f3n de cumplimiento Este sitio web se encuentra&#8230;<\/p>","protected":false},"author":1,"featured_media":0,"parent":0,"menu_order":10,"comment_status":"closed","ping_status":"closed","template":"","meta":{"_kad_blocks_custom_css":"","_kad_blocks_head_custom_js":"","_kad_blocks_body_custom_js":"","_kad_blocks_footer_custom_js":"","_kad_post_transparent":"","_kad_post_title":"","_kad_post_layout":"","_kad_post_sidebar_id":"","_kad_post_content_style":"","_kad_post_vertical_padding":"","_kad_post_feature":"","_kad_post_feature_position":"","_kad_post_header":false,"_kad_post_footer":false,"footnotes":""},"class_list":["post-26","page","type-page","status-publish","hentry"],"yoast_head":"<!-- This site is optimized with the Yoast SEO plugin v21.2 - https:\/\/yoast.com\/wordpress\/plugins\/seo\/ -->\n<title>Declaraci\u00f3n de accesibilidad - Perfilstar<\/title>\n<meta name=\"robots\" content=\"index, follow, max-snippet:-1, max-image-preview:large, max-video-preview:-1\" \/>\n<link rel=\"canonical\" href=\"https:\/\/www.perfilstar.com\/en\/declaracion-de-accesibilidad\/\" \/>\n<meta property=\"og:locale\" content=\"en_GB\" \/>\n<meta property=\"og:type\" content=\"article\" \/>\n<meta property=\"og:title\" content=\"Declaraci\u00f3n de accesibilidad - Perfilstar\" \/>\n<meta property=\"og:description\" content=\"Accesibilidad PERFILSTAR, S.A. se ha comprometido a hacer accesible su sitio web, de conformidad con el Real Decreto 1112\/2018, de 7 de septiembre, sobre accesibilidad de los sitios web y aplicaciones para dispositivos m\u00f3viles del sector p\u00fablico. La presente declaraci\u00f3n de accesibilidad se aplica al sitio web&nbsp;https:\/\/www.perfilstar.com\/ Situaci\u00f3n de cumplimiento Este sitio web se encuentra...\" \/>\n<meta property=\"og:url\" content=\"https:\/\/www.perfilstar.com\/en\/declaracion-de-accesibilidad\/\" \/>\n<meta property=\"og:site_name\" content=\"Perfilstar\" \/>\n<meta property=\"article:modified_time\" content=\"2023-05-31T07:10:02+00:00\" \/>\n<meta name=\"twitter:card\" content=\"summary_large_image\" \/>\n<meta name=\"twitter:label1\" content=\"Estimated reading time\" \/>\n\t<meta name=\"twitter:data1\" content=\"2 minutes\" \/>\n<script type=\"application\/ld+json\" class=\"yoast-schema-graph\">{\"@context\":\"https:\/\/schema.org\",\"@graph\":[{\"@type\":\"WebPage\",\"@id\":\"https:\/\/www.perfilstar.com\/declaracion-de-accesibilidad\/\",\"url\":\"https:\/\/www.perfilstar.com\/declaracion-de-accesibilidad\/\",\"name\":\"Declaraci\u00f3n de accesibilidad - Perfilstar\",\"isPartOf\":{\"@id\":\"https:\/\/www.perfilstar.com\/#website\"},\"datePublished\":\"2023-03-27T06:20:45+00:00\",\"dateModified\":\"2023-05-31T07:10:02+00:00\",\"breadcrumb\":{\"@id\":\"https:\/\/www.perfilstar.com\/declaracion-de-accesibilidad\/#breadcrumb\"},\"inLanguage\":\"en-GB\",\"potentialAction\":[{\"@type\":\"ReadAction\",\"target\":[\"https:\/\/www.perfilstar.com\/declaracion-de-accesibilidad\/\"]}]},{\"@type\":\"BreadcrumbList\",\"@id\":\"https:\/\/www.perfilstar.com\/declaracion-de-accesibilidad\/#breadcrumb\",\"itemListElement\":[{\"@type\":\"ListItem\",\"position\":1,\"name\":\"Portada\",\"item\":\"https:\/\/www.perfilstar.com\/\"},{\"@type\":\"ListItem\",\"position\":2,\"name\":\"Declaraci\u00f3n de accesibilidad\"}]},{\"@type\":\"WebSite\",\"@id\":\"https:\/\/www.perfilstar.com\/#website\",\"url\":\"https:\/\/www.perfilstar.com\/\",\"name\":\"Perfilstar\",\"description\":\"Fabricante de rodapi\u00e9s y juntas de mdf para tarimas de madera, laminadas y vin\u00edlicas de lvt. Rodapi\u00e9 y perfiles de uni\u00f3n para parquet.\",\"publisher\":{\"@id\":\"https:\/\/www.perfilstar.com\/#organization\"},\"potentialAction\":[{\"@type\":\"SearchAction\",\"target\":{\"@type\":\"EntryPoint\",\"urlTemplate\":\"https:\/\/www.perfilstar.com\/?s={search_term_string}\"},\"query-input\":\"required name=search_term_string\"}],\"inLanguage\":\"en-GB\"},{\"@type\":\"Organization\",\"@id\":\"https:\/\/www.perfilstar.com\/#organization\",\"name\":\"Perfilstar\",\"url\":\"https:\/\/www.perfilstar.com\/\",\"logo\":{\"@type\":\"ImageObject\",\"inLanguage\":\"en-GB\",\"@id\":\"https:\/\/www.perfilstar.com\/#\/schema\/logo\/image\/\",\"url\":\"https:\/\/www.perfilstar.com\/wp-content\/uploads\/2023\/04\/logo.png\",\"contentUrl\":\"https:\/\/www.perfilstar.com\/wp-content\/uploads\/2023\/04\/logo.png\",\"width\":223,\"height\":28,\"caption\":\"Perfilstar\"},\"image\":{\"@id\":\"https:\/\/www.perfilstar.com\/#\/schema\/logo\/image\/\"}}]}<\/script>\n<!-- \/ Yoast SEO plugin. -->","yoast_head_json":{"title":"Declaraci\u00f3n de accesibilidad - Perfilstar","robots":{"index":"index","follow":"follow","max-snippet":"max-snippet:-1","max-image-preview":"max-image-preview:large","max-video-preview":"max-video-preview:-1"},"canonical":"https:\/\/www.perfilstar.com\/en\/declaracion-de-accesibilidad\/","og_locale":"en_GB","og_type":"article","og_title":"Declaraci\u00f3n de accesibilidad - Perfilstar","og_description":"Accesibilidad PERFILSTAR, S.A. se ha comprometido a hacer accesible su sitio web, de conformidad con el Real Decreto 1112\/2018, de 7 de septiembre, sobre accesibilidad de los sitios web y aplicaciones para dispositivos m\u00f3viles del sector p\u00fablico. La presente declaraci\u00f3n de accesibilidad se aplica al sitio web&nbsp;https:\/\/www.perfilstar.com\/ Situaci\u00f3n de cumplimiento Este sitio web se encuentra...","og_url":"https:\/\/www.perfilstar.com\/en\/declaracion-de-accesibilidad\/","og_site_name":"Perfilstar","article_modified_time":"2023-05-31T07:10:02+00:00","twitter_card":"summary_large_image","twitter_misc":{"Estimated reading time":"2 minutes"},"schema":{"@context":"https:\/\/schema.org","@graph":[{"@type":"WebPage","@id":"https:\/\/www.perfilstar.com\/declaracion-de-accesibilidad\/","url":"https:\/\/www.perfilstar.com\/declaracion-de-accesibilidad\/","name":"Declaraci\u00f3n de accesibilidad - Perfilstar","isPartOf":{"@id":"https:\/\/www.perfilstar.com\/#website"},"datePublished":"2023-03-27T06:20:45+00:00","dateModified":"2023-05-31T07:10:02+00:00","breadcrumb":{"@id":"https:\/\/www.perfilstar.com\/declaracion-de-accesibilidad\/#breadcrumb"},"inLanguage":"en-GB","potentialAction":[{"@type":"ReadAction","target":["https:\/\/www.perfilstar.com\/declaracion-de-accesibilidad\/"]}]},{"@type":"BreadcrumbList","@id":"https:\/\/www.perfilstar.com\/declaracion-de-accesibilidad\/#breadcrumb","itemListElement":[{"@type":"ListItem","position":1,"name":"Portada","item":"https:\/\/www.perfilstar.com\/"},{"@type":"ListItem","position":2,"name":"Declaraci\u00f3n de accesibilidad"}]},{"@type":"WebSite","@id":"https:\/\/www.perfilstar.com\/#website","url":"https:\/\/www.perfilstar.com\/","name":"Perfilstar","description":"Fabricante de rodapi\u00e9s y juntas de mdf para tarimas de madera, laminadas y vin\u00edlicas de lvt. Rodapi\u00e9 y perfiles de uni\u00f3n para parquet.","publisher":{"@id":"https:\/\/www.perfilstar.com\/#organization"},"potentialAction":[{"@type":"SearchAction","target":{"@type":"EntryPoint","urlTemplate":"https:\/\/www.perfilstar.com\/?s={search_term_string}"},"query-input":"required name=search_term_string"}],"inLanguage":"en-GB"},{"@type":"Organization","@id":"https:\/\/www.perfilstar.com\/#organization","name":"Perfilstar","url":"https:\/\/www.perfilstar.com\/","logo":{"@type":"ImageObject","inLanguage":"en-GB","@id":"https:\/\/www.perfilstar.com\/#\/schema\/logo\/image\/","url":"https:\/\/www.perfilstar.com\/wp-content\/uploads\/2023\/04\/logo.png","contentUrl":"https:\/\/www.perfilstar.com\/wp-content\/uploads\/2023\/04\/logo.png","width":223,"height":28,"caption":"Perfilstar"},"image":{"@id":"https:\/\/www.perfilstar.com\/#\/schema\/logo\/image\/"}}]}},"featured_image_src_large":false,"author_info":{"display_name":"eloi","author_link":"https:\/\/www.perfilstar.com\/en\/author\/eloi\/"},"comment_info":0,"taxonomy_info":[],"_links":{"self":[{"href":"https:\/\/www.perfilstar.com\/en\/wp-json\/wp\/v2\/pages\/26","targetHints":{"allow":["GET"]}}],"collection":[{"href":"https:\/\/www.perfilstar.com\/en\/wp-json\/wp\/v2\/pages"}],"about":[{"href":"https:\/\/www.perfilstar.com\/en\/wp-json\/wp\/v2\/types\/page"}],"author":[{"embeddable":true,"href":"https:\/\/www.perfilstar.com\/en\/wp-json\/wp\/v2\/users\/1"}],"replies":[{"embeddable":true,"href":"https:\/\/www.perfilstar.com\/en\/wp-json\/wp\/v2\/comments?post=26"}],"version-history":[{"count":1,"href":"https:\/\/www.perfilstar.com\/en\/wp-json\/wp\/v2\/pages\/26\/revisions"}],"predecessor-version":[{"id":1050,"href":"https:\/\/www.perfilstar.com\/en\/wp-json\/wp\/v2\/pages\/26\/revisions\/1050"}],"wp:attachment":[{"href":"https:\/\/www.perfilstar.com\/en\/wp-json\/wp\/v2\/media?parent=26"}],"curies":[{"name":"wp","href":"https:\/\/api.w.org\/{rel}","templated":true}]}}