{"id":1719,"date":"2024-04-30T09:19:42","date_gmt":"2024-04-30T09:19:42","guid":{"rendered":"https:\/\/www.perfilstar.com\/?page_id=1719"},"modified":"2024-04-30T09:19:42","modified_gmt":"2024-04-30T09:19:42","slug":"fabrica-de-rodapies-sabadell","status":"publish","type":"page","link":"https:\/\/www.perfilstar.com\/en\/fabrica-de-rodapies-sabadell\/","title":{"rendered":"F\u00e1brica de rodapi\u00e9s Sabadell"},"content":{"rendered":"<style>.kb-row-layout-id1719_909448-70 > .kt-row-column-wrap{align-content:start;}:where(.kb-row-layout-id1719_909448-70 > .kt-row-column-wrap) > .wp-block-kadence-column{justify-content:start;}.kb-row-layout-id1719_909448-70 > .kt-row-column-wrap{column-gap:var(--global-kb-gap-md, 2rem);row-gap:var(--global-kb-gap-md, 2rem);padding-top:var(--global-kb-spacing-md, 2rem);padding-right:var(--global-kb-spacing-4xl, 8rem);padding-bottom:var(--global-kb-spacing-md, 2rem);padding-left:var(--global-kb-spacing-5xl, 10rem);grid-template-columns:minmax(0, 1fr);}.kb-row-layout-id1719_909448-70 > .kt-row-layout-overlay{opacity:0.30;}@media all and (max-width: 1024px){.kb-row-layout-id1719_909448-70 > .kt-row-column-wrap{grid-template-columns:minmax(0, 1fr);}}@media all and (max-width: 767px){.kb-row-layout-id1719_909448-70 > .kt-row-column-wrap{grid-template-columns:minmax(0, 1fr);}}<\/style><div class=\"kb-row-layout-wrap kb-row-layout-id1719_909448-70 alignnone wp-block-kadence-rowlayout\"><div class=\"kt-row-column-wrap kt-has-1-columns kt-row-layout-equal kt-tab-layout-inherit kt-mobile-layout-row kt-row-valign-top\">\n<style>.kadence-column1719_9aa774-12 > .kt-inside-inner-col,.kadence-column1719_9aa774-12 > .kt-inside-inner-col:before{border-top-left-radius:0px;border-top-right-radius:0px;border-bottom-right-radius:0px;border-bottom-left-radius:0px;}.kadence-column1719_9aa774-12 > .kt-inside-inner-col:before{opacity:0.3;}.kadence-column1719_9aa774-12{position:relative;}<\/style>\n<div class=\"wp-block-kadence-column kadence-column1719_9aa774-12\"><div class=\"kt-inside-inner-col\"><style>.wp-block-kadence-advancedheading.kt-adv-heading1719_f8967c-0c, .wp-block-kadence-advancedheading.kt-adv-heading1719_f8967c-0c[data-kb-block=\"kb-adv-heading1719_f8967c-0c\"]{font-style:normal;}.wp-block-kadence-advancedheading.kt-adv-heading1719_f8967c-0c mark, .wp-block-kadence-advancedheading.kt-adv-heading1719_f8967c-0c[data-kb-block=\"kb-adv-heading1719_f8967c-0c\"] mark{font-style:normal;color:#f76a0c;padding-top:0px;padding-right:0px;padding-bottom:0px;padding-left:0px;}<\/style>\n<h1 class=\"kt-adv-heading1719_f8967c-0c wp-block-kadence-advancedheading\" data-kb-block=\"kb-adv-heading1719_f8967c-0c\">F\u00e1brica de rodapi\u00e9s Sabadell<\/h1>\n<\/div><\/div>\n\n<\/div><\/div>\n\n<style>.kb-row-layout-id1719_e26b08-5a > .kt-row-column-wrap{align-content:start;}:where(.kb-row-layout-id1719_e26b08-5a > .kt-row-column-wrap) > .wp-block-kadence-column{justify-content:start;}.kb-row-layout-id1719_e26b08-5a > .kt-row-column-wrap{column-gap:var(--global-kb-gap-md, 2rem);row-gap:var(--global-kb-gap-md, 2rem);padding-top:var(--global-kb-spacing-sm, 1.5rem);padding-right:var(--global-kb-spacing-5xl, 10rem);padding-bottom:var(--global-kb-spacing-md, 2rem);padding-left:var(--global-kb-spacing-5xl, 10rem);grid-template-columns:repeat(2, minmax(0, 1fr));}.kb-row-layout-id1719_e26b08-5a > .kt-row-layout-overlay{opacity:0.30;}@media all and (max-width: 1024px){.kb-row-layout-id1719_e26b08-5a > .kt-row-column-wrap{grid-template-columns:repeat(2, minmax(0, 1fr));}}@media all and (max-width: 767px){.kb-row-layout-id1719_e26b08-5a > .kt-row-column-wrap{grid-template-columns:minmax(0, 1fr);}}<\/style><div class=\"kb-row-layout-wrap kb-row-layout-id1719_e26b08-5a alignnone wp-block-kadence-rowlayout\"><div class=\"kt-row-column-wrap kt-has-2-columns kt-row-layout-equal kt-tab-layout-inherit kt-mobile-layout-row kt-row-valign-top\">\n<style>.kadence-column1719_d420a0-2e > .kt-inside-inner-col,.kadence-column1719_d420a0-2e > .kt-inside-inner-col:before{border-top-left-radius:0px;border-top-right-radius:0px;border-bottom-right-radius:0px;border-bottom-left-radius:0px;}.kadence-column1719_d420a0-2e > .kt-inside-inner-col:before{opacity:0.3;}.kadence-column1719_d420a0-2e{position:relative;}<\/style>\n<div class=\"wp-block-kadence-column kadence-column1719_d420a0-2e\"><div class=\"kt-inside-inner-col\">\n<p>Con m\u00e1s de 40 a\u00f1os en la industria y fundada en 1994, Perfilstar tiene una experiencia incomparable en la fabricaci\u00f3n de molduras y complementos para suelos laminados y tarimas de madera en Europa. <br>Esta larga trayectoria garantiza un profundo conocimiento del mercado y una calidad inigualable en cada producto fabricado, convirti\u00e9ndose en la mejor <strong>f\u00e1brica de rodapi\u00e9s en Sabadell.<\/strong><\/p>\n\n\n\n<p>En Perfilstar, la calidad es una prioridad indiscutible. <br>Cada rodapi\u00e9 que sale de nuestras instalaciones en Sabadell est\u00e1 fabricado con los m\u00e1s altos est\u00e1ndares de calidad. <br>Desde la selecci\u00f3n de materiales hasta el proceso de fabricaci\u00f3n, cada paso se lleva a cabo con precisi\u00f3n y atenci\u00f3n al detalle para garantizar la durabilidad y el acabado impecable de nuestros productos como <strong>f\u00e1brica de rodapi\u00e9s en Sabadell.<\/strong><\/p>\n\n\n\n<p>Nos preocupamos profundamente por el medio ambiente, por lo que en Perfilstar nos comprometemos a utilizar materiales certificados internacionalmente, como PEFC o FSC. <br>Adem\u00e1s, hemos implementado pr\u00e1cticas de reciclaje y reutilizaci\u00f3n de materiales para minimizar nuestro impacto ambiental. <br>Con el s\u00edmbolo de punto verde de reciclaje en nuestros productos y la separaci\u00f3n adecuada de residuos, estamos comprometidos con un futuro m\u00e1s sostenible.<\/p>\n\n\n<style>.wp-block-kadence-advancedbtn.kb-btns1719_63a030-96{gap:var(--global-kb-gap-xs, 0.5rem );justify-content:center;align-items:center;}.kt-btns1719_63a030-96 .kt-button{font-weight:normal;font-style:normal;}.kt-btns1719_63a030-96 .kt-btn-wrap-0{margin-right:5px;}.wp-block-kadence-advancedbtn.kt-btns1719_63a030-96 .kt-btn-wrap-0 .kt-button{color:#555555;border-color:#555555;}.wp-block-kadence-advancedbtn.kt-btns1719_63a030-96 .kt-btn-wrap-0 .kt-button:hover, .wp-block-kadence-advancedbtn.kt-btns1719_63a030-96 .kt-btn-wrap-0 .kt-button:focus{color:#ffffff;border-color:#444444;}.wp-block-kadence-advancedbtn.kt-btns1719_63a030-96 .kt-btn-wrap-0 .kt-button::before{display:none;}.wp-block-kadence-advancedbtn.kt-btns1719_63a030-96 .kt-btn-wrap-0 .kt-button:hover, .wp-block-kadence-advancedbtn.kt-btns1719_63a030-96 .kt-btn-wrap-0 .kt-button:focus{background:#444444;}<\/style>\n<div class=\"wp-block-kadence-advancedbtn kb-buttons-wrap kb-btns1719_63a030-96\"><style>ul.menu .wp-block-kadence-advancedbtn .kb-btn1719_d8d178-dc.kb-button{width:initial;}.wp-block-kadence-advancedbtn .kb-btn1719_d8d178-dc.kb-button{font-weight:bold;font-size:var(--global-kb-font-size-sm, 0.9rem);text-transform:uppercase;border-top-left-radius:0px;border-top-right-radius:0px;border-bottom-right-radius:0px;border-bottom-left-radius:0px;padding-right:var(--global-kb-spacing-sm, 1.5rem);padding-left:var(--global-kb-spacing-sm, 1.5rem);}<\/style><a class=\"kb-button kt-button button kb-btn1719_d8d178-dc kt-btn-size-standard kt-btn-width-type-auto kb-btn-global-fill kt-btn-has-text-true kt-btn-has-svg-false wp-block-kadence-singlebtn\" href=\"https:\/\/www.perfilstar.com\/en\/contacto\/\"><span class=\"kt-btn-inner-text\">CONTACTA CON NOSOTROS<\/span><\/a><\/div>\n\n\n\n<p>En Perfilstar, entendemos que cada proyecto es \u00fanico. <br>Es por eso que ofrecemos una amplia gama de opciones para adaptarnos a tus necesidades espec\u00edficas como <strong>f\u00e1brica de rodapi\u00e9s en Sabadell<\/strong>. <br>Ya sea que necesites rodapi\u00e9s de diferentes materiales como MDF, aluminio o PVC compacto, o que est\u00e9s buscando una amplia variedad de dise\u00f1os y acabados, tenemos la soluci\u00f3n perfecta para ti. <br>Con m\u00e1s de 1000 papeles decorativos disponibles y la capacidad de imprimir cualquier dise\u00f1o, nuestra flexibilidad es incomparable.<\/p>\n\n\n\n<p>La innovaci\u00f3n es parte de nuestro ADN como <strong>f\u00e1brica de rodapi\u00e9s en Sabadell<\/strong>. <br>Nos mantenemos a la vanguardia de la tecnolog\u00eda con l\u00edneas de producci\u00f3n totalmente automatizadas y una inversi\u00f3n constante en maquinaria de \u00faltima generaci\u00f3n. Nuestra impresora digital nos permite reproducir cualquier dise\u00f1o con precisi\u00f3n y garantizar la calidad de nuestros productos en todo momento.<\/p>\n\n\n\n<p>Como empresa familiar, en Perfilstar valoramos a las personas por encima de todo. Nuestros empleados son el coraz\u00f3n de nuestra empresa, y muchos de ellos han dedicado toda su vida laboral a Perfilstar. <br>Desde el primer nivel hasta la cima, fomentamos un ambiente de trabajo colaborativo y apoyo mutuo para garantizar la satisfacci\u00f3n tanto de nuestros empleados como de nuestros clientes.<\/p>\n\n\n\n<p>Nuestras instalaciones en Sabadell, estrat\u00e9gicamente ubicadas cerca de Barcelona, nos permiten servir a nuestros clientes de manera r\u00e1pida y eficiente. <br>Con f\u00e1cil acceso desde la autopista AP-7, estamos convenientemente ubicados para atender tus necesidades de rodapi\u00e9s en Sabadell y sus alrededores.<\/p>\n<\/div><\/div>\n\n\n<style>.kadence-column1719_bdc737-6a > .kt-inside-inner-col,.kadence-column1719_bdc737-6a > .kt-inside-inner-col:before{border-top-left-radius:0px;border-top-right-radius:0px;border-bottom-right-radius:0px;border-bottom-left-radius:0px;}.kadence-column1719_bdc737-6a > .kt-inside-inner-col:before{opacity:0.3;}.kadence-column1719_bdc737-6a{position:relative;}<\/style>\n<div class=\"wp-block-kadence-column kadence-column1719_bdc737-6a\"><div class=\"kt-inside-inner-col\">\n<div class=\"wp-block-kadence-form kadence-form-1719_31a6d5-08 kb-form-wrap\"><form class=\"kb-form\" action=\"\" method=\"post\" data-trp-original-action=\"\"><div class=\"kadence-blocks-form-field kb-field-desk-width-100 kb-input-size-standard\"><label for=\"kb_field_1719_31a6d5-08_0\">Name<\/label><input name=\"kb_field_0\" id=\"kb_field_1719_31a6d5-08_0\" data-label=\"Name\" type=\"text\" placeholder=\"\" value=\"\" data-type=\"text\" class=\"kb-field kb-text-style-field kb-text-field kb-field-0\"\/><\/div><div class=\"kadence-blocks-form-field kb-form-field-1 kb-field-desk-width-100 kb-input-size-standard\"><label for=\"kb_field_1719_31a6d5-08_1\">Email<span class=\"required\">*<\/span><\/label><input name=\"kb_field_1\" id=\"kb_field_1719_31a6d5-08_1\" data-label=\"Email\" type=\"email\" placeholder=\"\" value=\"\" data-type=\"email\" class=\"kb-field kb-text-style-field kb-email-field kb-field-1\" data-required=\"yes\"\/><\/div><div class=\"kadence-blocks-form-field kb-form-field-2 kb-field-desk-width-100 kb-input-size-standard\"><label for=\"kb_field_1719_31a6d5-08_2\">Message<span class=\"required\">*<\/span><\/label><textarea name=\"kb_field_2\" id=\"kb_field_1719_31a6d5-08_2\" data-label=\"Message\" type=\"textarea\" placeholder=\"\" data-type=\"textarea\" class=\"kb-field kb-text-style-field kb-textarea-field kb-field-2\" rows=\"4\" data-required=\"yes\"><\/textarea><\/div><input type=\"hidden\" name=\"_kb_form_id\" value=\"1719_31a6d5-08\"\/><input type=\"hidden\" name=\"_kb_form_post_id\" value=\"1719\"\/><input type=\"hidden\" name=\"action\" value=\"kb_process_ajax_submit\"\/><input class=\"kadence-blocks-field verify\" type=\"text\" name=\"_kb_verify_email\" autocomplete=\"new-password\" aria-hidden=\"true\" placeholder=\"Email\" tabindex=\"-1\" data-1p-ignore=\"true\" data-lpignore=\"true\" \/><div class=\"kadence-blocks-form-field kb-submit-field kb-field-desk-width-100\"><button class=\"kb-forms-submit button kb-button-size-standard kb-button-width-auto\">Submit<\/button><\/div><input type=\"hidden\" name=\"trp-form-language\" value=\"en\"\/><\/form><\/div>\n<noscript><div class=\"kadence-blocks-form-message kadence-blocks-form-warning\">Please enable JavaScript in your browser to submit the form<\/div><style>.kadence-form-1719_31a6d5-08 .kadence-blocks-form-field.kb-submit-field { display: none; }<\/style><\/noscript><\/div><\/div>\n\n<\/div><\/div>\n\n<style>.kb-row-layout-id1719_5d30cd-3e > .kt-row-column-wrap{align-content:start;}:where(.kb-row-layout-id1719_5d30cd-3e > .kt-row-column-wrap) > .wp-block-kadence-column{justify-content:start;}.kb-row-layout-id1719_5d30cd-3e > .kt-row-column-wrap{column-gap:var(--global-kb-gap-md, 2rem);row-gap:var(--global-kb-gap-md, 2rem);padding-top:var(--global-kb-spacing-sm, 1.5rem);padding-right:var(--global-kb-spacing-5xl, 10rem);padding-bottom:var(--global-kb-spacing-lg, 3rem);padding-left:var(--global-kb-spacing-5xl, 10rem);grid-template-columns:repeat(2, minmax(0, 1fr));}.kb-row-layout-id1719_5d30cd-3e > .kt-row-layout-overlay{opacity:0.30;}@media all and (max-width: 1024px){.kb-row-layout-id1719_5d30cd-3e > .kt-row-column-wrap{grid-template-columns:repeat(2, minmax(0, 1fr));}}@media all and (max-width: 767px){.kb-row-layout-id1719_5d30cd-3e > .kt-row-column-wrap{grid-template-columns:minmax(0, 1fr);}}<\/style><div class=\"kb-row-layout-wrap kb-row-layout-id1719_5d30cd-3e alignnone wp-block-kadence-rowlayout\"><div class=\"kt-row-column-wrap kt-has-2-columns kt-row-layout-equal kt-tab-layout-inherit kt-mobile-layout-row kt-row-valign-top\">\n<style>.kadence-column1719_c5782c-87 > .kt-inside-inner-col,.kadence-column1719_c5782c-87 > .kt-inside-inner-col:before{border-top-left-radius:0px;border-top-right-radius:0px;border-bottom-right-radius:0px;border-bottom-left-radius:0px;}.kadence-column1719_c5782c-87 > .kt-inside-inner-col:before{opacity:0.3;}.kadence-column1719_c5782c-87{position:relative;}<\/style>\n<div class=\"wp-block-kadence-column kadence-column1719_c5782c-87\"><div class=\"kt-inside-inner-col\"><style>.kb-image1719_e72fe8-e0 .kb-image-has-overlay:after{opacity:0.3;}<\/style>\n<figure class=\"wp-block-kadence-image kb-image1719_e72fe8-e0 size-large\"><img decoding=\"async\" src=\"https:\/\/www.perfilstar.com\/wp-content\/uploads\/2023\/06\/123-2023-06-02T125556.092-1024x724.png\" alt=\"\" class=\"kb-img wp-image-1054\"\/><\/figure>\n<\/div><\/div>\n\n\n<style>.kadence-column1719_83df2b-ab > .kt-inside-inner-col,.kadence-column1719_83df2b-ab > .kt-inside-inner-col:before{border-top-left-radius:0px;border-top-right-radius:0px;border-bottom-right-radius:0px;border-bottom-left-radius:0px;}.kadence-column1719_83df2b-ab > .kt-inside-inner-col:before{opacity:0.3;}.kadence-column1719_83df2b-ab{position:relative;}<\/style>\n<div class=\"wp-block-kadence-column kadence-column1719_83df2b-ab\"><div class=\"kt-inside-inner-col\">\n<p>Perfilstar es la mejor opci\u00f3n cuando se trata de fabricaci\u00f3n de rodapi\u00e9s en Sabadell. <br>Nuestra experiencia, compromiso con la calidad, enfoque en la sostenibilidad, flexibilidad de productos, innovaci\u00f3n tecnol\u00f3gica y valores familiares nos distinguen como l\u00edderes en la industria. Conf\u00eda en Perfilstar para tus proyectos de rodapi\u00e9s y descubre la diferencia que podemos hacer.\u00a0<\/p>\n\n\n\n<p>Si est\u00e1s buscando una <strong>f\u00e1brica de rodapi\u00e9s en Sabadell<\/strong> cont\u00e1ctanos hoy mismo para obtener m\u00e1s informaci\u00f3n y experimentar la excelencia de Perfilstar.<\/p>\n<\/div><\/div>\n\n<\/div><\/div>","protected":false},"excerpt":{"rendered":"<p>F\u00e1brica de rodapi\u00e9s Sabadell Con m\u00e1s de 40 a\u00f1os en la industria y fundada en 1994, Perfilstar tiene una experiencia incomparable en la fabricaci\u00f3n de molduras y complementos para suelos laminados y tarimas de madera en Europa. Esta larga trayectoria garantiza un profundo conocimiento del mercado y una calidad inigualable en cada producto fabricado, convirti\u00e9ndose&#8230;<\/p>","protected":false},"author":2,"featured_media":0,"parent":0,"menu_order":0,"comment_status":"closed","ping_status":"closed","template":"","meta":{"_kad_blocks_custom_css":"","_kad_blocks_head_custom_js":"","_kad_blocks_body_custom_js":"","_kad_blocks_footer_custom_js":"","_kad_post_transparent":"","_kad_post_title":"","_kad_post_layout":"","_kad_post_sidebar_id":"","_kad_post_content_style":"","_kad_post_vertical_padding":"","_kad_post_feature":"","_kad_post_feature_position":"","_kad_post_header":false,"_kad_post_footer":false,"footnotes":""},"class_list":["post-1719","page","type-page","status-publish","hentry"],"yoast_head":"<!-- This site is optimized with the Yoast SEO plugin v21.2 - https:\/\/yoast.com\/wordpress\/plugins\/seo\/ -->\n<title>F\u00e1brica de rodapi\u00e9s Sabadell - Perfilstar<\/title>\n<meta name=\"robots\" content=\"index, follow, max-snippet:-1, max-image-preview:large, max-video-preview:-1\" \/>\n<link rel=\"canonical\" href=\"https:\/\/www.perfilstar.com\/en\/fabrica-de-rodapies-sabadell\/\" \/>\n<meta property=\"og:locale\" content=\"en_GB\" \/>\n<meta property=\"og:type\" content=\"article\" \/>\n<meta property=\"og:title\" content=\"F\u00e1brica de rodapi\u00e9s Sabadell - Perfilstar\" \/>\n<meta property=\"og:description\" content=\"F\u00e1brica de rodapi\u00e9s Sabadell Con m\u00e1s de 40 a\u00f1os en la industria y fundada en 1994, Perfilstar tiene una experiencia incomparable en la fabricaci\u00f3n de molduras y complementos para suelos laminados y tarimas de madera en Europa. Esta larga trayectoria garantiza un profundo conocimiento del mercado y una calidad inigualable en cada producto fabricado, convirti\u00e9ndose...\" \/>\n<meta property=\"og:url\" content=\"https:\/\/www.perfilstar.com\/en\/fabrica-de-rodapies-sabadell\/\" \/>\n<meta property=\"og:site_name\" content=\"Perfilstar\" \/>\n<meta property=\"og:image\" content=\"https:\/\/www.perfilstar.com\/wp-content\/uploads\/2023\/06\/123-2023-06-02T125556.092-1024x724.png\" \/>\n<meta name=\"twitter:card\" content=\"summary_large_image\" \/>\n<meta name=\"twitter:label1\" content=\"Estimated reading time\" \/>\n\t<meta name=\"twitter:data1\" content=\"3 minutes\" \/>\n<script type=\"application\/ld+json\" class=\"yoast-schema-graph\">{\"@context\":\"https:\/\/schema.org\",\"@graph\":[{\"@type\":\"WebPage\",\"@id\":\"https:\/\/www.perfilstar.com\/fabrica-de-rodapies-sabadell\/\",\"url\":\"https:\/\/www.perfilstar.com\/fabrica-de-rodapies-sabadell\/\",\"name\":\"F\u00e1brica de rodapi\u00e9s Sabadell - Perfilstar\",\"isPartOf\":{\"@id\":\"https:\/\/www.perfilstar.com\/#website\"},\"datePublished\":\"2024-04-30T09:19:42+00:00\",\"dateModified\":\"2024-04-30T09:19:42+00:00\",\"breadcrumb\":{\"@id\":\"https:\/\/www.perfilstar.com\/fabrica-de-rodapies-sabadell\/#breadcrumb\"},\"inLanguage\":\"en-GB\",\"potentialAction\":[{\"@type\":\"ReadAction\",\"target\":[\"https:\/\/www.perfilstar.com\/fabrica-de-rodapies-sabadell\/\"]}]},{\"@type\":\"BreadcrumbList\",\"@id\":\"https:\/\/www.perfilstar.com\/fabrica-de-rodapies-sabadell\/#breadcrumb\",\"itemListElement\":[{\"@type\":\"ListItem\",\"position\":1,\"name\":\"Portada\",\"item\":\"https:\/\/www.perfilstar.com\/\"},{\"@type\":\"ListItem\",\"position\":2,\"name\":\"F\u00e1brica de rodapi\u00e9s Sabadell\"}]},{\"@type\":\"WebSite\",\"@id\":\"https:\/\/www.perfilstar.com\/#website\",\"url\":\"https:\/\/www.perfilstar.com\/\",\"name\":\"Perfilstar\",\"description\":\"Fabricante de rodapi\u00e9s y juntas de mdf para tarimas de madera, laminadas y vin\u00edlicas de lvt. Rodapi\u00e9 y perfiles de uni\u00f3n para parquet.\",\"publisher\":{\"@id\":\"https:\/\/www.perfilstar.com\/#organization\"},\"potentialAction\":[{\"@type\":\"SearchAction\",\"target\":{\"@type\":\"EntryPoint\",\"urlTemplate\":\"https:\/\/www.perfilstar.com\/?s={search_term_string}\"},\"query-input\":\"required name=search_term_string\"}],\"inLanguage\":\"en-GB\"},{\"@type\":\"Organization\",\"@id\":\"https:\/\/www.perfilstar.com\/#organization\",\"name\":\"Perfilstar\",\"url\":\"https:\/\/www.perfilstar.com\/\",\"logo\":{\"@type\":\"ImageObject\",\"inLanguage\":\"en-GB\",\"@id\":\"https:\/\/www.perfilstar.com\/#\/schema\/logo\/image\/\",\"url\":\"https:\/\/www.perfilstar.com\/wp-content\/uploads\/2023\/04\/logo.png\",\"contentUrl\":\"https:\/\/www.perfilstar.com\/wp-content\/uploads\/2023\/04\/logo.png\",\"width\":223,\"height\":28,\"caption\":\"Perfilstar\"},\"image\":{\"@id\":\"https:\/\/www.perfilstar.com\/#\/schema\/logo\/image\/\"}}]}<\/script>\n<!-- \/ Yoast SEO plugin. -->","yoast_head_json":{"title":"F\u00e1brica de rodapi\u00e9s Sabadell - Perfilstar","robots":{"index":"index","follow":"follow","max-snippet":"max-snippet:-1","max-image-preview":"max-image-preview:large","max-video-preview":"max-video-preview:-1"},"canonical":"https:\/\/www.perfilstar.com\/en\/fabrica-de-rodapies-sabadell\/","og_locale":"en_GB","og_type":"article","og_title":"F\u00e1brica de rodapi\u00e9s Sabadell - Perfilstar","og_description":"F\u00e1brica de rodapi\u00e9s Sabadell Con m\u00e1s de 40 a\u00f1os en la industria y fundada en 1994, Perfilstar tiene una experiencia incomparable en la fabricaci\u00f3n de molduras y complementos para suelos laminados y tarimas de madera en Europa. Esta larga trayectoria garantiza un profundo conocimiento del mercado y una calidad inigualable en cada producto fabricado, convirti\u00e9ndose...","og_url":"https:\/\/www.perfilstar.com\/en\/fabrica-de-rodapies-sabadell\/","og_site_name":"Perfilstar","og_image":[{"url":"https:\/\/www.perfilstar.com\/wp-content\/uploads\/2023\/06\/123-2023-06-02T125556.092-1024x724.png"}],"twitter_card":"summary_large_image","twitter_misc":{"Estimated reading time":"3 minutes"},"schema":{"@context":"https:\/\/schema.org","@graph":[{"@type":"WebPage","@id":"https:\/\/www.perfilstar.com\/fabrica-de-rodapies-sabadell\/","url":"https:\/\/www.perfilstar.com\/fabrica-de-rodapies-sabadell\/","name":"F\u00e1brica de rodapi\u00e9s Sabadell - Perfilstar","isPartOf":{"@id":"https:\/\/www.perfilstar.com\/#website"},"datePublished":"2024-04-30T09:19:42+00:00","dateModified":"2024-04-30T09:19:42+00:00","breadcrumb":{"@id":"https:\/\/www.perfilstar.com\/fabrica-de-rodapies-sabadell\/#breadcrumb"},"inLanguage":"en-GB","potentialAction":[{"@type":"ReadAction","target":["https:\/\/www.perfilstar.com\/fabrica-de-rodapies-sabadell\/"]}]},{"@type":"BreadcrumbList","@id":"https:\/\/www.perfilstar.com\/fabrica-de-rodapies-sabadell\/#breadcrumb","itemListElement":[{"@type":"ListItem","position":1,"name":"Portada","item":"https:\/\/www.perfilstar.com\/"},{"@type":"ListItem","position":2,"name":"F\u00e1brica de rodapi\u00e9s Sabadell"}]},{"@type":"WebSite","@id":"https:\/\/www.perfilstar.com\/#website","url":"https:\/\/www.perfilstar.com\/","name":"Perfilstar","description":"Fabricante de rodapi\u00e9s y juntas de mdf para tarimas de madera, laminadas y vin\u00edlicas de lvt. Rodapi\u00e9 y perfiles de uni\u00f3n para parquet.","publisher":{"@id":"https:\/\/www.perfilstar.com\/#organization"},"potentialAction":[{"@type":"SearchAction","target":{"@type":"EntryPoint","urlTemplate":"https:\/\/www.perfilstar.com\/?s={search_term_string}"},"query-input":"required name=search_term_string"}],"inLanguage":"en-GB"},{"@type":"Organization","@id":"https:\/\/www.perfilstar.com\/#organization","name":"Perfilstar","url":"https:\/\/www.perfilstar.com\/","logo":{"@type":"ImageObject","inLanguage":"en-GB","@id":"https:\/\/www.perfilstar.com\/#\/schema\/logo\/image\/","url":"https:\/\/www.perfilstar.com\/wp-content\/uploads\/2023\/04\/logo.png","contentUrl":"https:\/\/www.perfilstar.com\/wp-content\/uploads\/2023\/04\/logo.png","width":223,"height":28,"caption":"Perfilstar"},"image":{"@id":"https:\/\/www.perfilstar.com\/#\/schema\/logo\/image\/"}}]}},"featured_image_src_large":false,"author_info":{"display_name":"PERFILSTAR","author_link":"https:\/\/www.perfilstar.com\/en\/author\/soporte\/"},"comment_info":0,"taxonomy_info":[],"_links":{"self":[{"href":"https:\/\/www.perfilstar.com\/en\/wp-json\/wp\/v2\/pages\/1719","targetHints":{"allow":["GET"]}}],"collection":[{"href":"https:\/\/www.perfilstar.com\/en\/wp-json\/wp\/v2\/pages"}],"about":[{"href":"https:\/\/www.perfilstar.com\/en\/wp-json\/wp\/v2\/types\/page"}],"author":[{"embeddable":true,"href":"https:\/\/www.perfilstar.com\/en\/wp-json\/wp\/v2\/users\/2"}],"replies":[{"embeddable":true,"href":"https:\/\/www.perfilstar.com\/en\/wp-json\/wp\/v2\/comments?post=1719"}],"version-history":[{"count":1,"href":"https:\/\/www.perfilstar.com\/en\/wp-json\/wp\/v2\/pages\/1719\/revisions"}],"predecessor-version":[{"id":1720,"href":"https:\/\/www.perfilstar.com\/en\/wp-json\/wp\/v2\/pages\/1719\/revisions\/1720"}],"wp:attachment":[{"href":"https:\/\/www.perfilstar.com\/en\/wp-json\/wp\/v2\/media?parent=1719"}],"curies":[{"name":"wp","href":"https:\/\/api.w.org\/{rel}","templated":true}]}}