{"id":1271,"date":"2023-10-26T07:51:03","date_gmt":"2023-10-26T07:51:03","guid":{"rendered":"https:\/\/www.perfilstar.com\/?page_id=1271"},"modified":"2023-12-28T10:26:44","modified_gmt":"2023-12-28T10:26:44","slug":"cubrerodapies-barcelona","status":"publish","type":"page","link":"https:\/\/www.perfilstar.com\/en\/cubrerodapies-barcelona\/","title":{"rendered":"Cubrerodapies Barcelona"},"content":{"rendered":"<style>.kb-row-layout-id1271_6f362b-25 > .kt-row-column-wrap{align-content:start;}:where(.kb-row-layout-id1271_6f362b-25 > .kt-row-column-wrap) > .wp-block-kadence-column{justify-content:start;}.kb-row-layout-id1271_6f362b-25 > .kt-row-column-wrap{column-gap:var(--global-kb-gap-md, 2rem);row-gap:var(--global-kb-gap-md, 2rem);padding-top:var(--global-kb-spacing-md, 2rem);padding-right:var(--global-kb-spacing-4xl, 8rem);padding-bottom:var(--global-kb-spacing-md, 2rem);padding-left:var(--global-kb-spacing-5xl, 10rem);grid-template-columns:minmax(0, 1fr);}.kb-row-layout-id1271_6f362b-25 > .kt-row-layout-overlay{opacity:0.30;}@media all and (max-width: 1024px){.kb-row-layout-id1271_6f362b-25 > .kt-row-column-wrap{grid-template-columns:minmax(0, 1fr);}}@media all and (max-width: 767px){.kb-row-layout-id1271_6f362b-25 > .kt-row-column-wrap{grid-template-columns:minmax(0, 1fr);}}<\/style><div class=\"kb-row-layout-wrap kb-row-layout-id1271_6f362b-25 alignnone wp-block-kadence-rowlayout\"><div class=\"kt-row-column-wrap kt-has-1-columns kt-row-layout-equal kt-tab-layout-inherit kt-mobile-layout-row kt-row-valign-top\">\n<style>.kadence-column1271_361444-52 > .kt-inside-inner-col,.kadence-column1271_361444-52 > .kt-inside-inner-col:before{border-top-left-radius:0px;border-top-right-radius:0px;border-bottom-right-radius:0px;border-bottom-left-radius:0px;}.kadence-column1271_361444-52 > .kt-inside-inner-col:before{opacity:0.3;}.kadence-column1271_361444-52{position:relative;}<\/style>\n<div class=\"wp-block-kadence-column kadence-column1271_361444-52\"><div class=\"kt-inside-inner-col\"><style>.wp-block-kadence-advancedheading.kt-adv-heading1271_e89350-02, .wp-block-kadence-advancedheading.kt-adv-heading1271_e89350-02[data-kb-block=\"kb-adv-heading1271_e89350-02\"]{font-style:normal;}.wp-block-kadence-advancedheading.kt-adv-heading1271_e89350-02 mark, .wp-block-kadence-advancedheading.kt-adv-heading1271_e89350-02[data-kb-block=\"kb-adv-heading1271_e89350-02\"] mark{font-style:normal;color:#f76a0c;padding-top:0px;padding-right:0px;padding-bottom:0px;padding-left:0px;}<\/style>\n<h1 class=\"kt-adv-heading1271_e89350-02 wp-block-kadence-advancedheading\" data-kb-block=\"kb-adv-heading1271_e89350-02\">Cubrerodapies Barcelona<\/h1>\n<\/div><\/div>\n\n<\/div><\/div>\n\n<style>.kb-row-layout-id1271_097ebd-9c > .kt-row-column-wrap{align-content:start;}:where(.kb-row-layout-id1271_097ebd-9c > .kt-row-column-wrap) > .wp-block-kadence-column{justify-content:start;}.kb-row-layout-id1271_097ebd-9c > .kt-row-column-wrap{column-gap:var(--global-kb-gap-md, 2rem);row-gap:var(--global-kb-gap-md, 2rem);padding-top:var(--global-kb-spacing-sm, 1.5rem);padding-right:var(--global-kb-spacing-5xl, 10rem);padding-bottom:var(--global-kb-spacing-md, 2rem);padding-left:var(--global-kb-spacing-5xl, 10rem);grid-template-columns:repeat(2, minmax(0, 1fr));}.kb-row-layout-id1271_097ebd-9c > .kt-row-layout-overlay{opacity:0.30;}@media all and (max-width: 1024px){.kb-row-layout-id1271_097ebd-9c > .kt-row-column-wrap{grid-template-columns:repeat(2, minmax(0, 1fr));}}@media all and (max-width: 767px){.kb-row-layout-id1271_097ebd-9c > .kt-row-column-wrap{grid-template-columns:minmax(0, 1fr);}}<\/style><div class=\"kb-row-layout-wrap kb-row-layout-id1271_097ebd-9c alignnone wp-block-kadence-rowlayout\"><div class=\"kt-row-column-wrap kt-has-2-columns kt-row-layout-equal kt-tab-layout-inherit kt-mobile-layout-row kt-row-valign-top\">\n<style>.kadence-column1271_d21219-7b > .kt-inside-inner-col,.kadence-column1271_d21219-7b > .kt-inside-inner-col:before{border-top-left-radius:0px;border-top-right-radius:0px;border-bottom-right-radius:0px;border-bottom-left-radius:0px;}.kadence-column1271_d21219-7b > .kt-inside-inner-col:before{opacity:0.3;}.kadence-column1271_d21219-7b{position:relative;}<\/style>\n<div class=\"wp-block-kadence-column kadence-column1271_d21219-7b\"><div class=\"kt-inside-inner-col\">\n<p>Cuando piensa en la est\u00e9tica y el cuidado de su propiedad en Barcelona, debe tener en cuenta que todos los detalles son importantes. Cada decisi\u00f3n que toma y elemento que a\u00f1ada tendr\u00e1 un rol para convertir en su espacio en un hogar ideal para usted y sus seres queridos.<\/p>\n\n\n\n<p>Entre los elementos del hogar, tambi\u00e9n se debe tener en cuenta los cubrerodapies. Aunque los cubrerodapies son usualmente olvidados, cumplen una funci\u00f3n importante.<\/p>\n\n\n\n<p>En la mayor\u00eda de los hogares, los <strong>cubrerodapies en Barcelona<\/strong> son un accesorio popular y la elecci\u00f3n del dise\u00f1o adecuado puede complementar maravillosamente una habitaci\u00f3n interior.<\/p>\n\n\n<style>.wp-block-kadence-advancedbtn.kb-btns1271_48511a-2b{gap:var(--global-kb-gap-xs, 0.5rem );justify-content:center;align-items:center;}.kt-btns1271_48511a-2b .kt-button{font-weight:normal;font-style:normal;}.kt-btns1271_48511a-2b .kt-btn-wrap-0{margin-right:5px;}.wp-block-kadence-advancedbtn.kt-btns1271_48511a-2b .kt-btn-wrap-0 .kt-button{color:#555555;border-color:#555555;}.wp-block-kadence-advancedbtn.kt-btns1271_48511a-2b .kt-btn-wrap-0 .kt-button:hover, .wp-block-kadence-advancedbtn.kt-btns1271_48511a-2b .kt-btn-wrap-0 .kt-button:focus{color:#ffffff;border-color:#444444;}.wp-block-kadence-advancedbtn.kt-btns1271_48511a-2b .kt-btn-wrap-0 .kt-button::before{display:none;}.wp-block-kadence-advancedbtn.kt-btns1271_48511a-2b .kt-btn-wrap-0 .kt-button:hover, .wp-block-kadence-advancedbtn.kt-btns1271_48511a-2b .kt-btn-wrap-0 .kt-button:focus{background:#444444;}<\/style>\n<div class=\"wp-block-kadence-advancedbtn kb-buttons-wrap kb-btns1271_48511a-2b\"><style>ul.menu .wp-block-kadence-advancedbtn .kb-btn1271_5f6609-68.kb-button{width:initial;}.wp-block-kadence-advancedbtn .kb-btn1271_5f6609-68.kb-button{font-weight:bold;font-size:var(--global-kb-font-size-sm, 0.9rem);text-transform:uppercase;border-top-left-radius:0px;border-top-right-radius:0px;border-bottom-right-radius:0px;border-bottom-left-radius:0px;padding-right:var(--global-kb-spacing-sm, 1.5rem);padding-left:var(--global-kb-spacing-sm, 1.5rem);}<\/style><a class=\"kb-button kt-button button kb-btn1271_5f6609-68 kt-btn-size-standard kt-btn-width-type-auto kb-btn-global-fill kt-btn-has-text-true kt-btn-has-svg-false wp-block-kadence-singlebtn\" href=\"https:\/\/www.perfilstar.com\/en\/contacto\/\"><span class=\"kt-btn-inner-text\">CONTACTA CON NOSOTROS<\/span><\/a><\/div>\n\n\n\n<p>Una de las principales ventajas instalar <strong>cubrerodapies en Barcelona<\/strong> en los espacios habitables es que las habitaciones se mantengan en buen estado. Los <strong>cubrerodapies en Barcelona<\/strong> proporcionan una barrera resistente entre las paredes y los muebles y tambi\u00e9n evitan golpes.<\/p>\n\n\n\n<p>Los <strong>cubrerodapies en Barcelona<\/strong> funcionan como un elemento que se establece como una barrera dura entre las paredes y los muebles, evitando tambi\u00e9n los golpes, por ejemplo, cuando aspira un espacio o cuando mueve muebles pesados, ya que protegen las paredes contra m\u00faltiples golpes, como patadas o la puerta que golpea la pared.<\/p>\n<\/div><\/div>\n\n\n<style>.kadence-column1271_951d24-db > .kt-inside-inner-col,.kadence-column1271_951d24-db > .kt-inside-inner-col:before{border-top-left-radius:0px;border-top-right-radius:0px;border-bottom-right-radius:0px;border-bottom-left-radius:0px;}.kadence-column1271_951d24-db > .kt-inside-inner-col:before{opacity:0.3;}.kadence-column1271_951d24-db{position:relative;}<\/style>\n<div class=\"wp-block-kadence-column kadence-column1271_951d24-db\"><div class=\"kt-inside-inner-col\">\n<div class=\"wp-block-kadence-form kadence-form-1271_c736b3-cd kb-form-wrap\"><form class=\"kb-form\" action=\"\" method=\"post\" data-trp-original-action=\"\"><div class=\"kadence-blocks-form-field kb-field-desk-width-100 kb-input-size-standard\"><label for=\"kb_field_1271_c736b3-cd_0\">Name<\/label><input name=\"kb_field_0\" id=\"kb_field_1271_c736b3-cd_0\" data-label=\"Name\" type=\"text\" placeholder=\"\" value=\"\" data-type=\"text\" class=\"kb-field kb-text-style-field kb-text-field kb-field-0\"\/><\/div><div class=\"kadence-blocks-form-field kb-form-field-1 kb-field-desk-width-100 kb-input-size-standard\"><label for=\"kb_field_1271_c736b3-cd_1\">Email<span class=\"required\">*<\/span><\/label><input name=\"kb_field_1\" id=\"kb_field_1271_c736b3-cd_1\" data-label=\"Email\" type=\"email\" placeholder=\"\" value=\"\" data-type=\"email\" class=\"kb-field kb-text-style-field kb-email-field kb-field-1\" data-required=\"yes\"\/><\/div><div class=\"kadence-blocks-form-field kb-form-field-2 kb-field-desk-width-100 kb-input-size-standard\"><label for=\"kb_field_1271_c736b3-cd_2\">Message<span class=\"required\">*<\/span><\/label><textarea name=\"kb_field_2\" id=\"kb_field_1271_c736b3-cd_2\" data-label=\"Message\" type=\"textarea\" placeholder=\"\" data-type=\"textarea\" class=\"kb-field kb-text-style-field kb-textarea-field kb-field-2\" rows=\"4\" data-required=\"yes\"><\/textarea><\/div><input type=\"hidden\" name=\"_kb_form_id\" value=\"1271_c736b3-cd\"\/><input type=\"hidden\" name=\"_kb_form_post_id\" value=\"1271\"\/><input type=\"hidden\" name=\"action\" value=\"kb_process_ajax_submit\"\/><input class=\"kadence-blocks-field verify\" type=\"text\" name=\"_kb_verify_email\" autocomplete=\"new-password\" aria-hidden=\"true\" placeholder=\"Email\" tabindex=\"-1\" data-1p-ignore=\"true\" data-lpignore=\"true\" \/><div class=\"kadence-blocks-form-field kb-submit-field kb-field-desk-width-100\"><button class=\"kb-forms-submit button kb-button-size-standard kb-button-width-auto\">Submit<\/button><\/div><input type=\"hidden\" name=\"trp-form-language\" value=\"en\"\/><\/form><\/div>\n<noscript><div class=\"kadence-blocks-form-message kadence-blocks-form-warning\">Please enable JavaScript in your browser to submit the form<\/div><style>.kadence-form-1271_c736b3-cd .kadence-blocks-form-field.kb-submit-field { display: none; }<\/style><\/noscript><\/div><\/div>\n\n<\/div><\/div>\n\n<style>.kb-row-layout-id1271_12a7ce-01 > .kt-row-column-wrap{align-content:start;}:where(.kb-row-layout-id1271_12a7ce-01 > .kt-row-column-wrap) > .wp-block-kadence-column{justify-content:start;}.kb-row-layout-id1271_12a7ce-01 > .kt-row-column-wrap{column-gap:var(--global-kb-gap-md, 2rem);row-gap:var(--global-kb-gap-md, 2rem);padding-top:var(--global-kb-spacing-sm, 1.5rem);padding-right:var(--global-kb-spacing-5xl, 10rem);padding-bottom:var(--global-kb-spacing-lg, 3rem);padding-left:var(--global-kb-spacing-5xl, 10rem);grid-template-columns:repeat(2, minmax(0, 1fr));}.kb-row-layout-id1271_12a7ce-01 > .kt-row-layout-overlay{opacity:0.30;}@media all and (max-width: 1024px){.kb-row-layout-id1271_12a7ce-01 > .kt-row-column-wrap{grid-template-columns:repeat(2, minmax(0, 1fr));}}@media all and (max-width: 767px){.kb-row-layout-id1271_12a7ce-01 > .kt-row-column-wrap{grid-template-columns:minmax(0, 1fr);}}<\/style><div class=\"kb-row-layout-wrap kb-row-layout-id1271_12a7ce-01 alignnone wp-block-kadence-rowlayout\"><div class=\"kt-row-column-wrap kt-has-2-columns kt-row-layout-equal kt-tab-layout-inherit kt-mobile-layout-row kt-row-valign-top\">\n<style>.kadence-column1271_acf531-4d > .kt-inside-inner-col,.kadence-column1271_acf531-4d > .kt-inside-inner-col:before{border-top-left-radius:0px;border-top-right-radius:0px;border-bottom-right-radius:0px;border-bottom-left-radius:0px;}.kadence-column1271_acf531-4d > .kt-inside-inner-col:before{opacity:0.3;}.kadence-column1271_acf531-4d{position:relative;}<\/style>\n<div class=\"wp-block-kadence-column kadence-column1271_acf531-4d\"><div class=\"kt-inside-inner-col\"><style>.kb-image1271_1d111e-b0 .kb-image-has-overlay:after{opacity:0.3;}<\/style>\n<figure class=\"wp-block-kadence-image kb-image1271_1d111e-b0 size-large\"><img decoding=\"async\" src=\"https:\/\/www.perfilstar.com\/wp-content\/uploads\/2023\/06\/123-2023-06-02T125556.092-1024x724.png\" alt=\"\" class=\"kb-img wp-image-1054\"\/><\/figure>\n<\/div><\/div>\n\n\n<style>.kadence-column1271_8b995e-4c > .kt-inside-inner-col,.kadence-column1271_8b995e-4c > .kt-inside-inner-col:before{border-top-left-radius:0px;border-top-right-radius:0px;border-bottom-right-radius:0px;border-bottom-left-radius:0px;}.kadence-column1271_8b995e-4c > .kt-inside-inner-col:before{opacity:0.3;}.kadence-column1271_8b995e-4c{position:relative;}<\/style>\n<div class=\"wp-block-kadence-column kadence-column1271_8b995e-4c\"><div class=\"kt-inside-inner-col\">\n<p>La mayor\u00eda de los <strong>cubrerodapies en Barcelona<\/strong> tambi\u00e9n tienen t\u00faneles espaciosos que los separan entre s\u00ed y le permiten instalar cables de alimentaci\u00f3n y cables para TV, Internet, computadoras y m\u00e1s. A esto se suma que los <strong>cubrerodapies en Barcelona <\/strong>pueden convertirse en un hermoso elemento de decoraci\u00f3n al tiempo que son un producto respetuoso con el medio ambiente al ser de madera.<\/p>\n\n\n\n<p>Los <strong>cubrerodapies en Barcelona<\/strong> ayudan a mantener sus espacios ordenados y en buen estado, convirti\u00e9ndose en un elemento est\u00e9tico y que tienen una funci\u00f3n importante. Tenga en cuenta que hay elementos de pintura sucia o cableado antiest\u00e9tico en propiedades nuevas o antiguas, especialmente en los bordes o \u00e1ngulos inferiores de una habitaci\u00f3n. Los <strong>cubrerodapies en Barcelona<\/strong> son una forma \u00f3ptima de abordar estos problemas frecuentes y ofrecen una forma econ\u00f3mica de hacer que su decoraci\u00f3n sea m\u00e1s agradable.<\/p>\n\n\n\n<p>Adem\u00e1s, los <strong>cubrerodapies en Barcelona <\/strong>se pueden adaptar a m\u00faltiples estilos de decoraci\u00f3n. Los <strong>cubrerodapies en Barcelona<\/strong> son sencillos de instalar y est\u00e1n disponibles en multitud de acabados que permite pintarlos como quiera. Esta es una funci\u00f3n ornamental econ\u00f3mica y de bajo mantenimiento, teniendo en cuenta que, si los <strong>cubrerodapies en Barcelona<\/strong> est\u00e1n da\u00f1ados o si desea cambiar el estilo de su espacio, estos son f\u00e1ciles y r\u00e1pidos de reemplazar.<\/p>\n\n\n\n<p>Si busca los mejores <strong>cubrerodapies en Barcelona <\/strong>cuente con nosotros. Nos tomaremos el tiempo para conocer sus necesidades y gustos y ofrecerle la alternativa ideal para sus espacios, siempre manteniendo precios competitivos y una atenci\u00f3n personalizada y de primera. \u00a1Lo esperamos!<\/p>\n<\/div><\/div>\n\n<\/div><\/div>","protected":false},"excerpt":{"rendered":"<p>Cubrerodapies Barcelona Cuando piensa en la est\u00e9tica y el cuidado de su propiedad en Barcelona, debe tener en cuenta que todos los detalles son importantes. Cada decisi\u00f3n que toma y elemento que a\u00f1ada tendr\u00e1 un rol para convertir en su espacio en un hogar ideal para usted y sus seres queridos. Entre los elementos del&#8230;<\/p>","protected":false},"author":2,"featured_media":0,"parent":0,"menu_order":0,"comment_status":"closed","ping_status":"closed","template":"","meta":{"_kad_blocks_custom_css":"","_kad_blocks_head_custom_js":"","_kad_blocks_body_custom_js":"","_kad_blocks_footer_custom_js":"","_kad_post_transparent":"","_kad_post_title":"","_kad_post_layout":"","_kad_post_sidebar_id":"","_kad_post_content_style":"","_kad_post_vertical_padding":"","_kad_post_feature":"","_kad_post_feature_position":"","_kad_post_header":false,"_kad_post_footer":false,"footnotes":""},"class_list":["post-1271","page","type-page","status-publish","hentry"],"yoast_head":"<!-- This site is optimized with the Yoast SEO plugin v21.2 - https:\/\/yoast.com\/wordpress\/plugins\/seo\/ -->\n<title>Cubrerodapies Barcelona - Perfilstar<\/title>\n<meta name=\"robots\" content=\"index, follow, max-snippet:-1, max-image-preview:large, max-video-preview:-1\" \/>\n<link rel=\"canonical\" href=\"https:\/\/www.perfilstar.com\/en\/cubrerodapies-barcelona\/\" \/>\n<meta property=\"og:locale\" content=\"en_GB\" \/>\n<meta property=\"og:type\" content=\"article\" \/>\n<meta property=\"og:title\" content=\"Cubrerodapies Barcelona - Perfilstar\" \/>\n<meta property=\"og:description\" content=\"Cubrerodapies Barcelona Cuando piensa en la est\u00e9tica y el cuidado de su propiedad en Barcelona, debe tener en cuenta que todos los detalles son importantes. Cada decisi\u00f3n que toma y elemento que a\u00f1ada tendr\u00e1 un rol para convertir en su espacio en un hogar ideal para usted y sus seres queridos. Entre los elementos del...\" \/>\n<meta property=\"og:url\" content=\"https:\/\/www.perfilstar.com\/en\/cubrerodapies-barcelona\/\" \/>\n<meta property=\"og:site_name\" content=\"Perfilstar\" \/>\n<meta property=\"article:modified_time\" content=\"2023-12-28T10:26:44+00:00\" \/>\n<meta property=\"og:image\" content=\"https:\/\/www.perfilstar.com\/wp-content\/uploads\/2023\/06\/123-2023-06-02T125556.092-1024x724.png\" \/>\n<meta name=\"twitter:card\" content=\"summary_large_image\" \/>\n<meta name=\"twitter:label1\" content=\"Estimated reading time\" \/>\n\t<meta name=\"twitter:data1\" content=\"3 minutes\" \/>\n<script type=\"application\/ld+json\" class=\"yoast-schema-graph\">{\"@context\":\"https:\/\/schema.org\",\"@graph\":[{\"@type\":\"WebPage\",\"@id\":\"https:\/\/www.perfilstar.com\/cubrerodapies-barcelona\/\",\"url\":\"https:\/\/www.perfilstar.com\/cubrerodapies-barcelona\/\",\"name\":\"Cubrerodapies Barcelona - Perfilstar\",\"isPartOf\":{\"@id\":\"https:\/\/www.perfilstar.com\/#website\"},\"datePublished\":\"2023-10-26T07:51:03+00:00\",\"dateModified\":\"2023-12-28T10:26:44+00:00\",\"breadcrumb\":{\"@id\":\"https:\/\/www.perfilstar.com\/cubrerodapies-barcelona\/#breadcrumb\"},\"inLanguage\":\"en-GB\",\"potentialAction\":[{\"@type\":\"ReadAction\",\"target\":[\"https:\/\/www.perfilstar.com\/cubrerodapies-barcelona\/\"]}]},{\"@type\":\"BreadcrumbList\",\"@id\":\"https:\/\/www.perfilstar.com\/cubrerodapies-barcelona\/#breadcrumb\",\"itemListElement\":[{\"@type\":\"ListItem\",\"position\":1,\"name\":\"Portada\",\"item\":\"https:\/\/www.perfilstar.com\/\"},{\"@type\":\"ListItem\",\"position\":2,\"name\":\"Cubrerodapies Barcelona\"}]},{\"@type\":\"WebSite\",\"@id\":\"https:\/\/www.perfilstar.com\/#website\",\"url\":\"https:\/\/www.perfilstar.com\/\",\"name\":\"Perfilstar\",\"description\":\"Fabricante de rodapi\u00e9s y juntas de mdf para tarimas de madera, laminadas y vin\u00edlicas de lvt. Rodapi\u00e9 y perfiles de uni\u00f3n para parquet.\",\"publisher\":{\"@id\":\"https:\/\/www.perfilstar.com\/#organization\"},\"potentialAction\":[{\"@type\":\"SearchAction\",\"target\":{\"@type\":\"EntryPoint\",\"urlTemplate\":\"https:\/\/www.perfilstar.com\/?s={search_term_string}\"},\"query-input\":\"required name=search_term_string\"}],\"inLanguage\":\"en-GB\"},{\"@type\":\"Organization\",\"@id\":\"https:\/\/www.perfilstar.com\/#organization\",\"name\":\"Perfilstar\",\"url\":\"https:\/\/www.perfilstar.com\/\",\"logo\":{\"@type\":\"ImageObject\",\"inLanguage\":\"en-GB\",\"@id\":\"https:\/\/www.perfilstar.com\/#\/schema\/logo\/image\/\",\"url\":\"https:\/\/www.perfilstar.com\/wp-content\/uploads\/2023\/04\/logo.png\",\"contentUrl\":\"https:\/\/www.perfilstar.com\/wp-content\/uploads\/2023\/04\/logo.png\",\"width\":223,\"height\":28,\"caption\":\"Perfilstar\"},\"image\":{\"@id\":\"https:\/\/www.perfilstar.com\/#\/schema\/logo\/image\/\"}}]}<\/script>\n<!-- \/ Yoast SEO plugin. -->","yoast_head_json":{"title":"Cubrerodapies Barcelona - Perfilstar","robots":{"index":"index","follow":"follow","max-snippet":"max-snippet:-1","max-image-preview":"max-image-preview:large","max-video-preview":"max-video-preview:-1"},"canonical":"https:\/\/www.perfilstar.com\/en\/cubrerodapies-barcelona\/","og_locale":"en_GB","og_type":"article","og_title":"Cubrerodapies Barcelona - Perfilstar","og_description":"Cubrerodapies Barcelona Cuando piensa en la est\u00e9tica y el cuidado de su propiedad en Barcelona, debe tener en cuenta que todos los detalles son importantes. Cada decisi\u00f3n que toma y elemento que a\u00f1ada tendr\u00e1 un rol para convertir en su espacio en un hogar ideal para usted y sus seres queridos. Entre los elementos del...","og_url":"https:\/\/www.perfilstar.com\/en\/cubrerodapies-barcelona\/","og_site_name":"Perfilstar","article_modified_time":"2023-12-28T10:26:44+00:00","og_image":[{"url":"https:\/\/www.perfilstar.com\/wp-content\/uploads\/2023\/06\/123-2023-06-02T125556.092-1024x724.png"}],"twitter_card":"summary_large_image","twitter_misc":{"Estimated reading time":"3 minutes"},"schema":{"@context":"https:\/\/schema.org","@graph":[{"@type":"WebPage","@id":"https:\/\/www.perfilstar.com\/cubrerodapies-barcelona\/","url":"https:\/\/www.perfilstar.com\/cubrerodapies-barcelona\/","name":"Cubrerodapies Barcelona - Perfilstar","isPartOf":{"@id":"https:\/\/www.perfilstar.com\/#website"},"datePublished":"2023-10-26T07:51:03+00:00","dateModified":"2023-12-28T10:26:44+00:00","breadcrumb":{"@id":"https:\/\/www.perfilstar.com\/cubrerodapies-barcelona\/#breadcrumb"},"inLanguage":"en-GB","potentialAction":[{"@type":"ReadAction","target":["https:\/\/www.perfilstar.com\/cubrerodapies-barcelona\/"]}]},{"@type":"BreadcrumbList","@id":"https:\/\/www.perfilstar.com\/cubrerodapies-barcelona\/#breadcrumb","itemListElement":[{"@type":"ListItem","position":1,"name":"Portada","item":"https:\/\/www.perfilstar.com\/"},{"@type":"ListItem","position":2,"name":"Cubrerodapies Barcelona"}]},{"@type":"WebSite","@id":"https:\/\/www.perfilstar.com\/#website","url":"https:\/\/www.perfilstar.com\/","name":"Perfilstar","description":"Fabricante de rodapi\u00e9s y juntas de mdf para tarimas de madera, laminadas y vin\u00edlicas de lvt. Rodapi\u00e9 y perfiles de uni\u00f3n para parquet.","publisher":{"@id":"https:\/\/www.perfilstar.com\/#organization"},"potentialAction":[{"@type":"SearchAction","target":{"@type":"EntryPoint","urlTemplate":"https:\/\/www.perfilstar.com\/?s={search_term_string}"},"query-input":"required name=search_term_string"}],"inLanguage":"en-GB"},{"@type":"Organization","@id":"https:\/\/www.perfilstar.com\/#organization","name":"Perfilstar","url":"https:\/\/www.perfilstar.com\/","logo":{"@type":"ImageObject","inLanguage":"en-GB","@id":"https:\/\/www.perfilstar.com\/#\/schema\/logo\/image\/","url":"https:\/\/www.perfilstar.com\/wp-content\/uploads\/2023\/04\/logo.png","contentUrl":"https:\/\/www.perfilstar.com\/wp-content\/uploads\/2023\/04\/logo.png","width":223,"height":28,"caption":"Perfilstar"},"image":{"@id":"https:\/\/www.perfilstar.com\/#\/schema\/logo\/image\/"}}]}},"featured_image_src_large":false,"author_info":{"display_name":"PERFILSTAR","author_link":"https:\/\/www.perfilstar.com\/en\/author\/soporte\/"},"comment_info":0,"taxonomy_info":[],"_links":{"self":[{"href":"https:\/\/www.perfilstar.com\/en\/wp-json\/wp\/v2\/pages\/1271","targetHints":{"allow":["GET"]}}],"collection":[{"href":"https:\/\/www.perfilstar.com\/en\/wp-json\/wp\/v2\/pages"}],"about":[{"href":"https:\/\/www.perfilstar.com\/en\/wp-json\/wp\/v2\/types\/page"}],"author":[{"embeddable":true,"href":"https:\/\/www.perfilstar.com\/en\/wp-json\/wp\/v2\/users\/2"}],"replies":[{"embeddable":true,"href":"https:\/\/www.perfilstar.com\/en\/wp-json\/wp\/v2\/comments?post=1271"}],"version-history":[{"count":2,"href":"https:\/\/www.perfilstar.com\/en\/wp-json\/wp\/v2\/pages\/1271\/revisions"}],"predecessor-version":[{"id":1553,"href":"https:\/\/www.perfilstar.com\/en\/wp-json\/wp\/v2\/pages\/1271\/revisions\/1553"}],"wp:attachment":[{"href":"https:\/\/www.perfilstar.com\/en\/wp-json\/wp\/v2\/media?parent=1271"}],"curies":[{"name":"wp","href":"https:\/\/api.w.org\/{rel}","templated":true}]}}