{"id":3,"date":"2023-03-27T06:14:43","date_gmt":"2023-03-27T06:14:43","guid":{"rendered":"https:\/\/www.perfilstar.com\/?page_id=3"},"modified":"2023-04-13T19:58:43","modified_gmt":"2023-04-13T19:58:43","slug":"politica-privacidad","status":"publish","type":"page","link":"https:\/\/www.perfilstar.com\/ca\/politica-privacidad\/","title":{"rendered":"Pol\u00edtica de privacitat"},"content":{"rendered":"<style>.kb-row-layout-id_d5e202-11 > .kt-row-column-wrap{align-content:center;}:where(.kb-row-layout-id_d5e202-11 > .kt-row-column-wrap) > .wp-block-kadence-column{justify-content:center;}.kb-row-layout-id_d5e202-11 > .kt-row-column-wrap{column-gap:var(--global-kb-gap-md, 2rem);row-gap:var(--global-kb-gap-md, 2rem);max-width:var( --global-content-width, 1290px );padding-left:var(--global-content-edge-padding);padding-right:var(--global-content-edge-padding);padding-top:var(--global-kb-spacing-5xl, 10rem);padding-bottom:var(--global-kb-spacing-xl, 4rem);min-height:200px;grid-template-columns:minmax(0, 1fr);}.kb-row-layout-id_d5e202-11 > .kt-row-layout-overlay{opacity:0.30;background-color:var(--global-palette3, #1A202C);background-image:url('http:\/\/orienthaispa.localhost\/wp-content\/uploads\/2023\/03\/masaje-descontracturante-energizing-esencial-1200.jpg');background-size:cover;background-position:center center;background-attachment:fixed;background-repeat:no-repeat;}@media all and (max-width: 1024px){.kb-row-layout-id_d5e202-11 > .kt-row-column-wrap{grid-template-columns:minmax(0, 1fr);}}@media all and (max-width: 767px){.kb-row-layout-id_d5e202-11 > .kt-row-column-wrap{min-height:400px;grid-template-columns:minmax(0, 1fr);}}<\/style><div class=\"kb-row-layout-wrap kb-row-layout-id_d5e202-11 alignnone has-theme-palette3-background-color kt-row-has-bg wp-block-kadence-rowlayout\"><div class=\"kt-blocks-carousel kb-blocks-bg-slider kt-carousel-container-dotstyle-dark\"><div class=\"kt-blocks-carousel-init kb-blocks-bg-slider-init kt-carousel-arrowstyle-none kt-carousel-dotstyle-dark\" data-slider-anim-speed=\"400\" data-slider-type=\"slider\" data-slider-scroll=\"1\" data-slider-arrows=\"false\" data-slider-fade=\"true\" data-slider-dots=\"true\" data-slider-hover-pause=\"false\" data-slider-auto=\"true\" data-slider-speed=\"7000\"><div class=\"kb-bg-slide-contain\"><div class=\"kb-bg-slide kb-bg-slide-0\" style=\"background-image:url(https:\/\/www.perfilstar.com\/wp-content\/uploads\/2023\/04\/IMG_0225-scaled.jpg); background-size:cover; background-position:center center; background-repeat:no-repeat;\"><\/div><\/div><\/div><\/div><div class=\"kt-row-layout-overlay kt-row-overlay-normal\"><\/div><div class=\"kt-row-column-wrap kt-has-1-columns kt-row-layout-equal kt-tab-layout-inherit kt-mobile-layout-row kt-row-valign-middle kb-theme-content-width\">\n<style>.kadence-column_407840-84 > .kt-inside-inner-col,.kadence-column_407840-84 > .kt-inside-inner-col:before{border-top-left-radius:0px;border-top-right-radius:0px;border-bottom-right-radius:0px;border-bottom-left-radius:0px;}.kadence-column_407840-84 > .kt-inside-inner-col:before{opacity:0.3;}.kadence-column_407840-84{position:relative;}<\/style>\n<div class=\"wp-block-kadence-column kadence-column_407840-84\"><div class=\"kt-inside-inner-col\"><style>.wp-block-kadence-advancedheading.kt-adv-heading_96f30d-87, .wp-block-kadence-advancedheading.kt-adv-heading_96f30d-87[data-kb-block=\"kb-adv-heading_96f30d-87\"]{text-align:center;font-size:var(--global-kb-font-size-xl, 3rem);line-height:1.2;font-style:normal;}.wp-block-kadence-advancedheading.kt-adv-heading_96f30d-87 mark, .wp-block-kadence-advancedheading.kt-adv-heading_96f30d-87[data-kb-block=\"kb-adv-heading_96f30d-87\"] mark{font-style:normal;color:#f76a0c;padding-top:0px;padding-right:0px;padding-bottom:0px;padding-left:0px;}@media all and (max-width: 767px){.wp-block-kadence-advancedheading.kt-adv-heading_96f30d-87, .wp-block-kadence-advancedheading.kt-adv-heading_96f30d-87[data-kb-block=\"kb-adv-heading_96f30d-87\"]{font-size:var(--global-kb-font-size-lg, 2rem);}}<\/style>\n<h1 class=\"kt-adv-heading_96f30d-87 wp-block-kadence-advancedheading has-theme-palette-9-color has-text-color\" data-kb-block=\"kb-adv-heading_96f30d-87\">Pol\u00edtica de privacitat<\/h1>\n<\/div><\/div>\n\n<\/div><\/div>\n\n<style>.kb-row-layout-id_ec4070-42 > .kt-row-column-wrap{align-content:start;}:where(.kb-row-layout-id_ec4070-42 > .kt-row-column-wrap) > .wp-block-kadence-column{justify-content:start;}.kb-row-layout-id_ec4070-42 > .kt-row-column-wrap{column-gap:var(--global-kb-gap-md, 2rem);row-gap:var(--global-kb-gap-md, 2rem);max-width:800px;margin-left:auto;margin-right:auto;padding-top:var(--global-kb-spacing-sm, 1.5rem);padding-bottom:var(--global-kb-spacing-xl, 4rem);grid-template-columns:minmax(0, 1fr);}.kb-row-layout-id_ec4070-42 > .kt-row-layout-overlay{opacity:0.30;}@media all and (max-width: 1024px){.kb-row-layout-id_ec4070-42 > .kt-row-column-wrap{grid-template-columns:minmax(0, 1fr);}}@media all and (max-width: 767px){.kb-row-layout-id_ec4070-42 > .kt-row-column-wrap{grid-template-columns:minmax(0, 1fr);}}<\/style><div class=\"kb-row-layout-wrap kb-row-layout-id_ec4070-42 alignnone wp-block-kadence-rowlayout\"><div class=\"kt-row-column-wrap kt-has-1-columns kt-row-layout-equal kt-tab-layout-inherit kt-mobile-layout-row kt-row-valign-top\">\n<style>.kadence-column_924f28-1d > .kt-inside-inner-col,.kadence-column_924f28-1d > .kt-inside-inner-col:before{border-top-left-radius:0px;border-top-right-radius:0px;border-bottom-right-radius:0px;border-bottom-left-radius:0px;}.kadence-column_924f28-1d > .kt-inside-inner-col:before{opacity:0.3;}.kadence-column_924f28-1d{position:relative;}<\/style>\n<div class=\"wp-block-kadence-column kadence-column_924f28-1d\"><div class=\"kt-inside-inner-col\">\n<p>EL PROPIETARI es compromet a protegir la privacitat dels usuaris que accedeixin a aquest lloc web i\/o de qualsevol dels seus serveis. L&#039;\u00fas del lloc web i\/o de qualsevol dels serveis oferts pel PROPIETARI implica l&#039;acceptaci\u00f3 per l&#039;usuari de les disposicions incloses en aquesta Pol\u00edtica de Privacitat i que les seves dades personals siguin tractades d&#039;acord en aix\u00f2. Si us plau, tingueu en compte que malgrat el fet que hi pot haver enlla\u00e7os des del nostre lloc web a altres llocs web i les xarxes socials, aquesta Pol\u00edtica de Privacitat no s&#039;aplica a les p\u00e0gines web d&#039;altres empreses o organitzacions per a que la p\u00e0gina web es redirigeix. EL PROPIETARI no controla el contingut dels llocs de tercers, ni assumeix cap responsabilitat pel contingut o les pol\u00edtiques de privacitat d&#039;aquests llocs web.<\/p>\n\n\n\n<p><strong>Informaci\u00f3 b\u00e0sica de processament de dades (Reglament (UE) 2016\/679 i QUE 3\/2018)<\/strong><\/p>\n\n\n\n<figure class=\"wp-block-table\"><table><tbody><tr><td>Responsable del tractament<\/td><td>EL TITULAR.<br>Les nostres dades contingudes en l&#039;&nbsp;<a href=\"https:\/\/www.giroverd.com\/aviso-legal\/\">av\u00eds legal<\/a>&nbsp;d&#039;aquest lloc web.<\/td><\/tr><tr><td>Finalitat del tractament<\/td><td>Oferir i gestionar els nostres productes i\/o serveis.<\/td><\/tr><tr><td>Legitimaci\u00f3<\/td><td>Obtingut consentiment de l&#039;interessat. Realitzaci\u00f3 del servei d&#039;acord.<\/td><\/tr><tr><td>Destinataris<\/td><td>Les dades no seran comunicades a tercers, llevat que sigui necessari per a fer-ho per Llei o \u00e9s necessari per complir amb la finalitat del tractament.<\/td><\/tr><tr><td>Drets de les persones<\/td><td>Els interessats tenen dret a exercir els drets d&#039;acc\u00e9s, rectificaci\u00f3, limitaci\u00f3 de tractament, eliminaci\u00f3, la portabilitat i oposici\u00f3, dirigint la seva sol\u00b7licitud a l&#039;adre\u00e7a electr\u00f2nica.<\/td><\/tr><tr><td>Per\u00edode de conservaci\u00f3 de dades<\/td><td>Mentre la relaci\u00f3 comercial o durant els anys necessaris per a complir amb les obligacions legals.<\/td><\/tr><tr><td>Reclamaci\u00f3<\/td><td>Els interessats poden contactar amb l&#039;AEPD per a presentar la reclamaci\u00f3 que considereu convenient.<\/td><\/tr><tr><td>Informaci\u00f3 addicional<\/td><td>Podeu consultar la addicionals i informaci\u00f3 detallada a continuaci\u00f3 en les &#034;Preguntes sobre la privacitat&#034;.<\/td><\/tr><\/tbody><\/table><\/figure>\n\n\n\n<p><strong>Preguntes sobre la privacitat<\/strong><\/p>\n\n\n\n<p>De conformitat amb el Reglament (UE) 2016\/679 del Parlament Europeu i del Consell, de 27 d&#039;abril de 2016, (RGPD), i de la Llei Org\u00e0nica 3\/2018, de 5 de desembre, de Protecci\u00f3 de Dades Personals i la garantia de drets digitals (LOPDGDD us oferim la seg\u00fcent informaci\u00f3 sobre el tractament de les seves dades de car\u00e0cter personal:<\/p>\n\n\n\n<p><strong>Qui \u00e9s el responsable del tractament de les seves dades?<\/strong><\/p>\n\n\n\n<p>EL TITULAR.<br>Les nostres dades contingudes en l&#039;&nbsp;<a href=\"https:\/\/www.giroverd.com\/aviso-legal\/\">av\u00eds legal<\/a>&nbsp;d&#039;aquest lloc web.<\/p>\n\n\n\n<p>Quin prop\u00f2sit podem tractar les vostres dades personals?<\/p>\n\n\n\n<ul class=\"wp-block-list\">\n<li>Tractem la informaci\u00f3 que vost\u00e8 ens proporciona, per oferir i bill els nostres serveis i productes.<\/li>\n<\/ul>\n\n\n\n<ul class=\"wp-block-list\">\n<li>Si ens donen el seu consentiment tamb\u00e9 podem tractament de les seves dades per enviar-li informaci\u00f3 sobre les nostres activitats, serveis i productes.<\/li>\n<\/ul>\n\n\n\n<ul class=\"wp-block-list\">\n<li>Si participeu en algun dels nostres sortejos i\/o concursos nosaltres posarem el teu nom i cognoms, i la seva imatge en els diferents espais i mitjans de comunicaci\u00f3 i difusi\u00f3 que fem servir, incloent-hi les xarxes socials, amb la finalitat de difondre les nostres activitats, serveis i productes.<\/li>\n<\/ul>\n\n\n\n<p><strong>Quant de temps hem de mantenir les vostres dades?<\/strong><\/p>\n\n\n\n<p>Les dades personals facilitades es guardaran mentre vost\u00e8 \u00e9s un usuari dels nostres serveis o vols rebre informaci\u00f3, i si participen en la promoci\u00f3, mentre que vost\u00e8 est\u00e0 actiu, i despr\u00e9s, durant els per\u00edodes establerts per complir amb les nostres obligacions legals.<\/p>\n\n\n\n<p><strong>Quina \u00e9s la legitimaci\u00f3 per al tractament de les seves dades?<\/strong><\/p>\n\n\n\n<p>La base legal per al tractament de les seves dades s\u00f3n les que consenteix que vost\u00e8 ens d\u00f3na.<\/p>\n\n\n\n<p>Respecte a la informaci\u00f3 que s&#039;envia per a menors de 16 anys, s&#039;ent\u00e9n que el que ha estat, amb el consentiment dels seus representants legals. Si no, el representant legal d&#039;un menor d&#039;edat ha de notificar-nos-ho tan aviat com tingui coneixement.<\/p>\n\n\n\n<p><strong>Quins destinataris s&#039;comunicar les vostres dades a?<\/strong><\/p>\n\n\n\n<p>Les dades no seran comunicades a tercers, llevat que sigui necessari per a fer-ho per Llei o \u00e9s necessari per complir amb la finalitat del tractament.<\/p>\n\n\n\n<p><strong>Quins s\u00f3n els seus drets quan ens faciliteu les vostres dades?<\/strong><\/p>\n\n\n\n<ul class=\"wp-block-list\">\n<li>Qualsevol persona t\u00e9 dret a obtenir la confirmaci\u00f3 sobre si volem o no de les seves dades de car\u00e0cter personal.<\/li>\n<\/ul>\n\n\n\n<ul class=\"wp-block-list\">\n<li>Les persones interessades tenen dret a accedir a les seves dades de car\u00e0cter personal, aix\u00ed com a sol\u00b7licitar la rectificaci\u00f3 de dades inexactes o, si escau, sol\u00b7licitar la seva eliminaci\u00f3 quan, entre altres raons, dades, ja no s\u00f3n necess\u00e0ries per a la finalitat per la qual van ser recollits.<\/li>\n<\/ul>\n\n\n\n<ul class=\"wp-block-list\">\n<li>En determinades circumst\u00e0ncies, les persones interessades podran sol\u00b7licitar la limitaci\u00f3 del tractament de les seves dades, en aquest cas nom\u00e9s conservar-lo per a l&#039;exercici o la defensa de les reclamacions.<\/li>\n<\/ul>\n\n\n\n<ul class=\"wp-block-list\">\n<li>Tamb\u00e9, en determinades circumst\u00e0ncies, i per motius relacionats amb la seva situaci\u00f3 particular, els interessats podran oposar-se al tractament de les seves dades.<\/li>\n<\/ul>\n\n\n\n<ul class=\"wp-block-list\">\n<li>Els interessats tenen dret a la portabilitat de les dades.<\/li>\n<\/ul>\n\n\n\n<ul class=\"wp-block-list\">\n<li>Finalment, els interessats tenen dret a presentar una reclamaci\u00f3 davant de la competent Autoritat supervisora.<\/li>\n<\/ul>\n\n\n\n<p><strong>Com us podeu exercir els vostres drets?<\/strong><\/p>\n\n\n\n<p>Per escrit i adjuntant c\u00f2pia d&#039;un document que us identifiqui, a la nostra adre\u00e7a f\u00edsica o electr\u00f2nica.<\/p>\n\n\n\n<p><strong>Com els hem obtingut les dades?<\/strong><\/p>\n\n\n\n<p>Les dades personals que ens provenen de l&#039;interessat. L&#039;interessat garanteix que les dades personals facilitades s\u00f3n certes i es fa responsable de comunicar qualsevol modificaci\u00f3 d&#039;aquestes. Les dades que estan marcades amb un asterisc ser\u00e0 obligat\u00f2ria per a poder donar el servei sol\u00b7licitat.<\/p>\n\n\n\n<p><strong>Quines dades podem tractar?<\/strong><\/p>\n\n\n\n<p>Les categories de dades que tractem en la prestaci\u00f3 dels nostres serveis s\u00f3n:<\/p>\n\n\n\n<ul class=\"wp-block-list\">\n<li>Dades de car\u00e0cter identificaci\u00f3<\/li>\n<\/ul>\n\n\n\n<ul class=\"wp-block-list\">\n<li>Adre\u00e7a Postal o electr\u00f2nica a les adreces<\/li>\n<\/ul>\n\n\n\n<ul class=\"wp-block-list\">\n<li>Altres dades que es sol\u00b7liciten en els nostres formularis<\/li>\n<\/ul>\n\n\n\n<p>Les dades s\u00f3n limitades, ja que nom\u00e9s tracta les dades necess\u00e0ries per a la prestaci\u00f3 dels nostres serveis i la gesti\u00f3 de la nostra activitat.<\/p>\n\n\n\n<p><strong>Fem servir cookies?<\/strong><\/p>\n\n\n\n<p>Vam utilitzar cookies durant la navegaci\u00f3 en la nostra web amb el consentiment informat de l&#039;usuari. L&#039;usuari pot configurar el seu navegador per a ser avisat de la utilitzaci\u00f3 de cookies i per impedir la seva utilitzaci\u00f3. Per a m\u00e9s informaci\u00f3, visiteu la nostra&nbsp;<a href=\"https:\/\/www.giroverd.com\/politica-de-cookies\/\">galetes pol\u00edtica<\/a>.<\/p>\n\n\n\n<p><strong>Quines mesures de seguretat hem d&#039;aplicar?<\/strong><\/p>\n\n\n\n<p>Aplicar les mesures de seguretat establertes en l&#039;article 32 de la RGPD, per tant, hem adoptat les mesures de seguretat necess\u00e0ries per garantir un nivell de seguretat apropiat al risc del tractament de dades que duem a terme, amb mecanismes que ens permetin garantir la confidencialitat, la integritat, la disponibilitat i la capacitat de recuperaci\u00f3 de la permanent i sistemes de tractament de serveis.<\/p>\n\n\n\n<p>Algunes d&#039;aquestes mesures s\u00f3n:<\/p>\n\n\n\n<ul class=\"wp-block-list\">\n<li>Informaci\u00f3 de la pol\u00edtica de tractament de dades personal.<\/li>\n<\/ul>\n\n\n\n<ul class=\"wp-block-list\">\n<li>Realitzaci\u00f3 de c\u00f2pies de seguretat regulars.<\/li>\n<\/ul>\n\n\n\n<ul class=\"wp-block-list\">\n<li>Control d&#039;acc\u00e9s a les dades.<\/li>\n<\/ul>\n\n\n\n<ul class=\"wp-block-list\">\n<li>Processos de verificaci\u00f3, avaluaci\u00f3 i avaluaci\u00f3 en base regular.<\/li>\n<\/ul>\n<\/div><\/div>\n\n<\/div><\/div>","protected":false},"excerpt":{"rendered":"<p>Pol\u00edtica de privacidad EL TITULAR se compromete a proteger la privacidad de los usuarios que accedan a esta web y\/o cualquiera de sus servicios. La utilizaci\u00f3n de la web y\/o de cualquiera de los servicios ofrecidos por EL TITULAR implica la aceptaci\u00f3n por el usuario de las disposiciones contenidas en la presente Pol\u00edtica de Privacidad&#8230;<\/p>","protected":false},"author":1,"featured_media":0,"parent":0,"menu_order":13,"comment_status":"closed","ping_status":"closed","template":"","meta":{"_kad_blocks_custom_css":"","_kad_blocks_head_custom_js":"","_kad_blocks_body_custom_js":"","_kad_blocks_footer_custom_js":"","_kad_post_transparent":"","_kad_post_title":"","_kad_post_layout":"","_kad_post_sidebar_id":"","_kad_post_content_style":"","_kad_post_vertical_padding":"","_kad_post_feature":"","_kad_post_feature_position":"","_kad_post_header":false,"_kad_post_footer":false,"footnotes":""},"class_list":["post-3","page","type-page","status-publish","hentry"],"yoast_head":"<!-- This site is optimized with the Yoast SEO plugin v21.2 - https:\/\/yoast.com\/wordpress\/plugins\/seo\/ -->\n<title>Pol\u00edtica de privacidad - Perfilstar<\/title>\n<meta name=\"robots\" content=\"index, follow, max-snippet:-1, max-image-preview:large, max-video-preview:-1\" \/>\n<link rel=\"canonical\" href=\"https:\/\/www.perfilstar.com\/ca\/politica-privacidad\/\" \/>\n<meta property=\"og:locale\" content=\"ca_ES\" \/>\n<meta property=\"og:type\" content=\"article\" \/>\n<meta property=\"og:title\" content=\"Pol\u00edtica de privacidad - Perfilstar\" \/>\n<meta property=\"og:description\" content=\"Pol\u00edtica de privacidad EL TITULAR se compromete a proteger la privacidad de los usuarios que accedan a esta web y\/o cualquiera de sus servicios. La utilizaci\u00f3n de la web y\/o de cualquiera de los servicios ofrecidos por EL TITULAR implica la aceptaci\u00f3n por el usuario de las disposiciones contenidas en la presente Pol\u00edtica de Privacidad...\" \/>\n<meta property=\"og:url\" content=\"https:\/\/www.perfilstar.com\/ca\/politica-privacidad\/\" \/>\n<meta property=\"og:site_name\" content=\"Perfilstar\" \/>\n<meta property=\"article:modified_time\" content=\"2023-04-13T19:58:43+00:00\" \/>\n<meta name=\"twitter:card\" content=\"summary_large_image\" \/>\n<meta name=\"twitter:label1\" content=\"Temps estimat de lectura\" \/>\n\t<meta name=\"twitter:data1\" content=\"5 minuts\" \/>\n<script type=\"application\/ld+json\" class=\"yoast-schema-graph\">{\"@context\":\"https:\/\/schema.org\",\"@graph\":[{\"@type\":\"WebPage\",\"@id\":\"https:\/\/www.perfilstar.com\/politica-privacidad\/\",\"url\":\"https:\/\/www.perfilstar.com\/politica-privacidad\/\",\"name\":\"Pol\u00edtica de privacidad - Perfilstar\",\"isPartOf\":{\"@id\":\"https:\/\/www.perfilstar.com\/#website\"},\"datePublished\":\"2023-03-27T06:14:43+00:00\",\"dateModified\":\"2023-04-13T19:58:43+00:00\",\"breadcrumb\":{\"@id\":\"https:\/\/www.perfilstar.com\/politica-privacidad\/#breadcrumb\"},\"inLanguage\":\"ca\",\"potentialAction\":[{\"@type\":\"ReadAction\",\"target\":[\"https:\/\/www.perfilstar.com\/politica-privacidad\/\"]}]},{\"@type\":\"BreadcrumbList\",\"@id\":\"https:\/\/www.perfilstar.com\/politica-privacidad\/#breadcrumb\",\"itemListElement\":[{\"@type\":\"ListItem\",\"position\":1,\"name\":\"Portada\",\"item\":\"https:\/\/www.perfilstar.com\/\"},{\"@type\":\"ListItem\",\"position\":2,\"name\":\"Pol\u00edtica de privacidad\"}]},{\"@type\":\"WebSite\",\"@id\":\"https:\/\/www.perfilstar.com\/#website\",\"url\":\"https:\/\/www.perfilstar.com\/\",\"name\":\"Perfilstar\",\"description\":\"Fabricante de rodapi\u00e9s y juntas de mdf para tarimas de madera, laminadas y vin\u00edlicas de lvt. Rodapi\u00e9 y perfiles de uni\u00f3n para parquet.\",\"publisher\":{\"@id\":\"https:\/\/www.perfilstar.com\/#organization\"},\"potentialAction\":[{\"@type\":\"SearchAction\",\"target\":{\"@type\":\"EntryPoint\",\"urlTemplate\":\"https:\/\/www.perfilstar.com\/?s={search_term_string}\"},\"query-input\":\"required name=search_term_string\"}],\"inLanguage\":\"ca\"},{\"@type\":\"Organization\",\"@id\":\"https:\/\/www.perfilstar.com\/#organization\",\"name\":\"Perfilstar\",\"url\":\"https:\/\/www.perfilstar.com\/\",\"logo\":{\"@type\":\"ImageObject\",\"inLanguage\":\"ca\",\"@id\":\"https:\/\/www.perfilstar.com\/#\/schema\/logo\/image\/\",\"url\":\"https:\/\/www.perfilstar.com\/wp-content\/uploads\/2023\/04\/logo.png\",\"contentUrl\":\"https:\/\/www.perfilstar.com\/wp-content\/uploads\/2023\/04\/logo.png\",\"width\":223,\"height\":28,\"caption\":\"Perfilstar\"},\"image\":{\"@id\":\"https:\/\/www.perfilstar.com\/#\/schema\/logo\/image\/\"}}]}<\/script>\n<!-- \/ Yoast SEO plugin. -->","yoast_head_json":{"title":"Pol\u00edtica de privacidad - Perfilstar","robots":{"index":"index","follow":"follow","max-snippet":"max-snippet:-1","max-image-preview":"max-image-preview:large","max-video-preview":"max-video-preview:-1"},"canonical":"https:\/\/www.perfilstar.com\/ca\/politica-privacidad\/","og_locale":"ca_ES","og_type":"article","og_title":"Pol\u00edtica de privacidad - Perfilstar","og_description":"Pol\u00edtica de privacidad EL TITULAR se compromete a proteger la privacidad de los usuarios que accedan a esta web y\/o cualquiera de sus servicios. La utilizaci\u00f3n de la web y\/o de cualquiera de los servicios ofrecidos por EL TITULAR implica la aceptaci\u00f3n por el usuario de las disposiciones contenidas en la presente Pol\u00edtica de Privacidad...","og_url":"https:\/\/www.perfilstar.com\/ca\/politica-privacidad\/","og_site_name":"Perfilstar","article_modified_time":"2023-04-13T19:58:43+00:00","twitter_card":"summary_large_image","twitter_misc":{"Temps estimat de lectura":"5 minuts"},"schema":{"@context":"https:\/\/schema.org","@graph":[{"@type":"WebPage","@id":"https:\/\/www.perfilstar.com\/politica-privacidad\/","url":"https:\/\/www.perfilstar.com\/politica-privacidad\/","name":"Pol\u00edtica de privacidad - Perfilstar","isPartOf":{"@id":"https:\/\/www.perfilstar.com\/#website"},"datePublished":"2023-03-27T06:14:43+00:00","dateModified":"2023-04-13T19:58:43+00:00","breadcrumb":{"@id":"https:\/\/www.perfilstar.com\/politica-privacidad\/#breadcrumb"},"inLanguage":"ca","potentialAction":[{"@type":"ReadAction","target":["https:\/\/www.perfilstar.com\/politica-privacidad\/"]}]},{"@type":"BreadcrumbList","@id":"https:\/\/www.perfilstar.com\/politica-privacidad\/#breadcrumb","itemListElement":[{"@type":"ListItem","position":1,"name":"Portada","item":"https:\/\/www.perfilstar.com\/"},{"@type":"ListItem","position":2,"name":"Pol\u00edtica de privacidad"}]},{"@type":"WebSite","@id":"https:\/\/www.perfilstar.com\/#website","url":"https:\/\/www.perfilstar.com\/","name":"Perfilstar","description":"Fabricante de rodapi\u00e9s y juntas de mdf para tarimas de madera, laminadas y vin\u00edlicas de lvt. Rodapi\u00e9 y perfiles de uni\u00f3n para parquet.","publisher":{"@id":"https:\/\/www.perfilstar.com\/#organization"},"potentialAction":[{"@type":"SearchAction","target":{"@type":"EntryPoint","urlTemplate":"https:\/\/www.perfilstar.com\/?s={search_term_string}"},"query-input":"required name=search_term_string"}],"inLanguage":"ca"},{"@type":"Organization","@id":"https:\/\/www.perfilstar.com\/#organization","name":"Perfilstar","url":"https:\/\/www.perfilstar.com\/","logo":{"@type":"ImageObject","inLanguage":"ca","@id":"https:\/\/www.perfilstar.com\/#\/schema\/logo\/image\/","url":"https:\/\/www.perfilstar.com\/wp-content\/uploads\/2023\/04\/logo.png","contentUrl":"https:\/\/www.perfilstar.com\/wp-content\/uploads\/2023\/04\/logo.png","width":223,"height":28,"caption":"Perfilstar"},"image":{"@id":"https:\/\/www.perfilstar.com\/#\/schema\/logo\/image\/"}}]}},"featured_image_src_large":false,"author_info":{"display_name":"eloi","author_link":"https:\/\/www.perfilstar.com\/ca\/author\/eloi\/"},"comment_info":0,"taxonomy_info":[],"_links":{"self":[{"href":"https:\/\/www.perfilstar.com\/ca\/wp-json\/wp\/v2\/pages\/3","targetHints":{"allow":["GET"]}}],"collection":[{"href":"https:\/\/www.perfilstar.com\/ca\/wp-json\/wp\/v2\/pages"}],"about":[{"href":"https:\/\/www.perfilstar.com\/ca\/wp-json\/wp\/v2\/types\/page"}],"author":[{"embeddable":true,"href":"https:\/\/www.perfilstar.com\/ca\/wp-json\/wp\/v2\/users\/1"}],"replies":[{"embeddable":true,"href":"https:\/\/www.perfilstar.com\/ca\/wp-json\/wp\/v2\/comments?post=3"}],"version-history":[{"count":0,"href":"https:\/\/www.perfilstar.com\/ca\/wp-json\/wp\/v2\/pages\/3\/revisions"}],"wp:attachment":[{"href":"https:\/\/www.perfilstar.com\/ca\/wp-json\/wp\/v2\/media?parent=3"}],"curies":[{"name":"wp","href":"https:\/\/api.w.org\/{rel}","templated":true}]}}