{"id":24,"date":"2023-03-27T06:20:29","date_gmt":"2023-03-27T06:20:29","guid":{"rendered":"https:\/\/www.perfilstar.com\/?page_id=24"},"modified":"2023-04-13T20:01:05","modified_gmt":"2023-04-13T20:01:05","slug":"politica-de-cookies","status":"publish","type":"page","link":"https:\/\/www.perfilstar.com\/ca\/politica-de-cookies\/","title":{"rendered":"Pol\u00edtica de Cookies"},"content":{"rendered":"<style>.kb-row-layout-id_d5e202-11 > .kt-row-column-wrap{align-content:center;}:where(.kb-row-layout-id_d5e202-11 > .kt-row-column-wrap) > .wp-block-kadence-column{justify-content:center;}.kb-row-layout-id_d5e202-11 > .kt-row-column-wrap{column-gap:var(--global-kb-gap-md, 2rem);row-gap:var(--global-kb-gap-md, 2rem);max-width:var( --global-content-width, 1290px );padding-left:var(--global-content-edge-padding);padding-right:var(--global-content-edge-padding);padding-top:var(--global-kb-spacing-5xl, 10rem);padding-bottom:var(--global-kb-spacing-xl, 4rem);min-height:200px;grid-template-columns:minmax(0, 1fr);}.kb-row-layout-id_d5e202-11 > .kt-row-layout-overlay{opacity:0.30;background-color:var(--global-palette3, #1A202C);background-image:url('http:\/\/orienthaispa.localhost\/wp-content\/uploads\/2023\/03\/masaje-descontracturante-energizing-esencial-1200.jpg');background-size:cover;background-position:center center;background-attachment:fixed;background-repeat:no-repeat;}@media all and (max-width: 1024px){.kb-row-layout-id_d5e202-11 > .kt-row-column-wrap{grid-template-columns:minmax(0, 1fr);}}@media all and (max-width: 767px){.kb-row-layout-id_d5e202-11 > .kt-row-column-wrap{min-height:400px;grid-template-columns:minmax(0, 1fr);}}<\/style><div class=\"kb-row-layout-wrap kb-row-layout-id_d5e202-11 alignnone has-theme-palette3-background-color kt-row-has-bg wp-block-kadence-rowlayout\"><div class=\"kt-blocks-carousel kb-blocks-bg-slider kt-carousel-container-dotstyle-dark\"><div class=\"kt-blocks-carousel-init kb-blocks-bg-slider-init kt-carousel-arrowstyle-none kt-carousel-dotstyle-dark\" data-slider-anim-speed=\"400\" data-slider-type=\"slider\" data-slider-scroll=\"1\" data-slider-arrows=\"false\" data-slider-fade=\"true\" data-slider-dots=\"true\" data-slider-hover-pause=\"false\" data-slider-auto=\"true\" data-slider-speed=\"7000\"><div class=\"kb-bg-slide-contain\"><div class=\"kb-bg-slide kb-bg-slide-0\" style=\"background-image:url(https:\/\/www.perfilstar.com\/wp-content\/uploads\/2023\/04\/IMG_0225-scaled.jpg); background-size:cover; background-position:center center; background-repeat:no-repeat;\"><\/div><\/div><\/div><\/div><div class=\"kt-row-layout-overlay kt-row-overlay-normal\"><\/div><div class=\"kt-row-column-wrap kt-has-1-columns kt-row-layout-equal kt-tab-layout-inherit kt-mobile-layout-row kt-row-valign-middle kb-theme-content-width\">\n<style>.kadence-column_407840-84 > .kt-inside-inner-col,.kadence-column_407840-84 > .kt-inside-inner-col:before{border-top-left-radius:0px;border-top-right-radius:0px;border-bottom-right-radius:0px;border-bottom-left-radius:0px;}.kadence-column_407840-84 > .kt-inside-inner-col:before{opacity:0.3;}.kadence-column_407840-84{position:relative;}<\/style>\n<div class=\"wp-block-kadence-column kadence-column_407840-84\"><div class=\"kt-inside-inner-col\"><style>.wp-block-kadence-advancedheading.kt-adv-heading_96f30d-87, .wp-block-kadence-advancedheading.kt-adv-heading_96f30d-87[data-kb-block=\"kb-adv-heading_96f30d-87\"]{text-align:center;font-size:var(--global-kb-font-size-xl, 3rem);line-height:1.2;font-style:normal;}.wp-block-kadence-advancedheading.kt-adv-heading_96f30d-87 mark, .wp-block-kadence-advancedheading.kt-adv-heading_96f30d-87[data-kb-block=\"kb-adv-heading_96f30d-87\"] mark{font-style:normal;color:#f76a0c;padding-top:0px;padding-right:0px;padding-bottom:0px;padding-left:0px;}@media all and (max-width: 767px){.wp-block-kadence-advancedheading.kt-adv-heading_96f30d-87, .wp-block-kadence-advancedheading.kt-adv-heading_96f30d-87[data-kb-block=\"kb-adv-heading_96f30d-87\"]{font-size:var(--global-kb-font-size-lg, 2rem);}}<\/style>\n<h1 class=\"kt-adv-heading_96f30d-87 wp-block-kadence-advancedheading has-theme-palette-9-color has-text-color\" data-kb-block=\"kb-adv-heading_96f30d-87\">Pol\u00edtica de Cookies<\/h1>\n<\/div><\/div>\n\n<\/div><\/div>\n\n<style>.kb-row-layout-id_ec4070-42 > .kt-row-column-wrap{align-content:start;}:where(.kb-row-layout-id_ec4070-42 > .kt-row-column-wrap) > .wp-block-kadence-column{justify-content:start;}.kb-row-layout-id_ec4070-42 > .kt-row-column-wrap{column-gap:var(--global-kb-gap-md, 2rem);row-gap:var(--global-kb-gap-md, 2rem);max-width:800px;margin-left:auto;margin-right:auto;padding-top:var(--global-kb-spacing-sm, 1.5rem);padding-bottom:var(--global-kb-spacing-xl, 4rem);grid-template-columns:minmax(0, 1fr);}.kb-row-layout-id_ec4070-42 > .kt-row-layout-overlay{opacity:0.30;}@media all and (max-width: 1024px){.kb-row-layout-id_ec4070-42 > .kt-row-column-wrap{grid-template-columns:minmax(0, 1fr);}}@media all and (max-width: 767px){.kb-row-layout-id_ec4070-42 > .kt-row-column-wrap{grid-template-columns:minmax(0, 1fr);}}<\/style><div class=\"kb-row-layout-wrap kb-row-layout-id_ec4070-42 alignnone wp-block-kadence-rowlayout\"><div class=\"kt-row-column-wrap kt-has-1-columns kt-row-layout-equal kt-tab-layout-inherit kt-mobile-layout-row kt-row-valign-top\">\n<style>.kadence-column_924f28-1d > .kt-inside-inner-col,.kadence-column_924f28-1d > .kt-inside-inner-col:before{border-top-left-radius:0px;border-top-right-radius:0px;border-bottom-right-radius:0px;border-bottom-left-radius:0px;}.kadence-column_924f28-1d > .kt-inside-inner-col:before{opacity:0.3;}.kadence-column_924f28-1d{position:relative;}<\/style>\n<div class=\"wp-block-kadence-column kadence-column_924f28-1d\"><div class=\"kt-inside-inner-col\">\n<p>El nostre lloc web perfilstar.com utilitza una tecnologia anomenada &#039;cookie&#039;, amb l&#039;objectiu d&#039;obtenir informaci\u00f3 sobre l&#039;\u00fas del lloc web, per millorar l&#039;experi\u00e8ncia de l&#039;usuari i assegurar-ne el correcte funcionament.<\/p>\n\n\n\n<p><strong>Definici\u00f3 de Galeta<\/strong><\/p>\n\n\n\n<p>Una cookie \u00e9s un petit fragment de text que els llocs web d&#039;enviar al navegador i s&#039;emmagatzema en una terminal d&#039;usuari (ordinador o dispositiu m\u00f2bil). Aquests fitxers tenen la finalitat d&#039;emmagatzemar les dades que es poden actualitzar i recuperat per l&#039;entitat responsable de la seva instal\u00b7laci\u00f3. Aix\u00ed, cada vegada que l&#039;usuari torna a la mateixa web, el navegador recupera el fitxer i l&#039;envia al servidor del lloc web. Les Cookies tenen diverses funcions, com ara recollir informaci\u00f3 sobre les seves prefer\u00e8ncies i recordar-lo, i, en general, per a facilitar l&#039;\u00fas del web per l&#039;usuari, fent que el lloc sigui m\u00e9s \u00fatil per personalitzar el seu contingut.<\/p>\n\n\n\n<p><strong>Les galetes es poden classificar a partir de diferents par\u00e0metres:<\/strong><\/p>\n\n\n\n<ol class=\"wp-block-list\">\n<li>T\u00edtol: primer partit de les galetes i les galetes de tercers: en funci\u00f3 de l&#039;entitat que gestiona el domini del que s\u00f3n les cookies enviades i tractar les dades obtingudes.<\/li>\n\n\n\n<li>Durada: galetes de la sessi\u00f3 i les galetes persistents: d&#039;acord amb el per\u00edode de temps que es quedaran emmagatzemades a la terminal d&#039;usuari.<\/li>\n\n\n\n<li>Finalitat: t\u00e8cnic galetes, galetes, la personalitzaci\u00f3 de les galetes, l&#039;an\u00e0lisi de les galetes, galetes de publicitat publicitat comportamental, d&#039;acord amb la finalitat per a la qual es processen les dades obtingudes.\n<ul class=\"wp-block-list\">\n<li>T\u00e8cnic Cookies: s\u00f3n aquells que permeten a l&#039;usuari navegar a trav\u00e9s de la p\u00e0gina web o aplicaci\u00f3 i \u00fas de les diferents opcions o serveis que existeixen. Per exemple, control de tr\u00e0nsit i de comunicaci\u00f3 de dades, identificar la sessi\u00f3 o accedir a la web parts d&#039;acc\u00e9s restringit.<\/li>\n\n\n\n<li>Galetes de personalitzaci\u00f3: s\u00f3n aquelles que permeten a l&#039;usuari accedir al servei amb alguns trets de car\u00e0cter general per defecte en el vostre terminal o que l&#039;usuari defineix. Per exemple, l&#039;idioma, el tipus de navegador a trav\u00e9s de la qual accedeix al servei, o el disseny de continguts seleccionats.<\/li>\n\n\n\n<li>Galetes d&#039;an\u00e0lisi: s\u00f3n aquells que, o b\u00e9 per nosaltres o tercers, ens permeten quantificar el nombre d&#039;usuaris i per tant, realitzar una an\u00e0lisi estad\u00edstica de l&#039;\u00fas que els usuaris fan del servei ofert. Per aix\u00f2, analitzar la seva navegaci\u00f3 per la nostra p\u00e0gina web per tal de millorar l&#039;oferta de productes o serveis que oferim.<\/li>\n\n\n\n<li>Comercial Cookies: s\u00f3n aquelles que permeten la gesti\u00f3, de la manera m\u00e9s eficient possible, dels espais publicitaris que, si s&#039;escau, l&#039;editor ha incl\u00f2s en una p\u00e0gina web, aplicaci\u00f3 o plataforma des de la que proporciona el servei sol\u00b7licitat basat en criteris com la redacci\u00f3 de continguts o la freq\u00fc\u00e8ncia en qu\u00e8 es mostren els anuncis.<\/li>\n\n\n\n<li>Galetes de publicitat comportamental: s\u00f3n aquelles que permeten la gesti\u00f3, de la manera m\u00e9s eficient possible, dels espais publicitaris que, si s&#039;escau, l&#039;editor ha incl\u00f2s en una p\u00e0gina web, aplicaci\u00f3 o plataforma d&#039;oferir el servei sol\u00b7licitat. Aquestes cookies no emmagatzemen informaci\u00f3 de l&#039;usuari comportament obtingut a trav\u00e9s d&#039;continuar l&#039;observaci\u00f3 dels seus h\u00e0bits de navegaci\u00f3, que permet desenvolupar un perfil espec\u00edfic per a mostrar la publicitat en funci\u00f3 de la mateixa.&nbsp;<\/li>\n<\/ul>\n<\/li>\n<\/ol>\n\n\n\n<p><strong>Les Cookies utilitzades en el nostre lloc web<\/strong><\/p>\n\n\n\n<p>La nostra p\u00e0gina web fa servir galetes internes, que s\u00f3n enviats al dispositiu i gestionat exclusivament per nosaltres per al millor funcionament de la p\u00e0gina web, com les galetes de tercers, la funci\u00f3 dels quals \u00e9s servir com a eina per a l&#039;an\u00e0lisi de la interacci\u00f3 de l&#039;usuari amb la nostra p\u00e0gina web, gr\u00e0cies a ells, podem obtenir una informaci\u00f3 que pot ajudar a millorar la navegaci\u00f3 i oferir un millor servei als usuaris.<\/p>\n\n\n\n<p>Ens \u00fas tant temporal galetes de sessi\u00f3 com a persistent galetes. Les galetes de sessi\u00f3 emmagatzemar dades nom\u00e9s mentre que l&#039;usuari accedeixi a la web i persistent galetes emmagatzemar dades a la terminal a ser consultat i utilitzat en m\u00e9s d&#039;una sessi\u00f3.<\/p>\n\n\n\n<p>Concretament les cookies utilitzades en el nostre lloc web s\u00f3n:<\/p>\n\n\n\n<p>Primer partit de Galetes:<\/p>\n\n\n\n<p>Primer partit de cookies utilitzades en el nostre lloc web s\u00f3n de naturalesa t\u00e8cnica, que s\u00f3n essencials per al funcionament de la p\u00e0gina web.<\/p>\n\n\n\n<p>Les Galetes de tercers:<\/p>\n\n\n\n<figure class=\"wp-block-table\"><table><tbody><tr><th>Galeta<\/th><th>Titular<\/th><th>Finalitat<\/th><th>Durada<\/th><\/tr><tr><td>__utmz, __ utmc, __utma, __utmb,__utmt, __ga, __gat<\/td><td>Google Inc. (Google Analytics)<\/td><td>Analytics: analitza el tr\u00e0nsit d&#039;aquest lloc web.<\/td><td>Sessi\u00f3 i persistent<\/td><\/tr><\/tbody><\/table><\/figure>\n\n\n\n<p>Per a m\u00e9s informaci\u00f3 sobre les galetes i\/o per a la seva desactivaci\u00f3 pot fer clic als enlla\u00e7os en el nom de les diferents propietaris.<\/p>\n\n\n\n<p>Finalment, tamb\u00e9 fem servir les galetes complement (plug-in) per a l&#039;intercanvi de contingut social.<\/p>\n\n\n\n<p><strong>Consentiment<\/strong><\/p>\n\n\n\n<p>Quan la navegaci\u00f3 i continuar en el nostre lloc web vost\u00e8 ser\u00e0 consentint l&#039;\u00fas de cookies, abans de fixar per els per\u00edodes indicats i en les condicions contingudes en aquesta Galeta Pol\u00edtica<\/p>\n\n\n\n<p>Tamb\u00e9 us informem que si veus contingut al nostre lloc web estan allotjats en p\u00e0gines web de tercers, aquests tenen la seva pr\u00f2pia galeta pol\u00edtica.<\/p>\n\n\n\n<p><strong>La revocaci\u00f3 del consentiment<\/strong><\/p>\n\n\n\n<p>L&#039;usuari podr\u00e0 revocar el seu consentiment en qualsevol moment en relaci\u00f3 amb aquesta Galeta Pol\u00edtica, per aix\u00f2 necessitar\u00e0 esborrar les cookies que existeixin al seu ordinador usant les opcions i configuracions del teu navegador d&#039;Internet.<\/p>\n\n\n\n<p><strong>Modificaci\u00f3 de la configuraci\u00f3 de les galetes<\/strong><\/p>\n\n\n\n<p>L&#039;usuari pot restringir, bloquejar o esborrar les cookies des de qualsevol lloc web utilitzant el seu navegador. A cada navegador de l&#039;operaci\u00f3 \u00e9s diferent, per tal de comprovar els enlla\u00e7os que apareixen a continuaci\u00f3 com fer-ho<\/p>\n\n\n\n<ul class=\"wp-block-list\">\n<li><strong>Internet Explorer:<\/strong>&nbsp;<a href=\"https:\/\/support.microsoft.com\/es-es\/help\/17442\/windows-internet-explorer-delete-manage-cookies#ie=ie-11\" target=\"_blank\" rel=\"noreferrer noopener\">https:\/\/support.microsoft.com\/es-es\/help\/17442\/windows-internet-explorer-delete-manage-cookies#ie=ie-11<\/a><\/li>\n<\/ul>\n\n\n\n<ul class=\"wp-block-list\">\n<li><strong>Vora:<\/strong>&nbsp;<a href=\"https:\/\/support.microsoft.com\/es-es\/help\/4468242\/microsoft-edge-browsing-data-and-privacy-microsoft-privacy\" target=\"_blank\" rel=\"noreferrer noopener\">https:\/\/support.microsoft.com\/es-es\/help\/4468242\/microsoft-edge-browsing-data-and-privacy-microsoft-privacy<\/a><\/li>\n<\/ul>\n\n\n\n<ul class=\"wp-block-list\">\n<li><strong>FireFox:<\/strong>&nbsp;<a href=\"https:\/\/support.mozilla.org\/es\/kb\/clear-cookies-and-site-data-firefox\" target=\"_blank\" rel=\"noreferrer noopener\">https:\/\/support.mozilla.org\/es\/kb\/clear-cookies-and-site-data-firefox<\/a><\/li>\n<\/ul>\n\n\n\n<ul class=\"wp-block-list\">\n<li><strong>Chrome:<\/strong>&nbsp;<a href=\"https:\/\/support.google.com\/chrome\/answer\/95647?hl=es\" target=\"_blank\" rel=\"noreferrer noopener\">https:\/\/support.google.com\/chrome\/answer\/95647?hl=es<\/a><\/li>\n<\/ul>\n\n\n\n<ul class=\"wp-block-list\">\n<li><strong>Safari (mac):<\/strong>&nbsp;<a href=\"https:\/\/support.apple.com\/es-es\/guide\/safari\/manage-cookies-and-website-data-sfri11471\/mac\" target=\"_blank\" rel=\"noreferrer noopener\">https:\/\/support.apple.com\/es-es\/guide\/safari\/manage-cookies-and-website-data-sfri11471\/mac<\/a><\/li>\n<\/ul>\n\n\n\n<ul class=\"wp-block-list\">\n<li><strong>Safari (iPhone\/iPad):<\/strong>&nbsp;<a href=\"https:\/\/support.apple.com\/es-es\/HT201265\" target=\"_blank\" rel=\"noreferrer noopener\">https:\/\/support.apple.com\/es-es\/HT201265<\/a><\/li>\n<\/ul>\n\n\n\n<ul class=\"wp-block-list\">\n<li><strong>Opera:<\/strong>&nbsp;<a href=\"https:\/\/help.opera.com\/en\/latest\/web-preferences\/#cookies\" target=\"_blank\" rel=\"noreferrer noopener\">https:\/\/help.opera.com\/en\/latest\/web-preferences\/#cookies<\/a><\/li>\n<\/ul>\n\n\n\n<p>Per a m\u00e9s informaci\u00f3 sobre esborrar o desactivar el bloqueig de galetes tamb\u00e9 poden visitar:<br><a href=\"http:\/\/www.aboutcookies.org\/Default.aspx?page=2\" target=\"_blank\" rel=\"noreferrer noopener\">http:\/\/www.aboutcookies.org\/Default.aspx?page=2<\/a><\/p>\n\n\n\n<p><strong>Actualitzar la pol\u00edtica de galetes<\/strong><\/p>\n\n\n\n<p>Aquest lloc web pot modificar aquesta Galeta Pol\u00edtica, per tant, us recomanem que reviseu aquesta pol\u00edtica cada vegada que accedeixi a la nostra p\u00e0gina web per tal d&#039;estar ben informats sobre l&#039;\u00fas que fem de les cookies.<\/p>\n<\/div><\/div>\n\n<\/div><\/div>","protected":false},"excerpt":{"rendered":"<p>Pol\u00edtica de Cookies Nuestro sitio web perfilstar.com utiliza una tecnolog\u00eda llamada \u2018cookie\u2019, con el fin de poder obtener informaci\u00f3n sobre el uso del sitio web, mejorar la experiencia del usuario y garantizar el su correcto funcionamiento. Definici\u00f3n de Cookie Una \u2018cookie\u2019 es un peque\u00f1o fragmento de texto que los sitios web env\u00edan al navegador y&#8230;<\/p>","protected":false},"author":1,"featured_media":0,"parent":0,"menu_order":11,"comment_status":"closed","ping_status":"closed","template":"","meta":{"_kad_blocks_custom_css":"","_kad_blocks_head_custom_js":"","_kad_blocks_body_custom_js":"","_kad_blocks_footer_custom_js":"","_kad_post_transparent":"","_kad_post_title":"","_kad_post_layout":"","_kad_post_sidebar_id":"","_kad_post_content_style":"","_kad_post_vertical_padding":"","_kad_post_feature":"","_kad_post_feature_position":"","_kad_post_header":false,"_kad_post_footer":false,"footnotes":""},"class_list":["post-24","page","type-page","status-publish","hentry"],"yoast_head":"<!-- This site is optimized with the Yoast SEO plugin v21.2 - https:\/\/yoast.com\/wordpress\/plugins\/seo\/ -->\n<title>Pol\u00edtica de Cookies - Perfilstar<\/title>\n<meta name=\"robots\" content=\"index, follow, max-snippet:-1, max-image-preview:large, max-video-preview:-1\" \/>\n<link rel=\"canonical\" href=\"https:\/\/www.perfilstar.com\/ca\/politica-de-cookies\/\" \/>\n<meta property=\"og:locale\" content=\"ca_ES\" \/>\n<meta property=\"og:type\" content=\"article\" \/>\n<meta property=\"og:title\" content=\"Pol\u00edtica de Cookies - Perfilstar\" \/>\n<meta property=\"og:description\" content=\"Pol\u00edtica de Cookies Nuestro sitio web perfilstar.com utiliza una tecnolog\u00eda llamada \u2018cookie\u2019, con el fin de poder obtener informaci\u00f3n sobre el uso del sitio web, mejorar la experiencia del usuario y garantizar el su correcto funcionamiento. Definici\u00f3n de Cookie Una \u2018cookie\u2019 es un peque\u00f1o fragmento de texto que los sitios web env\u00edan al navegador y...\" \/>\n<meta property=\"og:url\" content=\"https:\/\/www.perfilstar.com\/ca\/politica-de-cookies\/\" \/>\n<meta property=\"og:site_name\" content=\"Perfilstar\" \/>\n<meta property=\"article:modified_time\" content=\"2023-04-13T20:01:05+00:00\" \/>\n<meta name=\"twitter:card\" content=\"summary_large_image\" \/>\n<meta name=\"twitter:label1\" content=\"Temps estimat de lectura\" \/>\n\t<meta name=\"twitter:data1\" content=\"6 minuts\" \/>\n<script type=\"application\/ld+json\" class=\"yoast-schema-graph\">{\"@context\":\"https:\/\/schema.org\",\"@graph\":[{\"@type\":\"WebPage\",\"@id\":\"https:\/\/www.perfilstar.com\/politica-de-cookies\/\",\"url\":\"https:\/\/www.perfilstar.com\/politica-de-cookies\/\",\"name\":\"Pol\u00edtica de Cookies - Perfilstar\",\"isPartOf\":{\"@id\":\"https:\/\/www.perfilstar.com\/#website\"},\"datePublished\":\"2023-03-27T06:20:29+00:00\",\"dateModified\":\"2023-04-13T20:01:05+00:00\",\"breadcrumb\":{\"@id\":\"https:\/\/www.perfilstar.com\/politica-de-cookies\/#breadcrumb\"},\"inLanguage\":\"ca\",\"potentialAction\":[{\"@type\":\"ReadAction\",\"target\":[\"https:\/\/www.perfilstar.com\/politica-de-cookies\/\"]}]},{\"@type\":\"BreadcrumbList\",\"@id\":\"https:\/\/www.perfilstar.com\/politica-de-cookies\/#breadcrumb\",\"itemListElement\":[{\"@type\":\"ListItem\",\"position\":1,\"name\":\"Portada\",\"item\":\"https:\/\/www.perfilstar.com\/\"},{\"@type\":\"ListItem\",\"position\":2,\"name\":\"Pol\u00edtica de Cookies\"}]},{\"@type\":\"WebSite\",\"@id\":\"https:\/\/www.perfilstar.com\/#website\",\"url\":\"https:\/\/www.perfilstar.com\/\",\"name\":\"Perfilstar\",\"description\":\"Fabricante de rodapi\u00e9s y juntas de mdf para tarimas de madera, laminadas y vin\u00edlicas de lvt. Rodapi\u00e9 y perfiles de uni\u00f3n para parquet.\",\"publisher\":{\"@id\":\"https:\/\/www.perfilstar.com\/#organization\"},\"potentialAction\":[{\"@type\":\"SearchAction\",\"target\":{\"@type\":\"EntryPoint\",\"urlTemplate\":\"https:\/\/www.perfilstar.com\/?s={search_term_string}\"},\"query-input\":\"required name=search_term_string\"}],\"inLanguage\":\"ca\"},{\"@type\":\"Organization\",\"@id\":\"https:\/\/www.perfilstar.com\/#organization\",\"name\":\"Perfilstar\",\"url\":\"https:\/\/www.perfilstar.com\/\",\"logo\":{\"@type\":\"ImageObject\",\"inLanguage\":\"ca\",\"@id\":\"https:\/\/www.perfilstar.com\/#\/schema\/logo\/image\/\",\"url\":\"https:\/\/www.perfilstar.com\/wp-content\/uploads\/2023\/04\/logo.png\",\"contentUrl\":\"https:\/\/www.perfilstar.com\/wp-content\/uploads\/2023\/04\/logo.png\",\"width\":223,\"height\":28,\"caption\":\"Perfilstar\"},\"image\":{\"@id\":\"https:\/\/www.perfilstar.com\/#\/schema\/logo\/image\/\"}}]}<\/script>\n<!-- \/ Yoast SEO plugin. -->","yoast_head_json":{"title":"Pol\u00edtica de Cookies - Perfilstar","robots":{"index":"index","follow":"follow","max-snippet":"max-snippet:-1","max-image-preview":"max-image-preview:large","max-video-preview":"max-video-preview:-1"},"canonical":"https:\/\/www.perfilstar.com\/ca\/politica-de-cookies\/","og_locale":"ca_ES","og_type":"article","og_title":"Pol\u00edtica de Cookies - Perfilstar","og_description":"Pol\u00edtica de Cookies Nuestro sitio web perfilstar.com utiliza una tecnolog\u00eda llamada \u2018cookie\u2019, con el fin de poder obtener informaci\u00f3n sobre el uso del sitio web, mejorar la experiencia del usuario y garantizar el su correcto funcionamiento. Definici\u00f3n de Cookie Una \u2018cookie\u2019 es un peque\u00f1o fragmento de texto que los sitios web env\u00edan al navegador y...","og_url":"https:\/\/www.perfilstar.com\/ca\/politica-de-cookies\/","og_site_name":"Perfilstar","article_modified_time":"2023-04-13T20:01:05+00:00","twitter_card":"summary_large_image","twitter_misc":{"Temps estimat de lectura":"6 minuts"},"schema":{"@context":"https:\/\/schema.org","@graph":[{"@type":"WebPage","@id":"https:\/\/www.perfilstar.com\/politica-de-cookies\/","url":"https:\/\/www.perfilstar.com\/politica-de-cookies\/","name":"Pol\u00edtica de Cookies - Perfilstar","isPartOf":{"@id":"https:\/\/www.perfilstar.com\/#website"},"datePublished":"2023-03-27T06:20:29+00:00","dateModified":"2023-04-13T20:01:05+00:00","breadcrumb":{"@id":"https:\/\/www.perfilstar.com\/politica-de-cookies\/#breadcrumb"},"inLanguage":"ca","potentialAction":[{"@type":"ReadAction","target":["https:\/\/www.perfilstar.com\/politica-de-cookies\/"]}]},{"@type":"BreadcrumbList","@id":"https:\/\/www.perfilstar.com\/politica-de-cookies\/#breadcrumb","itemListElement":[{"@type":"ListItem","position":1,"name":"Portada","item":"https:\/\/www.perfilstar.com\/"},{"@type":"ListItem","position":2,"name":"Pol\u00edtica de Cookies"}]},{"@type":"WebSite","@id":"https:\/\/www.perfilstar.com\/#website","url":"https:\/\/www.perfilstar.com\/","name":"Perfilstar","description":"Fabricante de rodapi\u00e9s y juntas de mdf para tarimas de madera, laminadas y vin\u00edlicas de lvt. Rodapi\u00e9 y perfiles de uni\u00f3n para parquet.","publisher":{"@id":"https:\/\/www.perfilstar.com\/#organization"},"potentialAction":[{"@type":"SearchAction","target":{"@type":"EntryPoint","urlTemplate":"https:\/\/www.perfilstar.com\/?s={search_term_string}"},"query-input":"required name=search_term_string"}],"inLanguage":"ca"},{"@type":"Organization","@id":"https:\/\/www.perfilstar.com\/#organization","name":"Perfilstar","url":"https:\/\/www.perfilstar.com\/","logo":{"@type":"ImageObject","inLanguage":"ca","@id":"https:\/\/www.perfilstar.com\/#\/schema\/logo\/image\/","url":"https:\/\/www.perfilstar.com\/wp-content\/uploads\/2023\/04\/logo.png","contentUrl":"https:\/\/www.perfilstar.com\/wp-content\/uploads\/2023\/04\/logo.png","width":223,"height":28,"caption":"Perfilstar"},"image":{"@id":"https:\/\/www.perfilstar.com\/#\/schema\/logo\/image\/"}}]}},"featured_image_src_large":false,"author_info":{"display_name":"eloi","author_link":"https:\/\/www.perfilstar.com\/ca\/author\/eloi\/"},"comment_info":0,"taxonomy_info":[],"_links":{"self":[{"href":"https:\/\/www.perfilstar.com\/ca\/wp-json\/wp\/v2\/pages\/24","targetHints":{"allow":["GET"]}}],"collection":[{"href":"https:\/\/www.perfilstar.com\/ca\/wp-json\/wp\/v2\/pages"}],"about":[{"href":"https:\/\/www.perfilstar.com\/ca\/wp-json\/wp\/v2\/types\/page"}],"author":[{"embeddable":true,"href":"https:\/\/www.perfilstar.com\/ca\/wp-json\/wp\/v2\/users\/1"}],"replies":[{"embeddable":true,"href":"https:\/\/www.perfilstar.com\/ca\/wp-json\/wp\/v2\/comments?post=24"}],"version-history":[{"count":0,"href":"https:\/\/www.perfilstar.com\/ca\/wp-json\/wp\/v2\/pages\/24\/revisions"}],"wp:attachment":[{"href":"https:\/\/www.perfilstar.com\/ca\/wp-json\/wp\/v2\/media?parent=24"}],"curies":[{"name":"wp","href":"https:\/\/api.w.org\/{rel}","templated":true}]}}