{"id":22,"date":"2023-03-27T06:20:11","date_gmt":"2023-03-27T06:20:11","guid":{"rendered":"https:\/\/www.perfilstar.com\/?page_id=22"},"modified":"2023-04-15T07:19:15","modified_gmt":"2023-04-15T07:19:15","slug":"aviso-legal","status":"publish","type":"page","link":"https:\/\/www.perfilstar.com\/ca\/aviso-legal\/","title":{"rendered":"Av\u00eds Legal"},"content":{"rendered":"<style>.kb-row-layout-id_d5e202-11 > .kt-row-column-wrap{align-content:center;}:where(.kb-row-layout-id_d5e202-11 > .kt-row-column-wrap) > .wp-block-kadence-column{justify-content:center;}.kb-row-layout-id_d5e202-11 > .kt-row-column-wrap{column-gap:var(--global-kb-gap-md, 2rem);row-gap:var(--global-kb-gap-md, 2rem);max-width:var( --global-content-width, 1290px );padding-left:var(--global-content-edge-padding);padding-right:var(--global-content-edge-padding);padding-top:var(--global-kb-spacing-5xl, 10rem);padding-bottom:var(--global-kb-spacing-xl, 4rem);min-height:200px;grid-template-columns:minmax(0, 1fr);}.kb-row-layout-id_d5e202-11 > .kt-row-layout-overlay{opacity:0.30;background-color:var(--global-palette3, #1A202C);background-image:url('http:\/\/orienthaispa.localhost\/wp-content\/uploads\/2023\/03\/masaje-descontracturante-energizing-esencial-1200.jpg');background-size:cover;background-position:center center;background-attachment:fixed;background-repeat:no-repeat;}@media all and (max-width: 1024px){.kb-row-layout-id_d5e202-11 > .kt-row-column-wrap{grid-template-columns:minmax(0, 1fr);}}@media all and (max-width: 767px){.kb-row-layout-id_d5e202-11 > .kt-row-column-wrap{min-height:400px;grid-template-columns:minmax(0, 1fr);}}<\/style><div class=\"kb-row-layout-wrap kb-row-layout-id_d5e202-11 alignnone has-theme-palette3-background-color kt-row-has-bg wp-block-kadence-rowlayout\"><div class=\"kt-blocks-carousel kb-blocks-bg-slider kt-carousel-container-dotstyle-dark\"><div class=\"kt-blocks-carousel-init kb-blocks-bg-slider-init kt-carousel-arrowstyle-none kt-carousel-dotstyle-dark\" data-slider-anim-speed=\"400\" data-slider-type=\"slider\" data-slider-scroll=\"1\" data-slider-arrows=\"false\" data-slider-fade=\"true\" data-slider-dots=\"true\" data-slider-hover-pause=\"false\" data-slider-auto=\"true\" data-slider-speed=\"7000\"><div class=\"kb-bg-slide-contain\"><div class=\"kb-bg-slide kb-bg-slide-0\" style=\"background-image:url(https:\/\/www.perfilstar.com\/wp-content\/uploads\/2023\/04\/IMG_0225-scaled.jpg); background-size:cover; background-position:center center; background-repeat:no-repeat;\"><\/div><\/div><\/div><\/div><div class=\"kt-row-layout-overlay kt-row-overlay-normal\"><\/div><div class=\"kt-row-column-wrap kt-has-1-columns kt-row-layout-equal kt-tab-layout-inherit kt-mobile-layout-row kt-row-valign-middle kb-theme-content-width\">\n<style>.kadence-column_407840-84 > .kt-inside-inner-col,.kadence-column_407840-84 > .kt-inside-inner-col:before{border-top-left-radius:0px;border-top-right-radius:0px;border-bottom-right-radius:0px;border-bottom-left-radius:0px;}.kadence-column_407840-84 > .kt-inside-inner-col:before{opacity:0.3;}.kadence-column_407840-84{position:relative;}<\/style>\n<div class=\"wp-block-kadence-column kadence-column_407840-84\"><div class=\"kt-inside-inner-col\"><style>.wp-block-kadence-advancedheading.kt-adv-heading_96f30d-87, .wp-block-kadence-advancedheading.kt-adv-heading_96f30d-87[data-kb-block=\"kb-adv-heading_96f30d-87\"]{text-align:center;font-size:var(--global-kb-font-size-xl, 3rem);line-height:1.2;font-style:normal;}.wp-block-kadence-advancedheading.kt-adv-heading_96f30d-87 mark, .wp-block-kadence-advancedheading.kt-adv-heading_96f30d-87[data-kb-block=\"kb-adv-heading_96f30d-87\"] mark{font-style:normal;color:#f76a0c;padding-top:0px;padding-right:0px;padding-bottom:0px;padding-left:0px;}@media all and (max-width: 767px){.wp-block-kadence-advancedheading.kt-adv-heading_96f30d-87, .wp-block-kadence-advancedheading.kt-adv-heading_96f30d-87[data-kb-block=\"kb-adv-heading_96f30d-87\"]{font-size:var(--global-kb-font-size-lg, 2rem);}}<\/style>\n<h1 class=\"kt-adv-heading_96f30d-87 wp-block-kadence-advancedheading has-theme-palette-9-color has-text-color\" data-kb-block=\"kb-adv-heading_96f30d-87\">Av\u00eds Legal<\/h1>\n<\/div><\/div>\n\n<\/div><\/div>\n\n<style>.kb-row-layout-id_ec4070-42 > .kt-row-column-wrap{align-content:start;}:where(.kb-row-layout-id_ec4070-42 > .kt-row-column-wrap) > .wp-block-kadence-column{justify-content:start;}.kb-row-layout-id_ec4070-42 > .kt-row-column-wrap{column-gap:var(--global-kb-gap-md, 2rem);row-gap:var(--global-kb-gap-md, 2rem);max-width:800px;margin-left:auto;margin-right:auto;padding-top:var(--global-kb-spacing-sm, 1.5rem);padding-bottom:var(--global-kb-spacing-xl, 4rem);grid-template-columns:minmax(0, 1fr);}.kb-row-layout-id_ec4070-42 > .kt-row-layout-overlay{opacity:0.30;}@media all and (max-width: 1024px){.kb-row-layout-id_ec4070-42 > .kt-row-column-wrap{grid-template-columns:minmax(0, 1fr);}}@media all and (max-width: 767px){.kb-row-layout-id_ec4070-42 > .kt-row-column-wrap{grid-template-columns:minmax(0, 1fr);}}<\/style><div class=\"kb-row-layout-wrap kb-row-layout-id_ec4070-42 alignnone wp-block-kadence-rowlayout\"><div class=\"kt-row-column-wrap kt-has-1-columns kt-row-layout-equal kt-tab-layout-inherit kt-mobile-layout-row kt-row-valign-top\">\n<style>.kadence-column_924f28-1d > .kt-inside-inner-col,.kadence-column_924f28-1d > .kt-inside-inner-col:before{border-top-left-radius:0px;border-top-right-radius:0px;border-bottom-right-radius:0px;border-bottom-left-radius:0px;}.kadence-column_924f28-1d > .kt-inside-inner-col:before{opacity:0.3;}.kadence-column_924f28-1d{position:relative;}<\/style>\n<div class=\"wp-block-kadence-column kadence-column_924f28-1d\"><div class=\"kt-inside-inner-col\">\n<p>En compliment de la Llei 34\/2002, de Serveis de la Societat de la Informaci\u00f3 i de Comer\u00e7 Electr\u00f2nic, l&#039;informem que aquesta p\u00e0gina web \u00e9s propietat de PERFILSTAR, SA, (d&#039;ara endavant EL &#034;TITULAR&#034;), amb CIF: A60507779, amb domicili a l&#039;Avinguda de la Torre d&#039;en Mateu 77, vaixells 4,5,6 Barber\u00e0 del Vall\u00e8s 08210; tel\u00e8fon <a href=\"tel: 34 93 729 11 39\">+34 93 729 11 39<\/a>.<\/p>\n\n\n\n<p><strong>PROPIETAT INTEL\u00b7LECTUAL I INDUSTRIAL<\/strong><\/p>\n\n\n\n<p>Els continguts d&#039;aquest lloc, incloent-hi els textos, imatges i dissenys gr\u00e0fics, pertanyen AL TITULAR, o a tercers que n&#039;han autoritzat el seu \u00fas. EL TITULAR presenta aquests continguts amb finalitats d&#039;informaci\u00f3 i promoci\u00f3. EL TITULAR autoritza la seva utilitzaci\u00f3 exclusivament amb aquestes finalitats. Qualsevol utilitzaci\u00f3 d&#039;aquests dissenys, imatges o textos haur\u00e0 de citar expressament la seva pertinen\u00e7a AL PROPIETARI, que es reserva el dret a iniciar les accions legals oportunes per reparar els danys i perjudicis causats per qualsevol acte que vulneri els seus drets de propietat intel\u00b7lectual o industrial.<\/p>\n\n\n\n<p><strong>EXCLUSI\u00d3 DE RESPONSABILITAT<\/strong><\/p>\n\n\n\n<p>EL TITULAR actua amb la m\u00e0xima dilig\u00e8ncia possible, de manera que les dades i la informaci\u00f3 que ofereix en el seu web \u00e9s la vigent i en la presa de temps, per\u00f2 no garanteix ni es fa responsable de l&#039;exactitud i actualitzaci\u00f3 dels continguts de la web, i es reserva el dret a modificar aquests continguts en qualsevol moment. EL PROPIETARI no ser\u00e0 responsable de la informaci\u00f3 que es pot obtenir a trav\u00e9s d&#039;enlla\u00e7os inclosos en el lloc web.<\/p>\n\n\n\n<p>Les relacions comercials amb els clients es regir\u00e0 per les Condicions Generals que, en el seu cas, puguin ser establerts per part de L&#039;empresa en un document concret a aquest efecte, o per acords concrets que podria ser acordats amb els clients.<\/p>\n\n\n\n<p><strong>TERMES D&#039;\u00daS<\/strong><\/p>\n\n\n\n<p>L&#039;\u00fas d&#039;aquest web implica l&#039;acceptaci\u00f3 plena dels termes i condicions del present av\u00eds legal. Els possibles conflictes relatius a aquest web es regiran exclusivament pel dret de l&#039;Estat espanyol. Tots els usuaris de la p\u00e0gina web, independentment de la jurisdicci\u00f3 territorial des de la qual es produeixi el seu acc\u00e9s, accepta el compliment i respecte d&#039;aquests termes i condicions, amb ren\u00fancia expressa a qualsevol altre fur que li pogu\u00e9s correspondre.<\/p>\n<\/div><\/div>\n\n<\/div><\/div>","protected":false},"excerpt":{"rendered":"<p>Aviso legal De conformidad con la Ley 34\/2002, de Servicios de la Sociedad de la Informaci\u00f3n y de Comercio Electr\u00f3nico, le informamos que esta web es titularidad de PERFILSTAR, S.A., (en adelante \u201cEL TITULAR\u201d), con CIF: A60507779, con domicilio en Avenida Torre d&#8217;en Mateu 77, naves 4,5,6 Barbera del Valles 08210; tel\u00e9fono +34 93 729&#8230;<\/p>","protected":false},"author":1,"featured_media":0,"parent":0,"menu_order":12,"comment_status":"closed","ping_status":"closed","template":"","meta":{"_kad_blocks_custom_css":"","_kad_blocks_head_custom_js":"","_kad_blocks_body_custom_js":"","_kad_blocks_footer_custom_js":"","_kad_post_transparent":"","_kad_post_title":"","_kad_post_layout":"","_kad_post_sidebar_id":"","_kad_post_content_style":"","_kad_post_vertical_padding":"","_kad_post_feature":"","_kad_post_feature_position":"","_kad_post_header":false,"_kad_post_footer":false,"footnotes":""},"class_list":["post-22","page","type-page","status-publish","hentry"],"yoast_head":"<!-- This site is optimized with the Yoast SEO plugin v21.2 - https:\/\/yoast.com\/wordpress\/plugins\/seo\/ -->\n<title>Aviso legal - Perfilstar<\/title>\n<meta name=\"robots\" content=\"index, follow, max-snippet:-1, max-image-preview:large, max-video-preview:-1\" \/>\n<link rel=\"canonical\" href=\"https:\/\/www.perfilstar.com\/ca\/aviso-legal\/\" \/>\n<meta property=\"og:locale\" content=\"ca_ES\" \/>\n<meta property=\"og:type\" content=\"article\" \/>\n<meta property=\"og:title\" content=\"Aviso legal - Perfilstar\" \/>\n<meta property=\"og:description\" content=\"Aviso legal De conformidad con la Ley 34\/2002, de Servicios de la Sociedad de la Informaci\u00f3n y de Comercio Electr\u00f3nico, le informamos que esta web es titularidad de PERFILSTAR, S.A., (en adelante \u201cEL TITULAR\u201d), con CIF: A60507779, con domicilio en Avenida Torre d&#8217;en Mateu 77, naves 4,5,6 Barbera del Valles 08210; tel\u00e9fono +34 93 729...\" \/>\n<meta property=\"og:url\" content=\"https:\/\/www.perfilstar.com\/ca\/aviso-legal\/\" \/>\n<meta property=\"og:site_name\" content=\"Perfilstar\" \/>\n<meta property=\"article:modified_time\" content=\"2023-04-15T07:19:15+00:00\" \/>\n<meta name=\"twitter:card\" content=\"summary_large_image\" \/>\n<meta name=\"twitter:label1\" content=\"Temps estimat de lectura\" \/>\n\t<meta name=\"twitter:data1\" content=\"2 minuts\" \/>\n<script type=\"application\/ld+json\" class=\"yoast-schema-graph\">{\"@context\":\"https:\/\/schema.org\",\"@graph\":[{\"@type\":\"WebPage\",\"@id\":\"https:\/\/www.perfilstar.com\/aviso-legal\/\",\"url\":\"https:\/\/www.perfilstar.com\/aviso-legal\/\",\"name\":\"Aviso legal - Perfilstar\",\"isPartOf\":{\"@id\":\"https:\/\/www.perfilstar.com\/#website\"},\"datePublished\":\"2023-03-27T06:20:11+00:00\",\"dateModified\":\"2023-04-15T07:19:15+00:00\",\"breadcrumb\":{\"@id\":\"https:\/\/www.perfilstar.com\/aviso-legal\/#breadcrumb\"},\"inLanguage\":\"ca\",\"potentialAction\":[{\"@type\":\"ReadAction\",\"target\":[\"https:\/\/www.perfilstar.com\/aviso-legal\/\"]}]},{\"@type\":\"BreadcrumbList\",\"@id\":\"https:\/\/www.perfilstar.com\/aviso-legal\/#breadcrumb\",\"itemListElement\":[{\"@type\":\"ListItem\",\"position\":1,\"name\":\"Portada\",\"item\":\"https:\/\/www.perfilstar.com\/\"},{\"@type\":\"ListItem\",\"position\":2,\"name\":\"Aviso legal\"}]},{\"@type\":\"WebSite\",\"@id\":\"https:\/\/www.perfilstar.com\/#website\",\"url\":\"https:\/\/www.perfilstar.com\/\",\"name\":\"Perfilstar\",\"description\":\"Fabricante de rodapi\u00e9s y juntas de mdf para tarimas de madera, laminadas y vin\u00edlicas de lvt. Rodapi\u00e9 y perfiles de uni\u00f3n para parquet.\",\"publisher\":{\"@id\":\"https:\/\/www.perfilstar.com\/#organization\"},\"potentialAction\":[{\"@type\":\"SearchAction\",\"target\":{\"@type\":\"EntryPoint\",\"urlTemplate\":\"https:\/\/www.perfilstar.com\/?s={search_term_string}\"},\"query-input\":\"required name=search_term_string\"}],\"inLanguage\":\"ca\"},{\"@type\":\"Organization\",\"@id\":\"https:\/\/www.perfilstar.com\/#organization\",\"name\":\"Perfilstar\",\"url\":\"https:\/\/www.perfilstar.com\/\",\"logo\":{\"@type\":\"ImageObject\",\"inLanguage\":\"ca\",\"@id\":\"https:\/\/www.perfilstar.com\/#\/schema\/logo\/image\/\",\"url\":\"https:\/\/www.perfilstar.com\/wp-content\/uploads\/2023\/04\/logo.png\",\"contentUrl\":\"https:\/\/www.perfilstar.com\/wp-content\/uploads\/2023\/04\/logo.png\",\"width\":223,\"height\":28,\"caption\":\"Perfilstar\"},\"image\":{\"@id\":\"https:\/\/www.perfilstar.com\/#\/schema\/logo\/image\/\"}}]}<\/script>\n<!-- \/ Yoast SEO plugin. -->","yoast_head_json":{"title":"Aviso legal - Perfilstar","robots":{"index":"index","follow":"follow","max-snippet":"max-snippet:-1","max-image-preview":"max-image-preview:large","max-video-preview":"max-video-preview:-1"},"canonical":"https:\/\/www.perfilstar.com\/ca\/aviso-legal\/","og_locale":"ca_ES","og_type":"article","og_title":"Aviso legal - Perfilstar","og_description":"Aviso legal De conformidad con la Ley 34\/2002, de Servicios de la Sociedad de la Informaci\u00f3n y de Comercio Electr\u00f3nico, le informamos que esta web es titularidad de PERFILSTAR, S.A., (en adelante \u201cEL TITULAR\u201d), con CIF: A60507779, con domicilio en Avenida Torre d&#8217;en Mateu 77, naves 4,5,6 Barbera del Valles 08210; tel\u00e9fono +34 93 729...","og_url":"https:\/\/www.perfilstar.com\/ca\/aviso-legal\/","og_site_name":"Perfilstar","article_modified_time":"2023-04-15T07:19:15+00:00","twitter_card":"summary_large_image","twitter_misc":{"Temps estimat de lectura":"2 minuts"},"schema":{"@context":"https:\/\/schema.org","@graph":[{"@type":"WebPage","@id":"https:\/\/www.perfilstar.com\/aviso-legal\/","url":"https:\/\/www.perfilstar.com\/aviso-legal\/","name":"Aviso legal - Perfilstar","isPartOf":{"@id":"https:\/\/www.perfilstar.com\/#website"},"datePublished":"2023-03-27T06:20:11+00:00","dateModified":"2023-04-15T07:19:15+00:00","breadcrumb":{"@id":"https:\/\/www.perfilstar.com\/aviso-legal\/#breadcrumb"},"inLanguage":"ca","potentialAction":[{"@type":"ReadAction","target":["https:\/\/www.perfilstar.com\/aviso-legal\/"]}]},{"@type":"BreadcrumbList","@id":"https:\/\/www.perfilstar.com\/aviso-legal\/#breadcrumb","itemListElement":[{"@type":"ListItem","position":1,"name":"Portada","item":"https:\/\/www.perfilstar.com\/"},{"@type":"ListItem","position":2,"name":"Aviso legal"}]},{"@type":"WebSite","@id":"https:\/\/www.perfilstar.com\/#website","url":"https:\/\/www.perfilstar.com\/","name":"Perfilstar","description":"Fabricante de rodapi\u00e9s y juntas de mdf para tarimas de madera, laminadas y vin\u00edlicas de lvt. Rodapi\u00e9 y perfiles de uni\u00f3n para parquet.","publisher":{"@id":"https:\/\/www.perfilstar.com\/#organization"},"potentialAction":[{"@type":"SearchAction","target":{"@type":"EntryPoint","urlTemplate":"https:\/\/www.perfilstar.com\/?s={search_term_string}"},"query-input":"required name=search_term_string"}],"inLanguage":"ca"},{"@type":"Organization","@id":"https:\/\/www.perfilstar.com\/#organization","name":"Perfilstar","url":"https:\/\/www.perfilstar.com\/","logo":{"@type":"ImageObject","inLanguage":"ca","@id":"https:\/\/www.perfilstar.com\/#\/schema\/logo\/image\/","url":"https:\/\/www.perfilstar.com\/wp-content\/uploads\/2023\/04\/logo.png","contentUrl":"https:\/\/www.perfilstar.com\/wp-content\/uploads\/2023\/04\/logo.png","width":223,"height":28,"caption":"Perfilstar"},"image":{"@id":"https:\/\/www.perfilstar.com\/#\/schema\/logo\/image\/"}}]}},"featured_image_src_large":false,"author_info":{"display_name":"eloi","author_link":"https:\/\/www.perfilstar.com\/ca\/author\/eloi\/"},"comment_info":0,"taxonomy_info":[],"_links":{"self":[{"href":"https:\/\/www.perfilstar.com\/ca\/wp-json\/wp\/v2\/pages\/22","targetHints":{"allow":["GET"]}}],"collection":[{"href":"https:\/\/www.perfilstar.com\/ca\/wp-json\/wp\/v2\/pages"}],"about":[{"href":"https:\/\/www.perfilstar.com\/ca\/wp-json\/wp\/v2\/types\/page"}],"author":[{"embeddable":true,"href":"https:\/\/www.perfilstar.com\/ca\/wp-json\/wp\/v2\/users\/1"}],"replies":[{"embeddable":true,"href":"https:\/\/www.perfilstar.com\/ca\/wp-json\/wp\/v2\/comments?post=22"}],"version-history":[{"count":0,"href":"https:\/\/www.perfilstar.com\/ca\/wp-json\/wp\/v2\/pages\/22\/revisions"}],"wp:attachment":[{"href":"https:\/\/www.perfilstar.com\/ca\/wp-json\/wp\/v2\/media?parent=22"}],"curies":[{"name":"wp","href":"https:\/\/api.w.org\/{rel}","templated":true}]}}